{"id":613,"date":"2022-01-31T15:15:05","date_gmt":"2022-01-31T14:15:05","guid":{"rendered":"https:\/\/baerbel-hoehn.de\/?page_id=613"},"modified":"2022-02-01T12:06:41","modified_gmt":"2022-02-01T11:06:41","slug":"global-renewables-congress","status":"publish","type":"page","link":"https:\/\/baerbel-hoehn.de\/en\/global-renewables-congress\/","title":{"rendered":"Global Renewables Congress"},"content":{"rendered":"<p>In 2018, I developed and implemented the idea for a worldwide network of parliamentarians who are committed to 100% renewable energies together with a team from the World Future Council in Hamburg. Since then, I have been the chairperson. I also do this on an honorary basis.<\/p>\n<h4><strong>Renewable energy is better than coal and oil<\/strong><\/h4>\n<p>We know that renewable energies are cheaper than oil or coal, that the sun and the wind do not write a bill, so a country with renewable energies makes itself less dependent on expensive fossil imports, renewable energies are installed very quickly, a lot of jobs and income for the local population can be created with it and they are also climate-friendly. In addition, women in particular benefit from decentralized solutions.<\/p>\n<figure id=\"attachment_581\" aria-describedby=\"caption-attachment-581\" style=\"width: 525px\" class=\"wp-caption alignnone\"><img loading=\"lazy\" decoding=\"async\" class=\"wp-image-581 size-large\" src=\"https:\/\/baerbel-hoehn.de\/wp-content\/uploads\/2022\/01\/IMG_3327-1024x768.jpeg\" alt=\"Photovoltaikanlage mit lokalem Netz f\u00fcr ein Dorf in Mali, finanziell unterst\u00fctzt von der KfW\" width=\"525\" height=\"394\" srcset=\"https:\/\/baerbel-hoehn.de\/wp-content\/uploads\/2022\/01\/IMG_3327-1024x768.jpeg 1024w, https:\/\/baerbel-hoehn.de\/wp-content\/uploads\/2022\/01\/IMG_3327-300x225.jpeg 300w, https:\/\/baerbel-hoehn.de\/wp-content\/uploads\/2022\/01\/IMG_3327-768x576.jpeg 768w, https:\/\/baerbel-hoehn.de\/wp-content\/uploads\/2022\/01\/IMG_3327-1536x1152.jpeg 1536w, https:\/\/baerbel-hoehn.de\/wp-content\/uploads\/2022\/01\/IMG_3327.jpeg 1920w\" sizes=\"auto, (max-width: 525px) 100vw, 525px\" \/><figcaption id=\"caption-attachment-581\" class=\"wp-caption-text\">photovoltaic system for a village in Mali, financially supported by KfW (pic: private)<\/figcaption><\/figure>\n<p>Despite the many advantages, renewable energies are not yet asserting themselves quickly enough against fossil solutions, because the lobby has a lot of influence and their advertising for large-scale projects still catches up with the politicians.<\/p>\n<h4><strong>Parliamentariens are the bridge<\/strong><\/h4>\n<p>Parliamentarians therefore play a major role in the development of decentralised systems. They are the bridge between the local level, which benefits from renewable energies, and the national level. They can remove existing blockages, restrictions or other disadvantages for renewable energies through the corresponding legislation. The decisive factor is the political will to rely on renewable energies instead of coal or oil.<\/p>\n<p>With our cross-party network, we offer the exchange of good ideas, conduct studies for individual countries and organize congresses or seminars to develop practical solutions.<\/p>\n<p><strong style=\"font-size: 1rem;\">Three Examples<\/strong><\/p>\n<p>In <strong>Minnesota<\/strong>, we work with the university, and in particular with the senator who chairs the Energy Committee. For example, he organized a conference with representatives from 11 countries from the USA and Canada, with whom we discussed the advantages of the energy transition for rural areas. Since we find bipartisan work very important, it was a great success that the Republican senator took the initiative to work with his Democratic Energy Committee Chairman from the House of Representatives to develop an energy concept for Minnesota. This initiative was both published in January 2020 in the local newspaper, the month of Biden&#8217;s seizure of power at the national level.<\/p>\n<figure id=\"attachment_577\" aria-describedby=\"caption-attachment-577\" style=\"width: 525px\" class=\"wp-caption alignnone\"><img loading=\"lazy\" decoding=\"async\" class=\"size-large wp-image-577\" src=\"https:\/\/baerbel-hoehn.de\/wp-content\/uploads\/2022\/01\/IMG_2730-1024x768.jpg\" alt=\"Begr\u00fc\u00dfung w\u00e4hrend einer Videokonferenz mit unserem Senator aus Minnesota.\" width=\"525\" height=\"394\" srcset=\"https:\/\/baerbel-hoehn.de\/wp-content\/uploads\/2022\/01\/IMG_2730-1024x768.jpg 1024w, https:\/\/baerbel-hoehn.de\/wp-content\/uploads\/2022\/01\/IMG_2730-300x225.jpg 300w, https:\/\/baerbel-hoehn.de\/wp-content\/uploads\/2022\/01\/IMG_2730-768x576.jpg 768w, https:\/\/baerbel-hoehn.de\/wp-content\/uploads\/2022\/01\/IMG_2730-1536x1152.jpg 1536w, https:\/\/baerbel-hoehn.de\/wp-content\/uploads\/2022\/01\/IMG_2730.jpg 1920w\" sizes=\"auto, (max-width: 525px) 100vw, 525px\" \/><figcaption id=\"caption-attachment-577\" class=\"wp-caption-text\">video conference with our partner, the Senator from Minnesota (pic: private)<\/figcaption><\/figure>\n<p>In <strong>Sierra Leone<\/strong>, thanks to the great commitment of a representative, we held an important conference at which the President gave the opening speech. Representatives of the governments, the parliaments as well as from the economies of <strong>Sierra Leone<\/strong>, <strong>Liberia<\/strong>, <strong>C\u00f4te d&#8217;Ivoire<\/strong> and <strong>Guinea<\/strong> spent two days discussing how renewable energies can be better anchored in the countries.<\/p>\n<figure id=\"attachment_583\" aria-describedby=\"caption-attachment-583\" style=\"width: 525px\" class=\"wp-caption alignnone\"><img loading=\"lazy\" decoding=\"async\" class=\"size-large wp-image-583\" src=\"https:\/\/baerbel-hoehn.de\/wp-content\/uploads\/2022\/01\/IMG_4208-1024x768.jpeg\" alt=\"Parlamentarier*innen aus den vier L\u00e4ndern, die an der Konferenz in Sierra Leone teilgenommen haben mit den GRC Vertreter*innen\" width=\"525\" height=\"394\" srcset=\"https:\/\/baerbel-hoehn.de\/wp-content\/uploads\/2022\/01\/IMG_4208-1024x768.jpeg 1024w, https:\/\/baerbel-hoehn.de\/wp-content\/uploads\/2022\/01\/IMG_4208-300x225.jpeg 300w, https:\/\/baerbel-hoehn.de\/wp-content\/uploads\/2022\/01\/IMG_4208-768x576.jpeg 768w, https:\/\/baerbel-hoehn.de\/wp-content\/uploads\/2022\/01\/IMG_4208-1536x1152.jpeg 1536w, https:\/\/baerbel-hoehn.de\/wp-content\/uploads\/2022\/01\/IMG_4208.jpeg 1920w\" sizes=\"auto, (max-width: 525px) 100vw, 525px\" \/><figcaption id=\"caption-attachment-583\" class=\"wp-caption-text\">parliamentarians from four countries at a conference in Sierra Leone (pic: private)<\/figcaption><\/figure>\n<p>In the coming years, we will place a special focus on Asia. We work closely with the <strong>Climate Vulnerable Forum<\/strong> (CVF), the association of 48 countries that are particularly affected by the climate crisis. There, we want to work in particular with parliamentarians from <strong>Bangladesh<\/strong>, the <strong>Philippines<\/strong>, <strong>Indonesia<\/strong> and <strong>Nepal<\/strong> and take up renewable energies as a solution to the climate crisis in various committees, i.e. also tackle them across sectors.<\/p>\n<figure id=\"attachment_587\" aria-describedby=\"caption-attachment-587\" style=\"width: 525px\" class=\"wp-caption alignnone\"><img loading=\"lazy\" decoding=\"async\" class=\"size-large wp-image-587\" src=\"https:\/\/baerbel-hoehn.de\/wp-content\/uploads\/2022\/01\/IMG_5151-1024x768.jpeg\" alt=\"Diskussion auf dem Parlamentarier*innentreffen w\u00e4hrend der IRENA Konferenz.\" width=\"525\" height=\"394\" srcset=\"https:\/\/baerbel-hoehn.de\/wp-content\/uploads\/2022\/01\/IMG_5151-1024x768.jpeg 1024w, https:\/\/baerbel-hoehn.de\/wp-content\/uploads\/2022\/01\/IMG_5151-300x225.jpeg 300w, https:\/\/baerbel-hoehn.de\/wp-content\/uploads\/2022\/01\/IMG_5151-768x576.jpeg 768w, https:\/\/baerbel-hoehn.de\/wp-content\/uploads\/2022\/01\/IMG_5151-1536x1152.jpeg 1536w, https:\/\/baerbel-hoehn.de\/wp-content\/uploads\/2022\/01\/IMG_5151.jpeg 1920w\" sizes=\"auto, (max-width: 525px) 100vw, 525px\" \/><figcaption id=\"caption-attachment-587\" class=\"wp-caption-text\">debate with parliamentarians at the IRENA conference (pic: private)<\/figcaption><\/figure>\n","protected":false},"excerpt":{"rendered":"<p>In 2018, I developed and implemented the idea for a worldwide network of parliamentarians who are committed to 100% renewable energies together with a team from the World Future Council in Hamburg. Since then, I have been the chairperson. I also do this on an honorary basis. Renewable energy is better than coal and oil &hellip; <\/p>\n<p class=\"link-more\"><a href=\"https:\/\/baerbel-hoehn.de\/en\/global-renewables-congress\/\" class=\"more-link\">Continue reading<span class=\"screen-reader-text\"> &#8220;Global Renewables Congress&#8221;<\/span><\/a><\/p>\n","protected":false},"author":4,"featured_media":0,"parent":0,"menu_order":3,"comment_status":"closed","ping_status":"closed","template":"","meta":{"footnotes":""},"class_list":["post-613","page","type-page","status-publish","hentry"],"yoast_head":"<!-- This site is optimized with the Yoast SEO plugin v26.8 - https:\/\/yoast.com\/product\/yoast-seo-wordpress\/ -->\n<title>Global Renewables Congress - B\u00e4rbel H\u00f6hn<\/title>\n<meta name=\"description\" content=\"Die Idee f\u00fcr ein weltweites Netzwerk von Parlamentarier*innen, die sich f\u00fcr 100% Erneuerbare Energien einsetzen, habe ich 2018 initiiert.\" \/>\n<meta name=\"robots\" content=\"index, follow, max-snippet:-1, max-image-preview:large, max-video-preview:-1\" \/>\n<link rel=\"canonical\" href=\"https:\/\/baerbel-hoehn.de\/en\/global-renewables-congress\/\" \/>\n<meta property=\"og:locale\" content=\"en_US\" \/>\n<meta property=\"og:type\" content=\"article\" \/>\n<meta property=\"og:title\" content=\"Global Renewables Congress - B\u00e4rbel H\u00f6hn\" \/>\n<meta property=\"og:description\" content=\"Die Idee f\u00fcr ein weltweites Netzwerk von Parlamentarier*innen, die sich f\u00fcr 100% Erneuerbare Energien einsetzen, habe ich 2018 initiiert.\" \/>\n<meta property=\"og:url\" content=\"https:\/\/baerbel-hoehn.de\/en\/global-renewables-congress\/\" \/>\n<meta property=\"og:site_name\" content=\"B\u00e4rbel H\u00f6hn\" \/>\n<meta property=\"article:modified_time\" content=\"2022-02-01T11:06:41+00:00\" \/>\n<meta property=\"og:image\" content=\"https:\/\/baerbel-hoehn.de\/wp-content\/uploads\/2022\/01\/IMG_3327-1024x768.jpeg\" \/>\n<meta name=\"twitter:card\" content=\"summary_large_image\" \/>\n<meta name=\"twitter:label1\" content=\"Est. reading time\" \/>\n\t<meta name=\"twitter:data1\" content=\"4 minutes\" \/>\n<script type=\"application\/ld+json\" class=\"yoast-schema-graph\">{\"@context\":\"https:\/\/schema.org\",\"@graph\":[{\"@type\":\"WebPage\",\"@id\":\"https:\/\/baerbel-hoehn.de\/en\/global-renewables-congress\/\",\"url\":\"https:\/\/baerbel-hoehn.de\/en\/global-renewables-congress\/\",\"name\":\"Global Renewables Congress - B\u00e4rbel H\u00f6hn\",\"isPartOf\":{\"@id\":\"https:\/\/baerbel-hoehn.de\/en\/#website\"},\"primaryImageOfPage\":{\"@id\":\"https:\/\/baerbel-hoehn.de\/en\/global-renewables-congress\/#primaryimage\"},\"image\":{\"@id\":\"https:\/\/baerbel-hoehn.de\/en\/global-renewables-congress\/#primaryimage\"},\"thumbnailUrl\":\"https:\/\/baerbel-hoehn.de\/wp-content\/uploads\/2022\/01\/IMG_3327-1024x768.jpeg\",\"datePublished\":\"2022-01-31T14:15:05+00:00\",\"dateModified\":\"2022-02-01T11:06:41+00:00\",\"description\":\"Die Idee f\u00fcr ein weltweites Netzwerk von Parlamentarier*innen, die sich f\u00fcr 100% Erneuerbare Energien einsetzen, habe ich 2018 initiiert.\",\"breadcrumb\":{\"@id\":\"https:\/\/baerbel-hoehn.de\/en\/global-renewables-congress\/#breadcrumb\"},\"inLanguage\":\"en-US\",\"potentialAction\":[{\"@type\":\"ReadAction\",\"target\":[\"https:\/\/baerbel-hoehn.de\/en\/global-renewables-congress\/\"]}]},{\"@type\":\"ImageObject\",\"inLanguage\":\"en-US\",\"@id\":\"https:\/\/baerbel-hoehn.de\/en\/global-renewables-congress\/#primaryimage\",\"url\":\"https:\/\/baerbel-hoehn.de\/wp-content\/uploads\/2022\/01\/IMG_3327-1024x768.jpeg\",\"contentUrl\":\"https:\/\/baerbel-hoehn.de\/wp-content\/uploads\/2022\/01\/IMG_3327-1024x768.jpeg\"},{\"@type\":\"BreadcrumbList\",\"@id\":\"https:\/\/baerbel-hoehn.de\/en\/global-renewables-congress\/#breadcrumb\",\"itemListElement\":[{\"@type\":\"ListItem\",\"position\":1,\"name\":\"Startseite\",\"item\":\"https:\/\/baerbel-hoehn.de\/en\/\"},{\"@type\":\"ListItem\",\"position\":2,\"name\":\"Global Renewables Congress\"}]},{\"@type\":\"WebSite\",\"@id\":\"https:\/\/baerbel-hoehn.de\/en\/#website\",\"url\":\"https:\/\/baerbel-hoehn.de\/en\/\",\"name\":\"B\u00e4rbel H\u00f6hn\",\"description\":\"100 Percent Renewable Energies - For All!\",\"potentialAction\":[{\"@type\":\"SearchAction\",\"target\":{\"@type\":\"EntryPoint\",\"urlTemplate\":\"https:\/\/baerbel-hoehn.de\/en\/?s={search_term_string}\"},\"query-input\":{\"@type\":\"PropertyValueSpecification\",\"valueRequired\":true,\"valueName\":\"search_term_string\"}}],\"inLanguage\":\"en-US\"}]}<\/script>\n<!-- \/ Yoast SEO plugin. -->","yoast_head_json":{"title":"Global Renewables Congress - B\u00e4rbel H\u00f6hn","description":"Die Idee f\u00fcr ein weltweites Netzwerk von Parlamentarier*innen, die sich f\u00fcr 100% Erneuerbare Energien einsetzen, habe ich 2018 initiiert.","robots":{"index":"index","follow":"follow","max-snippet":"max-snippet:-1","max-image-preview":"max-image-preview:large","max-video-preview":"max-video-preview:-1"},"canonical":"https:\/\/baerbel-hoehn.de\/en\/global-renewables-congress\/","og_locale":"en_US","og_type":"article","og_title":"Global Renewables Congress - B\u00e4rbel H\u00f6hn","og_description":"Die Idee f\u00fcr ein weltweites Netzwerk von Parlamentarier*innen, die sich f\u00fcr 100% Erneuerbare Energien einsetzen, habe ich 2018 initiiert.","og_url":"https:\/\/baerbel-hoehn.de\/en\/global-renewables-congress\/","og_site_name":"B\u00e4rbel H\u00f6hn","article_modified_time":"2022-02-01T11:06:41+00:00","og_image":[{"url":"https:\/\/baerbel-hoehn.de\/wp-content\/uploads\/2022\/01\/IMG_3327-1024x768.jpeg","type":"","width":"","height":""}],"twitter_card":"summary_large_image","twitter_misc":{"Est. reading time":"4 minutes"},"schema":{"@context":"https:\/\/schema.org","@graph":[{"@type":"WebPage","@id":"https:\/\/baerbel-hoehn.de\/en\/global-renewables-congress\/","url":"https:\/\/baerbel-hoehn.de\/en\/global-renewables-congress\/","name":"Global Renewables Congress - B\u00e4rbel H\u00f6hn","isPartOf":{"@id":"https:\/\/baerbel-hoehn.de\/en\/#website"},"primaryImageOfPage":{"@id":"https:\/\/baerbel-hoehn.de\/en\/global-renewables-congress\/#primaryimage"},"image":{"@id":"https:\/\/baerbel-hoehn.de\/en\/global-renewables-congress\/#primaryimage"},"thumbnailUrl":"https:\/\/baerbel-hoehn.de\/wp-content\/uploads\/2022\/01\/IMG_3327-1024x768.jpeg","datePublished":"2022-01-31T14:15:05+00:00","dateModified":"2022-02-01T11:06:41+00:00","description":"Die Idee f\u00fcr ein weltweites Netzwerk von Parlamentarier*innen, die sich f\u00fcr 100% Erneuerbare Energien einsetzen, habe ich 2018 initiiert.","breadcrumb":{"@id":"https:\/\/baerbel-hoehn.de\/en\/global-renewables-congress\/#breadcrumb"},"inLanguage":"en-US","potentialAction":[{"@type":"ReadAction","target":["https:\/\/baerbel-hoehn.de\/en\/global-renewables-congress\/"]}]},{"@type":"ImageObject","inLanguage":"en-US","@id":"https:\/\/baerbel-hoehn.de\/en\/global-renewables-congress\/#primaryimage","url":"https:\/\/baerbel-hoehn.de\/wp-content\/uploads\/2022\/01\/IMG_3327-1024x768.jpeg","contentUrl":"https:\/\/baerbel-hoehn.de\/wp-content\/uploads\/2022\/01\/IMG_3327-1024x768.jpeg"},{"@type":"BreadcrumbList","@id":"https:\/\/baerbel-hoehn.de\/en\/global-renewables-congress\/#breadcrumb","itemListElement":[{"@type":"ListItem","position":1,"name":"Startseite","item":"https:\/\/baerbel-hoehn.de\/en\/"},{"@type":"ListItem","position":2,"name":"Global Renewables Congress"}]},{"@type":"WebSite","@id":"https:\/\/baerbel-hoehn.de\/en\/#website","url":"https:\/\/baerbel-hoehn.de\/en\/","name":"B\u00e4rbel H\u00f6hn","description":"100 Percent Renewable Energies - For All!","potentialAction":[{"@type":"SearchAction","target":{"@type":"EntryPoint","urlTemplate":"https:\/\/baerbel-hoehn.de\/en\/?s={search_term_string}"},"query-input":{"@type":"PropertyValueSpecification","valueRequired":true,"valueName":"search_term_string"}}],"inLanguage":"en-US"}]}},"_links":{"self":[{"href":"https:\/\/baerbel-hoehn.de\/en\/wp-json\/wp\/v2\/pages\/613","targetHints":{"allow":["GET"]}}],"collection":[{"href":"https:\/\/baerbel-hoehn.de\/en\/wp-json\/wp\/v2\/pages"}],"about":[{"href":"https:\/\/baerbel-hoehn.de\/en\/wp-json\/wp\/v2\/types\/page"}],"author":[{"embeddable":true,"href":"https:\/\/baerbel-hoehn.de\/en\/wp-json\/wp\/v2\/users\/4"}],"replies":[{"embeddable":true,"href":"https:\/\/baerbel-hoehn.de\/en\/wp-json\/wp\/v2\/comments?post=613"}],"version-history":[{"count":4,"href":"https:\/\/baerbel-hoehn.de\/en\/wp-json\/wp\/v2\/pages\/613\/revisions"}],"predecessor-version":[{"id":623,"href":"https:\/\/baerbel-hoehn.de\/en\/wp-json\/wp\/v2\/pages\/613\/revisions\/623"}],"wp:attachment":[{"href":"https:\/\/baerbel-hoehn.de\/en\/wp-json\/wp\/v2\/media?parent=613"}],"curies":[{"name":"wp","href":"https:\/\/api.w.org\/{rel}","templated":true}]}}