{"id":196,"date":"2017-10-31T17:52:04","date_gmt":"2017-10-31T16:52:04","guid":{"rendered":"https:\/\/baerbel-hoehn.de\/?page_id=196"},"modified":"2022-03-12T22:19:42","modified_gmt":"2022-03-12T21:19:42","slug":"energyrepresentative-africa","status":"publish","type":"page","link":"https:\/\/baerbel-hoehn.de\/en\/energyrepresentative-africa\/","title":{"rendered":"Green People&#8217;s Energy"},"content":{"rendered":"<h4>Special Representative for Energy in Africa<\/h4>\n<p>Since January 2017, I have been working on an honorary basis as the Special Representative for Energy in Africa \u00a0of the German Federal Ministry for Economic Cooperation and Development (BMZ) in Africa. I develop projects in nine African countries together with BMZ, GIZ (Gesellschaft f\u00fcr internationale Zusammenarbeit) and KfW (Kreditanstalt f\u00fcr wirtschaftliche Entwicklung).<\/p>\n<figure id=\"attachment_576\" aria-describedby=\"caption-attachment-576\" style=\"width: 525px\" class=\"wp-caption alignnone\"><img loading=\"lazy\" decoding=\"async\" class=\"size-large wp-image-576\" src=\"https:\/\/baerbel-hoehn.de\/wp-content\/uploads\/2022\/01\/IMG_2011-1024x768.jpeg\" alt=\"Fischerfrauen an der K\u00fcste von Senegal trocknen Fisch in der Sonne\" width=\"525\" height=\"394\" srcset=\"https:\/\/baerbel-hoehn.de\/wp-content\/uploads\/2022\/01\/IMG_2011-1024x768.jpeg 1024w, https:\/\/baerbel-hoehn.de\/wp-content\/uploads\/2022\/01\/IMG_2011-300x225.jpeg 300w, https:\/\/baerbel-hoehn.de\/wp-content\/uploads\/2022\/01\/IMG_2011-768x576.jpeg 768w, https:\/\/baerbel-hoehn.de\/wp-content\/uploads\/2022\/01\/IMG_2011-1536x1152.jpeg 1536w, https:\/\/baerbel-hoehn.de\/wp-content\/uploads\/2022\/01\/IMG_2011.jpeg 1920w\" sizes=\"auto, (max-width: 525px) 100vw, 525px\" \/><figcaption id=\"caption-attachment-576\" class=\"wp-caption-text\">fisherwomen on the coast of Senegal, drying their catch (pic: private)<\/figcaption><\/figure>\n<h4><strong>Why am I doing this?<\/strong><\/h4>\n<p>Half of the population in Africa has no access to electricity. Of these people, 90% live in the countryside. How would we live if 50% of the people in Germany had no electricity? Not to be imagined!<\/p>\n<p>In addition, in many of these countries 50% of the population is 18 years and younger, the population is growing strongly and many young people need a perspective.<\/p>\n<figure id=\"attachment_580\" aria-describedby=\"caption-attachment-580\" style=\"width: 525px\" class=\"wp-caption alignnone\"><img loading=\"lazy\" decoding=\"async\" class=\"size-large wp-image-580\" src=\"https:\/\/baerbel-hoehn.de\/wp-content\/uploads\/2022\/01\/IMG_3122-768x1024.jpeg\" alt=\"Fraueninitiative in Kenia, die Obst und Gem\u00fcse trocknen und verarbeiten\" width=\"525\" height=\"700\" srcset=\"https:\/\/baerbel-hoehn.de\/wp-content\/uploads\/2022\/01\/IMG_3122-768x1024.jpeg 768w, https:\/\/baerbel-hoehn.de\/wp-content\/uploads\/2022\/01\/IMG_3122-225x300.jpeg 225w, https:\/\/baerbel-hoehn.de\/wp-content\/uploads\/2022\/01\/IMG_3122-1152x1536.jpeg 1152w, https:\/\/baerbel-hoehn.de\/wp-content\/uploads\/2022\/01\/IMG_3122.jpeg 1440w\" sizes=\"auto, (max-width: 525px) 100vw, 525px\" \/><figcaption id=\"caption-attachment-580\" class=\"wp-caption-text\">women initiative in Kenya, drying and processing fruits and vegetables (pic: private)<\/figcaption><\/figure>\n<h4><strong>Meeting the SDGs and the Paris climate targets<\/strong><\/h4>\n<p>Green citizen energy &#8211; decentralized, climate-friendly renewable energy &#8211; starts right here! Fighting poverty and hunger with photovoltaics: drying vegetables and fruit, cooling fish and medicines, bringing light into the houses, enabling crafts such as blacksmithing, welding, metal processing and sewing, offering services such as hairdressers, restaurants and mobile phone charging stations. This will create income, jobs and added value, and better equip health stations and schools. Women in particular also benefit from decentralised energy structures.<\/p>\n<figure id=\"attachment_568\" aria-describedby=\"caption-attachment-568\" style=\"width: 525px\" class=\"wp-caption alignnone\"><img loading=\"lazy\" decoding=\"async\" class=\"size-large wp-image-568\" src=\"https:\/\/baerbel-hoehn.de\/wp-content\/uploads\/2022\/01\/IMG_0150-768x1024.jpeg\" alt=\"Erdnussbuttermaschine in Mosambik, angetrieben von Erneuerbaren Energien\" width=\"525\" height=\"700\" srcset=\"https:\/\/baerbel-hoehn.de\/wp-content\/uploads\/2022\/01\/IMG_0150-768x1024.jpeg 768w, https:\/\/baerbel-hoehn.de\/wp-content\/uploads\/2022\/01\/IMG_0150-225x300.jpeg 225w, https:\/\/baerbel-hoehn.de\/wp-content\/uploads\/2022\/01\/IMG_0150-1152x1536.jpeg 1152w, https:\/\/baerbel-hoehn.de\/wp-content\/uploads\/2022\/01\/IMG_0150.jpeg 1440w\" sizes=\"auto, (max-width: 525px) 100vw, 525px\" \/><figcaption id=\"caption-attachment-568\" class=\"wp-caption-text\">a peanutbutter machine in Mosambique, powered by renewable energies (pic: private)<\/figcaption><\/figure>\n<p>Many of the sustainability goals can be better achieved with renewable energies and even in a climate-friendly way. We can improve people&#8217;s living conditions.<\/p>\n<p>&#8220;Leave no one behind&#8221; is the motto of the 2030 Agenda. We must meet the Sustainable Development Goals (SDGs) and at the same time comply with the goals of the Paris Climate Conference, because the people of Africa in particular are suffering from the effects of the climate crisis, such as droughts and floods.<\/p>\n<figure id=\"attachment_574\" aria-describedby=\"caption-attachment-574\" style=\"width: 525px\" class=\"wp-caption alignnone\"><img loading=\"lazy\" decoding=\"async\" class=\"size-large wp-image-574\" src=\"https:\/\/baerbel-hoehn.de\/wp-content\/uploads\/2022\/01\/IMG_1679-1024x724.jpg\" alt=\"Gespr\u00e4ch mit Sch\u00fcler*innen in \u00c4thiopien\" width=\"525\" height=\"371\" srcset=\"https:\/\/baerbel-hoehn.de\/wp-content\/uploads\/2022\/01\/IMG_1679-1024x724.jpg 1024w, https:\/\/baerbel-hoehn.de\/wp-content\/uploads\/2022\/01\/IMG_1679-300x212.jpg 300w, https:\/\/baerbel-hoehn.de\/wp-content\/uploads\/2022\/01\/IMG_1679-768x543.jpg 768w, https:\/\/baerbel-hoehn.de\/wp-content\/uploads\/2022\/01\/IMG_1679-1536x1086.jpg 1536w, https:\/\/baerbel-hoehn.de\/wp-content\/uploads\/2022\/01\/IMG_1679.jpg 1920w\" sizes=\"auto, (max-width: 525px) 100vw, 525px\" \/><figcaption id=\"caption-attachment-574\" class=\"wp-caption-text\">exchange with students in Ethiopia (pic: private)<\/figcaption><\/figure>\n<h4><strong>Creating income, offering training, providing financing<\/strong><\/h4>\n<p>We can only build up decentralised energies together with the local population. It is crucial that we have a good operator model so that the systems are maintained and function in the long term. To do this, we need trained young people. That is why we are also promoting vocational training in these areas within the framework of Green Citizen Energy. We offer networks so that stakeholders can exchange their experiences and spread good ideas. All this is GIZ&#8217;s task.<\/p>\n<p>But we do not want to stop at individual examples; good projects must be duplicated quickly in order to reach as many people as possible.<\/p>\n<p>To do this, we need money, including private investment. For the development of decentralised solar grids, we therefore support crowdfunding opportunities with KfW or participate in projects of the African Development Bank, because we naturally want to strengthen local companies in particular.<\/p>\n<figure id=\"attachment_600\" aria-describedby=\"caption-attachment-600\" style=\"width: 525px\" class=\"wp-caption alignnone\"><img loading=\"lazy\" decoding=\"async\" class=\"size-large wp-image-600\" src=\"https:\/\/baerbel-hoehn.de\/wp-content\/uploads\/2022\/01\/RENAC-1024x576.jpeg\" alt=\"RENAC, Seminar mit jungen afrikanischen Unternehmer*innen\" width=\"525\" height=\"295\" srcset=\"https:\/\/baerbel-hoehn.de\/wp-content\/uploads\/2022\/01\/RENAC-1024x576.jpeg 1024w, https:\/\/baerbel-hoehn.de\/wp-content\/uploads\/2022\/01\/RENAC-300x169.jpeg 300w, https:\/\/baerbel-hoehn.de\/wp-content\/uploads\/2022\/01\/RENAC-768x432.jpeg 768w, https:\/\/baerbel-hoehn.de\/wp-content\/uploads\/2022\/01\/RENAC-1536x864.jpeg 1536w, https:\/\/baerbel-hoehn.de\/wp-content\/uploads\/2022\/01\/RENAC.jpeg 1582w\" sizes=\"auto, (max-width: 525px) 100vw, 525px\" \/><figcaption id=\"caption-attachment-600\" class=\"wp-caption-text\">RENAC seminar with young african entrepreneures (pic: RENAC)<\/figcaption><\/figure>\n<h4><strong>Three examples:\u00a0<\/strong><\/h4>\n<p>In <strong>Zambia<\/strong> and <strong>Senegal<\/strong>, the milk is collected by cooperatives from the individual, widely dispersed farmers. In some cases, this milk is then further processed and thus added value is created. The families earn income, the children can go to school, especially for the women the life situation improves.<\/p>\n<figure id=\"attachment_598\" aria-describedby=\"caption-attachment-598\" style=\"width: 525px\" class=\"wp-caption alignnone\"><img loading=\"lazy\" decoding=\"async\" class=\"size-large wp-image-598\" src=\"https:\/\/baerbel-hoehn.de\/wp-content\/uploads\/2022\/01\/IMG_7521-1024x768.jpeg\" alt=\"Besuch der Milchkooperative im Senegal\" width=\"525\" height=\"394\" srcset=\"https:\/\/baerbel-hoehn.de\/wp-content\/uploads\/2022\/01\/IMG_7521-1024x768.jpeg 1024w, https:\/\/baerbel-hoehn.de\/wp-content\/uploads\/2022\/01\/IMG_7521-300x225.jpeg 300w, https:\/\/baerbel-hoehn.de\/wp-content\/uploads\/2022\/01\/IMG_7521-768x576.jpeg 768w, https:\/\/baerbel-hoehn.de\/wp-content\/uploads\/2022\/01\/IMG_7521-1536x1152.jpeg 1536w, https:\/\/baerbel-hoehn.de\/wp-content\/uploads\/2022\/01\/IMG_7521.jpeg 1920w\" sizes=\"auto, (max-width: 525px) 100vw, 525px\" \/><figcaption id=\"caption-attachment-598\" class=\"wp-caption-text\">visiting a milk-cooperative in Senegal (pic: private)<\/figcaption><\/figure>\n<p>In <strong>Benin<\/strong>, farmers have replaced diesel water pumps with solar pumps. This is not only climate-friendly, but the investment is recovered after a few years, because the price of diesel and the maintenance costs are very high compared to solar pumps. A model that is very easy to reproduce.<\/p>\n<figure id=\"attachment_592\" aria-describedby=\"caption-attachment-592\" style=\"width: 525px\" class=\"wp-caption alignnone\"><img loading=\"lazy\" decoding=\"async\" class=\"size-large wp-image-592\" src=\"https:\/\/baerbel-hoehn.de\/wp-content\/uploads\/2022\/01\/IMG_6271-1024x768.jpeg\" alt=\"Besuch einer B\u00e4uerin in Benin, die ihren Dieselgenerator durch eine Photovoltaikanlage ersetzt hat\" width=\"525\" height=\"394\" srcset=\"https:\/\/baerbel-hoehn.de\/wp-content\/uploads\/2022\/01\/IMG_6271-1024x768.jpeg 1024w, https:\/\/baerbel-hoehn.de\/wp-content\/uploads\/2022\/01\/IMG_6271-300x225.jpeg 300w, https:\/\/baerbel-hoehn.de\/wp-content\/uploads\/2022\/01\/IMG_6271-768x576.jpeg 768w, https:\/\/baerbel-hoehn.de\/wp-content\/uploads\/2022\/01\/IMG_6271-1536x1152.jpeg 1536w, https:\/\/baerbel-hoehn.de\/wp-content\/uploads\/2022\/01\/IMG_6271.jpeg 1920w\" sizes=\"auto, (max-width: 525px) 100vw, 525px\" \/><figcaption id=\"caption-attachment-592\" class=\"wp-caption-text\">farmer in Benin, who exchanged her diesel generator with solar power (pic: private)<\/figcaption><\/figure>\n<p>The training of teachers who are retraining young people in other parts of <strong>Namibia<\/strong>. A young man demonstrated his self-built photovoltaic systems to me and said very enthusiastically: we can put photovoltaics on every roof, people have light and no longer need candles whose smoke makes you sick. The risk of fire is reduced.<\/p>\n<figure id=\"attachment_586\" aria-describedby=\"caption-attachment-586\" style=\"width: 525px\" class=\"wp-caption alignnone\"><img loading=\"lazy\" decoding=\"async\" class=\"size-large wp-image-586\" src=\"https:\/\/baerbel-hoehn.de\/wp-content\/uploads\/2022\/01\/IMG_4260-1024x768.jpg\" alt=\"Ausbildung in Namibia\" width=\"525\" height=\"394\" srcset=\"https:\/\/baerbel-hoehn.de\/wp-content\/uploads\/2022\/01\/IMG_4260-1024x768.jpg 1024w, https:\/\/baerbel-hoehn.de\/wp-content\/uploads\/2022\/01\/IMG_4260-300x225.jpg 300w, https:\/\/baerbel-hoehn.de\/wp-content\/uploads\/2022\/01\/IMG_4260-768x576.jpg 768w, https:\/\/baerbel-hoehn.de\/wp-content\/uploads\/2022\/01\/IMG_4260-1536x1152.jpg 1536w, https:\/\/baerbel-hoehn.de\/wp-content\/uploads\/2022\/01\/IMG_4260.jpg 1920w\" sizes=\"auto, (max-width: 525px) 100vw, 525px\" \/><figcaption id=\"caption-attachment-586\" class=\"wp-caption-text\">training in Namibia (pic: private)<\/figcaption><\/figure>\n","protected":false},"excerpt":{"rendered":"<p>Special Representative for Energy in Africa Since January 2017, I have been working on an honorary basis as the Special Representative for Energy in Africa \u00a0of the German Federal Ministry for Economic Cooperation and Development (BMZ) in Africa. I develop projects in nine African countries together with BMZ, GIZ (Gesellschaft f\u00fcr internationale Zusammenarbeit) and KfW &hellip; <\/p>\n<p class=\"link-more\"><a href=\"https:\/\/baerbel-hoehn.de\/en\/energyrepresentative-africa\/\" class=\"more-link\">Continue reading<span class=\"screen-reader-text\"> &#8220;Green People&#8217;s Energy&#8221;<\/span><\/a><\/p>\n","protected":false},"author":2,"featured_media":0,"parent":0,"menu_order":1,"comment_status":"closed","ping_status":"closed","template":"","meta":{"footnotes":""},"class_list":["post-196","page","type-page","status-publish","hentry"],"yoast_head":"<!-- This site is optimized with the Yoast SEO plugin v26.8 - https:\/\/yoast.com\/product\/yoast-seo-wordpress\/ -->\n<title>Green People&#039;s Energy - B\u00e4rbel H\u00f6hn<\/title>\n<meta name=\"robots\" content=\"index, follow, max-snippet:-1, max-image-preview:large, max-video-preview:-1\" \/>\n<link rel=\"canonical\" href=\"https:\/\/baerbel-hoehn.de\/en\/energyrepresentative-africa\/\" \/>\n<meta property=\"og:locale\" content=\"en_US\" \/>\n<meta property=\"og:type\" content=\"article\" \/>\n<meta property=\"og:title\" content=\"Green People&#039;s Energy - B\u00e4rbel H\u00f6hn\" \/>\n<meta property=\"og:description\" content=\"Special Representative for Energy in Africa Since January 2017, I have been working on an honorary basis as the Special Representative for Energy in Africa \u00a0of the German Federal Ministry for Economic Cooperation and Development (BMZ) in Africa. I develop projects in nine African countries together with BMZ, GIZ (Gesellschaft f\u00fcr internationale Zusammenarbeit) and KfW &hellip; Continue reading &quot;Green People&#8217;s Energy&quot;\" \/>\n<meta property=\"og:url\" content=\"https:\/\/baerbel-hoehn.de\/en\/energyrepresentative-africa\/\" \/>\n<meta property=\"og:site_name\" content=\"B\u00e4rbel H\u00f6hn\" \/>\n<meta property=\"article:modified_time\" content=\"2022-03-12T21:19:42+00:00\" \/>\n<meta property=\"og:image\" content=\"https:\/\/baerbel-hoehn.de\/wp-content\/uploads\/2022\/01\/IMG_2011-1024x768.jpeg\" \/>\n<meta name=\"twitter:card\" content=\"summary_large_image\" \/>\n<meta name=\"twitter:label1\" content=\"Est. reading time\" \/>\n\t<meta name=\"twitter:data1\" content=\"6 minutes\" \/>\n<script type=\"application\/ld+json\" class=\"yoast-schema-graph\">{\"@context\":\"https:\/\/schema.org\",\"@graph\":[{\"@type\":\"WebPage\",\"@id\":\"https:\/\/baerbel-hoehn.de\/en\/energyrepresentative-africa\/\",\"url\":\"https:\/\/baerbel-hoehn.de\/en\/energyrepresentative-africa\/\",\"name\":\"Green People's Energy - B\u00e4rbel H\u00f6hn\",\"isPartOf\":{\"@id\":\"https:\/\/baerbel-hoehn.de\/en\/#website\"},\"primaryImageOfPage\":{\"@id\":\"https:\/\/baerbel-hoehn.de\/en\/energyrepresentative-africa\/#primaryimage\"},\"image\":{\"@id\":\"https:\/\/baerbel-hoehn.de\/en\/energyrepresentative-africa\/#primaryimage\"},\"thumbnailUrl\":\"https:\/\/baerbel-hoehn.de\/wp-content\/uploads\/2022\/01\/IMG_2011-1024x768.jpeg\",\"datePublished\":\"2017-10-31T16:52:04+00:00\",\"dateModified\":\"2022-03-12T21:19:42+00:00\",\"breadcrumb\":{\"@id\":\"https:\/\/baerbel-hoehn.de\/en\/energyrepresentative-africa\/#breadcrumb\"},\"inLanguage\":\"en-US\",\"potentialAction\":[{\"@type\":\"ReadAction\",\"target\":[\"https:\/\/baerbel-hoehn.de\/en\/energyrepresentative-africa\/\"]}]},{\"@type\":\"ImageObject\",\"inLanguage\":\"en-US\",\"@id\":\"https:\/\/baerbel-hoehn.de\/en\/energyrepresentative-africa\/#primaryimage\",\"url\":\"https:\/\/baerbel-hoehn.de\/wp-content\/uploads\/2022\/01\/IMG_2011-1024x768.jpeg\",\"contentUrl\":\"https:\/\/baerbel-hoehn.de\/wp-content\/uploads\/2022\/01\/IMG_2011-1024x768.jpeg\"},{\"@type\":\"BreadcrumbList\",\"@id\":\"https:\/\/baerbel-hoehn.de\/en\/energyrepresentative-africa\/#breadcrumb\",\"itemListElement\":[{\"@type\":\"ListItem\",\"position\":1,\"name\":\"Startseite\",\"item\":\"https:\/\/baerbel-hoehn.de\/en\/\"},{\"@type\":\"ListItem\",\"position\":2,\"name\":\"Green People&#8217;s Energy\"}]},{\"@type\":\"WebSite\",\"@id\":\"https:\/\/baerbel-hoehn.de\/en\/#website\",\"url\":\"https:\/\/baerbel-hoehn.de\/en\/\",\"name\":\"B\u00e4rbel H\u00f6hn\",\"description\":\"100 Percent Renewable Energies - For All!\",\"potentialAction\":[{\"@type\":\"SearchAction\",\"target\":{\"@type\":\"EntryPoint\",\"urlTemplate\":\"https:\/\/baerbel-hoehn.de\/en\/?s={search_term_string}\"},\"query-input\":{\"@type\":\"PropertyValueSpecification\",\"valueRequired\":true,\"valueName\":\"search_term_string\"}}],\"inLanguage\":\"en-US\"}]}<\/script>\n<!-- \/ Yoast SEO plugin. -->","yoast_head_json":{"title":"Green People's Energy - B\u00e4rbel H\u00f6hn","robots":{"index":"index","follow":"follow","max-snippet":"max-snippet:-1","max-image-preview":"max-image-preview:large","max-video-preview":"max-video-preview:-1"},"canonical":"https:\/\/baerbel-hoehn.de\/en\/energyrepresentative-africa\/","og_locale":"en_US","og_type":"article","og_title":"Green People's Energy - B\u00e4rbel H\u00f6hn","og_description":"Special Representative for Energy in Africa Since January 2017, I have been working on an honorary basis as the Special Representative for Energy in Africa \u00a0of the German Federal Ministry for Economic Cooperation and Development (BMZ) in Africa. I develop projects in nine African countries together with BMZ, GIZ (Gesellschaft f\u00fcr internationale Zusammenarbeit) and KfW &hellip; Continue reading \"Green People&#8217;s Energy\"","og_url":"https:\/\/baerbel-hoehn.de\/en\/energyrepresentative-africa\/","og_site_name":"B\u00e4rbel H\u00f6hn","article_modified_time":"2022-03-12T21:19:42+00:00","og_image":[{"url":"https:\/\/baerbel-hoehn.de\/wp-content\/uploads\/2022\/01\/IMG_2011-1024x768.jpeg","type":"","width":"","height":""}],"twitter_card":"summary_large_image","twitter_misc":{"Est. reading time":"6 minutes"},"schema":{"@context":"https:\/\/schema.org","@graph":[{"@type":"WebPage","@id":"https:\/\/baerbel-hoehn.de\/en\/energyrepresentative-africa\/","url":"https:\/\/baerbel-hoehn.de\/en\/energyrepresentative-africa\/","name":"Green People's Energy - B\u00e4rbel H\u00f6hn","isPartOf":{"@id":"https:\/\/baerbel-hoehn.de\/en\/#website"},"primaryImageOfPage":{"@id":"https:\/\/baerbel-hoehn.de\/en\/energyrepresentative-africa\/#primaryimage"},"image":{"@id":"https:\/\/baerbel-hoehn.de\/en\/energyrepresentative-africa\/#primaryimage"},"thumbnailUrl":"https:\/\/baerbel-hoehn.de\/wp-content\/uploads\/2022\/01\/IMG_2011-1024x768.jpeg","datePublished":"2017-10-31T16:52:04+00:00","dateModified":"2022-03-12T21:19:42+00:00","breadcrumb":{"@id":"https:\/\/baerbel-hoehn.de\/en\/energyrepresentative-africa\/#breadcrumb"},"inLanguage":"en-US","potentialAction":[{"@type":"ReadAction","target":["https:\/\/baerbel-hoehn.de\/en\/energyrepresentative-africa\/"]}]},{"@type":"ImageObject","inLanguage":"en-US","@id":"https:\/\/baerbel-hoehn.de\/en\/energyrepresentative-africa\/#primaryimage","url":"https:\/\/baerbel-hoehn.de\/wp-content\/uploads\/2022\/01\/IMG_2011-1024x768.jpeg","contentUrl":"https:\/\/baerbel-hoehn.de\/wp-content\/uploads\/2022\/01\/IMG_2011-1024x768.jpeg"},{"@type":"BreadcrumbList","@id":"https:\/\/baerbel-hoehn.de\/en\/energyrepresentative-africa\/#breadcrumb","itemListElement":[{"@type":"ListItem","position":1,"name":"Startseite","item":"https:\/\/baerbel-hoehn.de\/en\/"},{"@type":"ListItem","position":2,"name":"Green People&#8217;s Energy"}]},{"@type":"WebSite","@id":"https:\/\/baerbel-hoehn.de\/en\/#website","url":"https:\/\/baerbel-hoehn.de\/en\/","name":"B\u00e4rbel H\u00f6hn","description":"100 Percent Renewable Energies - For All!","potentialAction":[{"@type":"SearchAction","target":{"@type":"EntryPoint","urlTemplate":"https:\/\/baerbel-hoehn.de\/en\/?s={search_term_string}"},"query-input":{"@type":"PropertyValueSpecification","valueRequired":true,"valueName":"search_term_string"}}],"inLanguage":"en-US"}]}},"_links":{"self":[{"href":"https:\/\/baerbel-hoehn.de\/en\/wp-json\/wp\/v2\/pages\/196","targetHints":{"allow":["GET"]}}],"collection":[{"href":"https:\/\/baerbel-hoehn.de\/en\/wp-json\/wp\/v2\/pages"}],"about":[{"href":"https:\/\/baerbel-hoehn.de\/en\/wp-json\/wp\/v2\/types\/page"}],"author":[{"embeddable":true,"href":"https:\/\/baerbel-hoehn.de\/en\/wp-json\/wp\/v2\/users\/2"}],"replies":[{"embeddable":true,"href":"https:\/\/baerbel-hoehn.de\/en\/wp-json\/wp\/v2\/comments?post=196"}],"version-history":[{"count":13,"href":"https:\/\/baerbel-hoehn.de\/en\/wp-json\/wp\/v2\/pages\/196\/revisions"}],"predecessor-version":[{"id":668,"href":"https:\/\/baerbel-hoehn.de\/en\/wp-json\/wp\/v2\/pages\/196\/revisions\/668"}],"wp:attachment":[{"href":"https:\/\/baerbel-hoehn.de\/en\/wp-json\/wp\/v2\/media?parent=196"}],"curies":[{"name":"wp","href":"https:\/\/api.w.org\/{rel}","templated":true}]}}