{"id":194,"date":"2017-10-31T13:27:39","date_gmt":"2017-10-31T12:27:39","guid":{"rendered":"https:\/\/baerbel-hoehn.de\/?page_id=194"},"modified":"2022-01-26T19:58:59","modified_gmt":"2022-01-26T18:58:59","slug":"cv","status":"publish","type":"page","link":"https:\/\/baerbel-hoehn.de\/en\/about-me\/cv\/","title":{"rendered":"CV"},"content":{"rendered":"<h1>My CV<\/h1>\n<p>&nbsp;<\/p>\n<div class=\"csc-textpic-text\">\n<h4>1952<\/h4>\n<h4><img loading=\"lazy\" decoding=\"async\" class=\"size-medium wp-image-58 alignnone\" src=\"https:\/\/baerbel-hoehn.de\/wp-content\/uploads\/2017\/10\/wappen-flensburg-mosaik-tegelbarg1-300x168.jpg\" alt=\"\" width=\"300\" height=\"168\" srcset=\"https:\/\/baerbel-hoehn.de\/wp-content\/uploads\/2017\/10\/wappen-flensburg-mosaik-tegelbarg1-300x168.jpg 300w, https:\/\/baerbel-hoehn.de\/wp-content\/uploads\/2017\/10\/wappen-flensburg-mosaik-tegelbarg1.jpg 740w\" sizes=\"auto, (max-width: 300px) 100vw, 300px\" \/><\/h4>\n<p>I was born on May 4, 1952 in Flensburg, a city on the northern tip of Germany. I have two grown-up sons, a daughter-in-law and four lovely grandchildren.<\/p>\n<p>After having studied mathematics and economy in Kiel, I am a &#8220;Diplom-Mathematikerin&#8221;.<\/p>\n<h4>1978<\/h4>\n<p>In 1978 our family moved to Oberhausen in the western state of North Rhine-Westphalia. I worked as a research assistant at the University of Duisburg until 1990.<\/p>\n<h4>1981<\/h4>\n<div id='gallery-1' class='gallery galleryid-194 gallery-columns-3 gallery-size-medium'><figure class='gallery-item'>\n\t\t\t<div class='gallery-icon landscape'>\n\t\t\t\t<a href='https:\/\/baerbel-hoehn.de\/wp-content\/uploads\/2017\/10\/1980_oberhausen_kindergarteninitiative.jpg'><img loading=\"lazy\" decoding=\"async\" width=\"242\" height=\"242\" src=\"https:\/\/baerbel-hoehn.de\/wp-content\/uploads\/2017\/10\/1980_oberhausen_kindergarteninitiative.jpg\" class=\"attachment-medium size-medium\" alt=\"\" srcset=\"https:\/\/baerbel-hoehn.de\/wp-content\/uploads\/2017\/10\/1980_oberhausen_kindergarteninitiative.jpg 242w, https:\/\/baerbel-hoehn.de\/wp-content\/uploads\/2017\/10\/1980_oberhausen_kindergarteninitiative-150x150.jpg 150w, https:\/\/baerbel-hoehn.de\/wp-content\/uploads\/2017\/10\/1980_oberhausen_kindergarteninitiative-100x100.jpg 100w\" sizes=\"auto, 100vw\" \/><\/a>\n\t\t\t<\/div><\/figure><figure class='gallery-item'>\n\t\t\t<div class='gallery-icon landscape'>\n\t\t\t\t<a href='https:\/\/baerbel-hoehn.de\/wp-content\/uploads\/2017\/10\/1986_oberhausen_friedensinitiative.jpg'><img loading=\"lazy\" decoding=\"async\" width=\"242\" height=\"242\" src=\"https:\/\/baerbel-hoehn.de\/wp-content\/uploads\/2017\/10\/1986_oberhausen_friedensinitiative.jpg\" class=\"attachment-medium size-medium\" alt=\"\" srcset=\"https:\/\/baerbel-hoehn.de\/wp-content\/uploads\/2017\/10\/1986_oberhausen_friedensinitiative.jpg 242w, https:\/\/baerbel-hoehn.de\/wp-content\/uploads\/2017\/10\/1986_oberhausen_friedensinitiative-150x150.jpg 150w, https:\/\/baerbel-hoehn.de\/wp-content\/uploads\/2017\/10\/1986_oberhausen_friedensinitiative-100x100.jpg 100w\" sizes=\"auto, 100vw\" \/><\/a>\n\t\t\t<\/div><\/figure><figure class='gallery-item'>\n\t\t\t<div class='gallery-icon landscape'>\n\t\t\t\t<a href='https:\/\/baerbel-hoehn.de\/wp-content\/uploads\/2017\/10\/1988_oberhausen_antiatom-2.jpg'><img loading=\"lazy\" decoding=\"async\" width=\"242\" height=\"242\" src=\"https:\/\/baerbel-hoehn.de\/wp-content\/uploads\/2017\/10\/1988_oberhausen_antiatom-2.jpg\" class=\"attachment-medium size-medium\" alt=\"\" srcset=\"https:\/\/baerbel-hoehn.de\/wp-content\/uploads\/2017\/10\/1988_oberhausen_antiatom-2.jpg 242w, https:\/\/baerbel-hoehn.de\/wp-content\/uploads\/2017\/10\/1988_oberhausen_antiatom-2-150x150.jpg 150w, https:\/\/baerbel-hoehn.de\/wp-content\/uploads\/2017\/10\/1988_oberhausen_antiatom-2-100x100.jpg 100w\" sizes=\"auto, 100vw\" \/><\/a>\n\t\t\t<\/div><\/figure>\n\t\t<\/div>\n\n<p>I was engaged in several citizens&#8217; action committees since 1981. Among them the &#8220;Stadtelternrat Oberhausener Kinderg\u00e4rten&#8221;, the &#8220;Frauenforum&#8221; (womens&#8217; assembly) and the &#8220;B\u00fcrgerinitiative gegen Giftm\u00fcllverbrennung,&#8221; an initiative against toxic waste. The main reason I started being politically active was my little son&#8217;s bad suffering due to toxic air-pollution in the Ruhr-area around 1980.<\/p>\n<h4>1985<\/h4>\n<p>In 1985 I joined the political party &#8220;DIE GR\u00dcNEN&#8221; and represented green ideals for four years in the Oberhausen city council.<\/p>\n<h4>1990<\/h4>\n<p><img loading=\"lazy\" decoding=\"async\" class=\" wp-image-52 alignnone\" src=\"https:\/\/baerbel-hoehn.de\/wp-content\/uploads\/2017\/10\/1990er_landtagnrw-300x212.jpg\" alt=\"\" width=\"379\" height=\"268\" srcset=\"https:\/\/baerbel-hoehn.de\/wp-content\/uploads\/2017\/10\/1990er_landtagnrw-300x212.jpg 300w, https:\/\/baerbel-hoehn.de\/wp-content\/uploads\/2017\/10\/1990er_landtagnrw.jpg 740w\" sizes=\"auto, (max-width: 379px) 100vw, 379px\" \/><\/p>\n<p>Being the top candidate for the Greens in 1990 elections, I was elected to the state parliament of North Rhine-Westphalia and served as the green groups spokesperson until 1995.<\/p>\n<h4>1995<\/h4>\n<p><img loading=\"lazy\" decoding=\"async\" class=\"alignnone wp-image-53 size-medium\" src=\"https:\/\/baerbel-hoehn.de\/wp-content\/uploads\/2017\/10\/1995_im-landtag-nrw-300x225.jpg\" alt=\"\" width=\"300\" height=\"225\" srcset=\"https:\/\/baerbel-hoehn.de\/wp-content\/uploads\/2017\/10\/1995_im-landtag-nrw-300x225.jpg 300w, https:\/\/baerbel-hoehn.de\/wp-content\/uploads\/2017\/10\/1995_im-landtag-nrw.jpg 740w\" sizes=\"auto, (max-width: 300px) 100vw, 300px\" \/><\/p>\n<p>After forming a Red-Green coalition in 1995, I became state minister for the Environement, Regional Development and Agriculture. Thereby being the first green Agricultural minister. I put a strong emphasis on consumer protection. In 2000, the ministry was enlarged and included Environment, Nature Protection, Agriculture and Consumer Rights. (This was first ever ministry for consumers\u00a0 in Germany.) Our coalition ended in 2005.<\/p>\n<h4>2005<\/h4>\n<div id='gallery-2' class='gallery galleryid-194 gallery-columns-3 gallery-size-medium'><figure class='gallery-item'>\n\t\t\t<div class='gallery-icon landscape'>\n\t\t\t\t<a href='https:\/\/baerbel-hoehn.de\/wp-content\/uploads\/2017\/10\/img_8566.jpg'><img loading=\"lazy\" decoding=\"async\" width=\"242\" height=\"242\" src=\"https:\/\/baerbel-hoehn.de\/wp-content\/uploads\/2017\/10\/img_8566.jpg\" class=\"attachment-medium size-medium\" alt=\"\" srcset=\"https:\/\/baerbel-hoehn.de\/wp-content\/uploads\/2017\/10\/img_8566.jpg 242w, https:\/\/baerbel-hoehn.de\/wp-content\/uploads\/2017\/10\/img_8566-150x150.jpg 150w, https:\/\/baerbel-hoehn.de\/wp-content\/uploads\/2017\/10\/img_8566-100x100.jpg 100w\" sizes=\"auto, 100vw\" \/><\/a>\n\t\t\t<\/div><\/figure><figure class='gallery-item'>\n\t\t\t<div class='gallery-icon landscape'>\n\t\t\t\t<a href='https:\/\/baerbel-hoehn.de\/wp-content\/uploads\/2017\/10\/2009_09_30-glc3bcckwc3bcnsche-bundestagswahl.jpg'><img loading=\"lazy\" decoding=\"async\" width=\"242\" height=\"242\" src=\"https:\/\/baerbel-hoehn.de\/wp-content\/uploads\/2017\/10\/2009_09_30-glc3bcckwc3bcnsche-bundestagswahl.jpg\" class=\"attachment-medium size-medium\" alt=\"\" srcset=\"https:\/\/baerbel-hoehn.de\/wp-content\/uploads\/2017\/10\/2009_09_30-glc3bcckwc3bcnsche-bundestagswahl.jpg 242w, https:\/\/baerbel-hoehn.de\/wp-content\/uploads\/2017\/10\/2009_09_30-glc3bcckwc3bcnsche-bundestagswahl-150x150.jpg 150w, https:\/\/baerbel-hoehn.de\/wp-content\/uploads\/2017\/10\/2009_09_30-glc3bcckwc3bcnsche-bundestagswahl-100x100.jpg 100w\" sizes=\"auto, 100vw\" \/><\/a>\n\t\t\t<\/div><\/figure><figure class='gallery-item'>\n\t\t\t<div class='gallery-icon landscape'>\n\t\t\t\t<a href='https:\/\/baerbel-hoehn.de\/wp-content\/uploads\/2017\/10\/2009_08_26-wahlkampf-in-der-westernstrac39fe-in-paderborn.jpg'><img loading=\"lazy\" decoding=\"async\" width=\"242\" height=\"242\" src=\"https:\/\/baerbel-hoehn.de\/wp-content\/uploads\/2017\/10\/2009_08_26-wahlkampf-in-der-westernstrac39fe-in-paderborn.jpg\" class=\"attachment-medium size-medium\" alt=\"\" srcset=\"https:\/\/baerbel-hoehn.de\/wp-content\/uploads\/2017\/10\/2009_08_26-wahlkampf-in-der-westernstrac39fe-in-paderborn.jpg 242w, https:\/\/baerbel-hoehn.de\/wp-content\/uploads\/2017\/10\/2009_08_26-wahlkampf-in-der-westernstrac39fe-in-paderborn-150x150.jpg 150w, https:\/\/baerbel-hoehn.de\/wp-content\/uploads\/2017\/10\/2009_08_26-wahlkampf-in-der-westernstrac39fe-in-paderborn-100x100.jpg 100w\" sizes=\"auto, 100vw\" \/><\/a>\n\t\t\t<\/div><\/figure>\n\t\t<\/div>\n\n<p>Subsequently, I was elected for Bundestag unto the federal level. I served three terms until 2017.<\/p>\n<p>In my first year, I was Chair of the Committee on Food, Agriculture and Consumer Rights.<\/p>\n<p>From 2006 until 2013, I was the vice-chair of the Green Group in the Bundestag (Bundestagsfraktion). My responsibilities streched from policy fields such as environment, energy, consumers, animal rights to building and mobility.<\/p>\n<h4>2014<\/h4>\n<p>I became Chair of the Committee on the Environment, Nature Protection, Building and Nuclear Safety in 2014 and continued this until my last session in 2017.<\/p>\n<p><img loading=\"lazy\" decoding=\"async\" class=\"alignleft wp-image-57 size-full\" src=\"https:\/\/baerbel-hoehn.de\/wp-content\/uploads\/2017\/10\/img_8567.jpg\" alt=\"B\u00e4rbel H\u00f6hn im Studio.\" width=\"740\" height=\"437\" srcset=\"https:\/\/baerbel-hoehn.de\/wp-content\/uploads\/2017\/10\/img_8567.jpg 740w, https:\/\/baerbel-hoehn.de\/wp-content\/uploads\/2017\/10\/img_8567-300x177.jpg 300w\" sizes=\"auto, (max-width: 706px) 89vw, (max-width: 767px) 82vw, 740px\" \/><\/p>\n<h4>Today<\/h4>\n<p>After years as member of the Bundestag, in November 2017,\u00a0 I started as Energy Commissioner for Africa of the Federal Ministry for Economic Cooperation and Development (BMZ).<\/p>\n<p>In 2018 I became chair of the Global Renewables Congress, a global network of parliamentarians, promoting 100% Renewable Energies. Both jobs are on a honorary basis.<\/p>\n<\/div>\n","protected":false},"excerpt":{"rendered":"<p>My CV &nbsp; 1952 I was born on May 4, 1952 in Flensburg, a city on the northern tip of Germany. I have two grown-up sons, a daughter-in-law and four lovely grandchildren. After having studied mathematics and economy in Kiel, I am a &#8220;Diplom-Mathematikerin&#8221;. 1978 In 1978 our family moved to Oberhausen in the western &hellip; <\/p>\n<p class=\"link-more\"><a href=\"https:\/\/baerbel-hoehn.de\/en\/about-me\/cv\/\" class=\"more-link\">Continue reading<span class=\"screen-reader-text\"> &#8220;CV&#8221;<\/span><\/a><\/p>\n","protected":false},"author":2,"featured_media":0,"parent":128,"menu_order":2,"comment_status":"closed","ping_status":"closed","template":"","meta":{"footnotes":""},"class_list":["post-194","page","type-page","status-publish","hentry"],"yoast_head":"<!-- This site is optimized with the Yoast SEO plugin v26.8 - https:\/\/yoast.com\/product\/yoast-seo-wordpress\/ -->\n<title>CV - B\u00e4rbel H\u00f6hn<\/title>\n<meta name=\"robots\" content=\"index, follow, max-snippet:-1, max-image-preview:large, max-video-preview:-1\" \/>\n<link rel=\"canonical\" href=\"https:\/\/baerbel-hoehn.de\/en\/about-me\/cv\/\" \/>\n<meta property=\"og:locale\" content=\"en_US\" \/>\n<meta property=\"og:type\" content=\"article\" \/>\n<meta property=\"og:title\" content=\"CV - B\u00e4rbel H\u00f6hn\" \/>\n<meta property=\"og:description\" content=\"My CV &nbsp; 1952 I was born on May 4, 1952 in Flensburg, a city on the northern tip of Germany. I have two grown-up sons, a daughter-in-law and four lovely grandchildren. After having studied mathematics and economy in Kiel, I am a &#8220;Diplom-Mathematikerin&#8221;. 1978 In 1978 our family moved to Oberhausen in the western &hellip; Continue reading &quot;CV&quot;\" \/>\n<meta property=\"og:url\" content=\"https:\/\/baerbel-hoehn.de\/en\/about-me\/cv\/\" \/>\n<meta property=\"og:site_name\" content=\"B\u00e4rbel H\u00f6hn\" \/>\n<meta property=\"article:modified_time\" content=\"2022-01-26T18:58:59+00:00\" \/>\n<meta property=\"og:image\" content=\"https:\/\/baerbel-hoehn.de\/wp-content\/uploads\/2017\/10\/1980_oberhausen_kindergarteninitiative.jpg\" \/>\n<meta name=\"twitter:card\" content=\"summary_large_image\" \/>\n<meta name=\"twitter:label1\" content=\"Est. reading time\" \/>\n\t<meta name=\"twitter:data1\" content=\"4 minutes\" \/>\n<script type=\"application\/ld+json\" class=\"yoast-schema-graph\">{\"@context\":\"https:\/\/schema.org\",\"@graph\":[{\"@type\":\"WebPage\",\"@id\":\"https:\/\/baerbel-hoehn.de\/en\/about-me\/cv\/\",\"url\":\"https:\/\/baerbel-hoehn.de\/en\/about-me\/cv\/\",\"name\":\"CV - B\u00e4rbel H\u00f6hn\",\"isPartOf\":{\"@id\":\"https:\/\/baerbel-hoehn.de\/en\/#website\"},\"primaryImageOfPage\":{\"@id\":\"https:\/\/baerbel-hoehn.de\/en\/about-me\/cv\/#primaryimage\"},\"image\":{\"@id\":\"https:\/\/baerbel-hoehn.de\/en\/about-me\/cv\/#primaryimage\"},\"thumbnailUrl\":\"https:\/\/baerbel-hoehn.de\/wp-content\/uploads\/2017\/10\/wappen-flensburg-mosaik-tegelbarg1-300x168.jpg\",\"datePublished\":\"2017-10-31T12:27:39+00:00\",\"dateModified\":\"2022-01-26T18:58:59+00:00\",\"breadcrumb\":{\"@id\":\"https:\/\/baerbel-hoehn.de\/en\/about-me\/cv\/#breadcrumb\"},\"inLanguage\":\"en-US\",\"potentialAction\":[{\"@type\":\"ReadAction\",\"target\":[\"https:\/\/baerbel-hoehn.de\/en\/about-me\/cv\/\"]}]},{\"@type\":\"ImageObject\",\"inLanguage\":\"en-US\",\"@id\":\"https:\/\/baerbel-hoehn.de\/en\/about-me\/cv\/#primaryimage\",\"url\":\"https:\/\/baerbel-hoehn.de\/wp-content\/uploads\/2017\/10\/wappen-flensburg-mosaik-tegelbarg1-300x168.jpg\",\"contentUrl\":\"https:\/\/baerbel-hoehn.de\/wp-content\/uploads\/2017\/10\/wappen-flensburg-mosaik-tegelbarg1-300x168.jpg\"},{\"@type\":\"BreadcrumbList\",\"@id\":\"https:\/\/baerbel-hoehn.de\/en\/about-me\/cv\/#breadcrumb\",\"itemListElement\":[{\"@type\":\"ListItem\",\"position\":1,\"name\":\"Startseite\",\"item\":\"https:\/\/baerbel-hoehn.de\/en\/\"},{\"@type\":\"ListItem\",\"position\":2,\"name\":\"About me\",\"item\":\"https:\/\/baerbel-hoehn.de\/en\/about-me\/\"},{\"@type\":\"ListItem\",\"position\":3,\"name\":\"CV\"}]},{\"@type\":\"WebSite\",\"@id\":\"https:\/\/baerbel-hoehn.de\/en\/#website\",\"url\":\"https:\/\/baerbel-hoehn.de\/en\/\",\"name\":\"B\u00e4rbel H\u00f6hn\",\"description\":\"100 Percent Renewable Energies - For All!\",\"potentialAction\":[{\"@type\":\"SearchAction\",\"target\":{\"@type\":\"EntryPoint\",\"urlTemplate\":\"https:\/\/baerbel-hoehn.de\/en\/?s={search_term_string}\"},\"query-input\":{\"@type\":\"PropertyValueSpecification\",\"valueRequired\":true,\"valueName\":\"search_term_string\"}}],\"inLanguage\":\"en-US\"}]}<\/script>\n<!-- \/ Yoast SEO plugin. -->","yoast_head_json":{"title":"CV - B\u00e4rbel H\u00f6hn","robots":{"index":"index","follow":"follow","max-snippet":"max-snippet:-1","max-image-preview":"max-image-preview:large","max-video-preview":"max-video-preview:-1"},"canonical":"https:\/\/baerbel-hoehn.de\/en\/about-me\/cv\/","og_locale":"en_US","og_type":"article","og_title":"CV - B\u00e4rbel H\u00f6hn","og_description":"My CV &nbsp; 1952 I was born on May 4, 1952 in Flensburg, a city on the northern tip of Germany. I have two grown-up sons, a daughter-in-law and four lovely grandchildren. After having studied mathematics and economy in Kiel, I am a &#8220;Diplom-Mathematikerin&#8221;. 1978 In 1978 our family moved to Oberhausen in the western &hellip; Continue reading \"CV\"","og_url":"https:\/\/baerbel-hoehn.de\/en\/about-me\/cv\/","og_site_name":"B\u00e4rbel H\u00f6hn","article_modified_time":"2022-01-26T18:58:59+00:00","og_image":[{"url":"https:\/\/baerbel-hoehn.de\/wp-content\/uploads\/2017\/10\/1980_oberhausen_kindergarteninitiative.jpg","type":"","width":"","height":""}],"twitter_card":"summary_large_image","twitter_misc":{"Est. reading time":"4 minutes"},"schema":{"@context":"https:\/\/schema.org","@graph":[{"@type":"WebPage","@id":"https:\/\/baerbel-hoehn.de\/en\/about-me\/cv\/","url":"https:\/\/baerbel-hoehn.de\/en\/about-me\/cv\/","name":"CV - B\u00e4rbel H\u00f6hn","isPartOf":{"@id":"https:\/\/baerbel-hoehn.de\/en\/#website"},"primaryImageOfPage":{"@id":"https:\/\/baerbel-hoehn.de\/en\/about-me\/cv\/#primaryimage"},"image":{"@id":"https:\/\/baerbel-hoehn.de\/en\/about-me\/cv\/#primaryimage"},"thumbnailUrl":"https:\/\/baerbel-hoehn.de\/wp-content\/uploads\/2017\/10\/wappen-flensburg-mosaik-tegelbarg1-300x168.jpg","datePublished":"2017-10-31T12:27:39+00:00","dateModified":"2022-01-26T18:58:59+00:00","breadcrumb":{"@id":"https:\/\/baerbel-hoehn.de\/en\/about-me\/cv\/#breadcrumb"},"inLanguage":"en-US","potentialAction":[{"@type":"ReadAction","target":["https:\/\/baerbel-hoehn.de\/en\/about-me\/cv\/"]}]},{"@type":"ImageObject","inLanguage":"en-US","@id":"https:\/\/baerbel-hoehn.de\/en\/about-me\/cv\/#primaryimage","url":"https:\/\/baerbel-hoehn.de\/wp-content\/uploads\/2017\/10\/wappen-flensburg-mosaik-tegelbarg1-300x168.jpg","contentUrl":"https:\/\/baerbel-hoehn.de\/wp-content\/uploads\/2017\/10\/wappen-flensburg-mosaik-tegelbarg1-300x168.jpg"},{"@type":"BreadcrumbList","@id":"https:\/\/baerbel-hoehn.de\/en\/about-me\/cv\/#breadcrumb","itemListElement":[{"@type":"ListItem","position":1,"name":"Startseite","item":"https:\/\/baerbel-hoehn.de\/en\/"},{"@type":"ListItem","position":2,"name":"About me","item":"https:\/\/baerbel-hoehn.de\/en\/about-me\/"},{"@type":"ListItem","position":3,"name":"CV"}]},{"@type":"WebSite","@id":"https:\/\/baerbel-hoehn.de\/en\/#website","url":"https:\/\/baerbel-hoehn.de\/en\/","name":"B\u00e4rbel H\u00f6hn","description":"100 Percent Renewable Energies - For All!","potentialAction":[{"@type":"SearchAction","target":{"@type":"EntryPoint","urlTemplate":"https:\/\/baerbel-hoehn.de\/en\/?s={search_term_string}"},"query-input":{"@type":"PropertyValueSpecification","valueRequired":true,"valueName":"search_term_string"}}],"inLanguage":"en-US"}]}},"_links":{"self":[{"href":"https:\/\/baerbel-hoehn.de\/en\/wp-json\/wp\/v2\/pages\/194","targetHints":{"allow":["GET"]}}],"collection":[{"href":"https:\/\/baerbel-hoehn.de\/en\/wp-json\/wp\/v2\/pages"}],"about":[{"href":"https:\/\/baerbel-hoehn.de\/en\/wp-json\/wp\/v2\/types\/page"}],"author":[{"embeddable":true,"href":"https:\/\/baerbel-hoehn.de\/en\/wp-json\/wp\/v2\/users\/2"}],"replies":[{"embeddable":true,"href":"https:\/\/baerbel-hoehn.de\/en\/wp-json\/wp\/v2\/comments?post=194"}],"version-history":[{"count":6,"href":"https:\/\/baerbel-hoehn.de\/en\/wp-json\/wp\/v2\/pages\/194\/revisions"}],"predecessor-version":[{"id":563,"href":"https:\/\/baerbel-hoehn.de\/en\/wp-json\/wp\/v2\/pages\/194\/revisions\/563"}],"up":[{"embeddable":true,"href":"https:\/\/baerbel-hoehn.de\/en\/wp-json\/wp\/v2\/pages\/128"}],"wp:attachment":[{"href":"https:\/\/baerbel-hoehn.de\/en\/wp-json\/wp\/v2\/media?parent=194"}],"curies":[{"name":"wp","href":"https:\/\/api.w.org\/{rel}","templated":true}]}}