{"id":159,"date":"2017-10-25T10:18:57","date_gmt":"2017-10-25T09:18:57","guid":{"rendered":"https:\/\/baerbel-hoehn.de\/meine-themen\/"},"modified":"2022-02-16T16:04:22","modified_gmt":"2022-02-16T15:04:22","slug":"my-vision","status":"publish","type":"page","link":"https:\/\/baerbel-hoehn.de\/en\/about-me\/my-vision\/","title":{"rendered":"My Vision"},"content":{"rendered":"<h4>Nuclear Phase-Out and &#8216;Energiewende&#8217;<\/h4>\n<p>Nuclear Power is an incalculable high risk technology and must be stopped. Instead, we have to use renewable energies which are safe, cheap and more reliable. Germany&#8217;s renewable-energy-law (EEG) has lead not only to an increase in clean power in Germany, but also to a global decline in costs for PV and wind. Now we have to continue to make the right investments. The future is clean, decentral and renewable!<\/p>\n<h4>Radical Climate Protection<\/h4>\n<p>Climate Change is already showing its effects all around the world &#8211; in Africa as well as in Germany. That&#8217;s why we have to increase our efforts dramatically. We have to stop all dirty investments (Divestment), increase energy efficiency, scale up renewables and leave fossil fuels where there belong: in the ground!<\/p>\n<h4>Environment, Consumer Rights, Agriculture and Fair Trade<\/h4>\n<p>A sound environment is the basis for our very existence and a worthwhile future for our children. Consumers have to be able to make free and well-informed decisions. That is why we have to restrict and control corporate power and strenghten green consumption. This also includes a turn toward sustainable agriculture without dangerous genetic modification and industrial livestock farming which hurts animals and humans alike. I also stand for a fair trade regime and more solidarity in the global economic system.<\/p>\n<div id='gallery-1' class='gallery galleryid-159 gallery-columns-3 gallery-size-thumbnail'><figure class='gallery-item'>\n\t\t\t<div class='gallery-icon landscape'>\n\t\t\t\t<a href='https:\/\/baerbel-hoehn.de\/wp-content\/uploads\/2022\/02\/IMG_3575.jpeg'><img loading=\"lazy\" decoding=\"async\" width=\"150\" height=\"150\" src=\"https:\/\/baerbel-hoehn.de\/wp-content\/uploads\/2022\/02\/IMG_3575-150x150.jpeg\" class=\"attachment-thumbnail size-thumbnail\" alt=\"\" srcset=\"https:\/\/baerbel-hoehn.de\/wp-content\/uploads\/2022\/02\/IMG_3575-150x150.jpeg 150w, https:\/\/baerbel-hoehn.de\/wp-content\/uploads\/2022\/02\/IMG_3575-100x100.jpeg 100w\" sizes=\"auto, 100vw\" \/><\/a>\n\t\t\t<\/div><\/figure><figure class='gallery-item'>\n\t\t\t<div class='gallery-icon landscape'>\n\t\t\t\t<a href='https:\/\/baerbel-hoehn.de\/wp-content\/uploads\/2022\/01\/IMG_1447.jpeg'><img loading=\"lazy\" decoding=\"async\" width=\"150\" height=\"150\" src=\"https:\/\/baerbel-hoehn.de\/wp-content\/uploads\/2022\/01\/IMG_1447-150x150.jpeg\" class=\"attachment-thumbnail size-thumbnail\" alt=\"\" srcset=\"https:\/\/baerbel-hoehn.de\/wp-content\/uploads\/2022\/01\/IMG_1447-150x150.jpeg 150w, https:\/\/baerbel-hoehn.de\/wp-content\/uploads\/2022\/01\/IMG_1447-100x100.jpeg 100w\" sizes=\"auto, 100vw\" \/><\/a>\n\t\t\t<\/div><\/figure><figure class='gallery-item'>\n\t\t\t<div class='gallery-icon landscape'>\n\t\t\t\t<a href='https:\/\/baerbel-hoehn.de\/wp-content\/uploads\/2022\/01\/IMG_7404.jpeg'><img loading=\"lazy\" decoding=\"async\" width=\"150\" height=\"150\" src=\"https:\/\/baerbel-hoehn.de\/wp-content\/uploads\/2022\/01\/IMG_7404-150x150.jpeg\" class=\"attachment-thumbnail size-thumbnail\" alt=\"\" srcset=\"https:\/\/baerbel-hoehn.de\/wp-content\/uploads\/2022\/01\/IMG_7404-150x150.jpeg 150w, https:\/\/baerbel-hoehn.de\/wp-content\/uploads\/2022\/01\/IMG_7404-100x100.jpeg 100w\" sizes=\"auto, 100vw\" \/><\/a>\n\t\t\t<\/div><\/figure><figure class='gallery-item'>\n\t\t\t<div class='gallery-icon portrait'>\n\t\t\t\t<a href='https:\/\/baerbel-hoehn.de\/wp-content\/uploads\/2022\/01\/IMG_0150.jpeg'><img loading=\"lazy\" decoding=\"async\" width=\"150\" height=\"150\" src=\"https:\/\/baerbel-hoehn.de\/wp-content\/uploads\/2022\/01\/IMG_0150-150x150.jpeg\" class=\"attachment-thumbnail size-thumbnail\" alt=\"Erdnussbuttermaschine in Mosambik, angetrieben von Erneuerbaren Energien\" srcset=\"https:\/\/baerbel-hoehn.de\/wp-content\/uploads\/2022\/01\/IMG_0150-150x150.jpeg 150w, https:\/\/baerbel-hoehn.de\/wp-content\/uploads\/2022\/01\/IMG_0150-100x100.jpeg 100w\" sizes=\"auto, 100vw\" \/><\/a>\n\t\t\t<\/div><\/figure><figure class='gallery-item'>\n\t\t\t<div class='gallery-icon landscape'>\n\t\t\t\t<a href='https:\/\/baerbel-hoehn.de\/wp-content\/uploads\/2022\/01\/IMG_1679.jpg'><img loading=\"lazy\" decoding=\"async\" width=\"150\" height=\"150\" src=\"https:\/\/baerbel-hoehn.de\/wp-content\/uploads\/2022\/01\/IMG_1679-150x150.jpg\" class=\"attachment-thumbnail size-thumbnail\" alt=\"Gespr\u00e4ch mit Sch\u00fcler*innen in \u00c4thiopien\" srcset=\"https:\/\/baerbel-hoehn.de\/wp-content\/uploads\/2022\/01\/IMG_1679-150x150.jpg 150w, https:\/\/baerbel-hoehn.de\/wp-content\/uploads\/2022\/01\/IMG_1679-100x100.jpg 100w\" sizes=\"auto, 100vw\" \/><\/a>\n\t\t\t<\/div><\/figure><figure class='gallery-item'>\n\t\t\t<div class='gallery-icon landscape'>\n\t\t\t\t<a href='https:\/\/baerbel-hoehn.de\/wp-content\/uploads\/2022\/02\/IMG_4831-e1510411382880.jpeg'><img loading=\"lazy\" decoding=\"async\" width=\"150\" height=\"150\" src=\"https:\/\/baerbel-hoehn.de\/wp-content\/uploads\/2022\/02\/IMG_4831-e1510411382880-150x150.jpeg\" class=\"attachment-thumbnail size-thumbnail\" alt=\"\" srcset=\"https:\/\/baerbel-hoehn.de\/wp-content\/uploads\/2022\/02\/IMG_4831-e1510411382880-150x150.jpeg 150w, https:\/\/baerbel-hoehn.de\/wp-content\/uploads\/2022\/02\/IMG_4831-e1510411382880-100x100.jpeg 100w\" sizes=\"auto, 100vw\" \/><\/a>\n\t\t\t<\/div><\/figure><figure class='gallery-item'>\n\t\t\t<div class='gallery-icon portrait'>\n\t\t\t\t<a href='https:\/\/baerbel-hoehn.de\/wp-content\/uploads\/2022\/01\/IMG_3122.jpeg'><img loading=\"lazy\" decoding=\"async\" width=\"150\" height=\"150\" src=\"https:\/\/baerbel-hoehn.de\/wp-content\/uploads\/2022\/01\/IMG_3122-150x150.jpeg\" class=\"attachment-thumbnail size-thumbnail\" alt=\"Fraueninitiative in Kenia, die Obst und Gem\u00fcse trocknen und verarbeiten\" srcset=\"https:\/\/baerbel-hoehn.de\/wp-content\/uploads\/2022\/01\/IMG_3122-150x150.jpeg 150w, https:\/\/baerbel-hoehn.de\/wp-content\/uploads\/2022\/01\/IMG_3122-100x100.jpeg 100w\" sizes=\"auto, 100vw\" \/><\/a>\n\t\t\t<\/div><\/figure><figure class='gallery-item'>\n\t\t\t<div class='gallery-icon landscape'>\n\t\t\t\t<a href='https:\/\/baerbel-hoehn.de\/wp-content\/uploads\/2022\/02\/IMG_1369.jpeg'><img loading=\"lazy\" decoding=\"async\" width=\"150\" height=\"150\" src=\"https:\/\/baerbel-hoehn.de\/wp-content\/uploads\/2022\/02\/IMG_1369-150x150.jpeg\" class=\"attachment-thumbnail size-thumbnail\" alt=\"\" srcset=\"https:\/\/baerbel-hoehn.de\/wp-content\/uploads\/2022\/02\/IMG_1369-150x150.jpeg 150w, https:\/\/baerbel-hoehn.de\/wp-content\/uploads\/2022\/02\/IMG_1369-100x100.jpeg 100w\" sizes=\"auto, 100vw\" \/><\/a>\n\t\t\t<\/div><\/figure><figure class='gallery-item'>\n\t\t\t<div class='gallery-icon landscape'>\n\t\t\t\t<a href='https:\/\/baerbel-hoehn.de\/wp-content\/uploads\/2022\/01\/IMG_3327.jpeg'><img loading=\"lazy\" decoding=\"async\" width=\"150\" height=\"150\" src=\"https:\/\/baerbel-hoehn.de\/wp-content\/uploads\/2022\/01\/IMG_3327-150x150.jpeg\" class=\"attachment-thumbnail size-thumbnail\" alt=\"Photovoltaikanlage mit lokalem Netz f\u00fcr ein Dorf in Mali, finanziell unterst\u00fctzt von der KfW\" srcset=\"https:\/\/baerbel-hoehn.de\/wp-content\/uploads\/2022\/01\/IMG_3327-150x150.jpeg 150w, https:\/\/baerbel-hoehn.de\/wp-content\/uploads\/2022\/01\/IMG_3327-100x100.jpeg 100w\" sizes=\"auto, 100vw\" \/><\/a>\n\t\t\t<\/div><\/figure><figure class='gallery-item'>\n\t\t\t<div class='gallery-icon landscape'>\n\t\t\t\t<a href='https:\/\/baerbel-hoehn.de\/wp-content\/uploads\/2017\/10\/Letzte-Rede.jpg'><img loading=\"lazy\" decoding=\"async\" width=\"150\" height=\"150\" src=\"https:\/\/baerbel-hoehn.de\/wp-content\/uploads\/2017\/10\/Letzte-Rede-150x150.jpg\" class=\"attachment-thumbnail size-thumbnail\" alt=\"\" srcset=\"https:\/\/baerbel-hoehn.de\/wp-content\/uploads\/2017\/10\/Letzte-Rede-150x150.jpg 150w, https:\/\/baerbel-hoehn.de\/wp-content\/uploads\/2017\/10\/Letzte-Rede-100x100.jpg 100w\" sizes=\"auto, 100vw\" \/><\/a>\n\t\t\t<\/div><\/figure><figure class='gallery-item'>\n\t\t\t<div class='gallery-icon landscape'>\n\t\t\t\t<a href='https:\/\/baerbel-hoehn.de\/wp-content\/uploads\/2022\/01\/IMG_2011.jpeg'><img loading=\"lazy\" decoding=\"async\" width=\"150\" height=\"150\" src=\"https:\/\/baerbel-hoehn.de\/wp-content\/uploads\/2022\/01\/IMG_2011-150x150.jpeg\" class=\"attachment-thumbnail size-thumbnail\" alt=\"Fischerfrauen an der K\u00fcste von Senegal trocknen Fisch in der Sonne\" srcset=\"https:\/\/baerbel-hoehn.de\/wp-content\/uploads\/2022\/01\/IMG_2011-150x150.jpeg 150w, https:\/\/baerbel-hoehn.de\/wp-content\/uploads\/2022\/01\/IMG_2011-100x100.jpeg 100w\" sizes=\"auto, 100vw\" \/><\/a>\n\t\t\t<\/div><\/figure><figure class='gallery-item'>\n\t\t\t<div class='gallery-icon landscape'>\n\t\t\t\t<a href='https:\/\/baerbel-hoehn.de\/wp-content\/uploads\/2022\/01\/IMG_5723.jpeg'><img loading=\"lazy\" decoding=\"async\" width=\"150\" height=\"150\" src=\"https:\/\/baerbel-hoehn.de\/wp-content\/uploads\/2022\/01\/IMG_5723-150x150.jpeg\" class=\"attachment-thumbnail size-thumbnail\" alt=\"\" srcset=\"https:\/\/baerbel-hoehn.de\/wp-content\/uploads\/2022\/01\/IMG_5723-150x150.jpeg 150w, https:\/\/baerbel-hoehn.de\/wp-content\/uploads\/2022\/01\/IMG_5723-100x100.jpeg 100w\" sizes=\"auto, 100vw\" \/><\/a>\n\t\t\t<\/div><\/figure>\n\t\t<\/div>\n\n","protected":false},"excerpt":{"rendered":"<p>Nuclear Phase-Out and &#8216;Energiewende&#8217; Nuclear Power is an incalculable high risk technology and must be stopped. Instead, we have to use renewable energies which are safe, cheap and more reliable. Germany&#8217;s renewable-energy-law (EEG) has lead not only to an increase in clean power in Germany, but also to a global decline in costs for PV &hellip; <\/p>\n<p class=\"link-more\"><a href=\"https:\/\/baerbel-hoehn.de\/en\/about-me\/my-vision\/\" class=\"more-link\">Continue reading<span class=\"screen-reader-text\"> &#8220;My Vision&#8221;<\/span><\/a><\/p>\n","protected":false},"author":2,"featured_media":489,"parent":128,"menu_order":0,"comment_status":"closed","ping_status":"closed","template":"","meta":{"footnotes":""},"class_list":["post-159","page","type-page","status-publish","has-post-thumbnail","hentry"],"yoast_head":"<!-- This site is optimized with the Yoast SEO plugin v26.8 - https:\/\/yoast.com\/product\/yoast-seo-wordpress\/ -->\n<title>My Vision - B\u00e4rbel H\u00f6hn<\/title>\n<meta name=\"robots\" content=\"index, follow, max-snippet:-1, max-image-preview:large, max-video-preview:-1\" \/>\n<link rel=\"canonical\" href=\"https:\/\/baerbel-hoehn.de\/en\/about-me\/my-vision\/\" \/>\n<meta property=\"og:locale\" content=\"en_US\" \/>\n<meta property=\"og:type\" content=\"article\" \/>\n<meta property=\"og:title\" content=\"My Vision - B\u00e4rbel H\u00f6hn\" \/>\n<meta property=\"og:description\" content=\"Nuclear Phase-Out and &#8216;Energiewende&#8217; Nuclear Power is an incalculable high risk technology and must be stopped. Instead, we have to use renewable energies which are safe, cheap and more reliable. Germany&#8217;s renewable-energy-law (EEG) has lead not only to an increase in clean power in Germany, but also to a global decline in costs for PV &hellip; Continue reading &quot;My Vision&quot;\" \/>\n<meta property=\"og:url\" content=\"https:\/\/baerbel-hoehn.de\/en\/about-me\/my-vision\/\" \/>\n<meta property=\"og:site_name\" content=\"B\u00e4rbel H\u00f6hn\" \/>\n<meta property=\"article:modified_time\" content=\"2022-02-16T15:04:22+00:00\" \/>\n<meta property=\"og:image\" content=\"https:\/\/baerbel-hoehn.de\/wp-content\/uploads\/2017\/10\/solar-panel-241903.jpg\" \/>\n\t<meta property=\"og:image:width\" content=\"2592\" \/>\n\t<meta property=\"og:image:height\" content=\"1944\" \/>\n\t<meta property=\"og:image:type\" content=\"image\/jpeg\" \/>\n<meta name=\"twitter:card\" content=\"summary_large_image\" \/>\n<meta name=\"twitter:label1\" content=\"Est. reading time\" \/>\n\t<meta name=\"twitter:data1\" content=\"2 minutes\" \/>\n<script type=\"application\/ld+json\" class=\"yoast-schema-graph\">{\"@context\":\"https:\/\/schema.org\",\"@graph\":[{\"@type\":\"WebPage\",\"@id\":\"https:\/\/baerbel-hoehn.de\/en\/about-me\/my-vision\/\",\"url\":\"https:\/\/baerbel-hoehn.de\/en\/about-me\/my-vision\/\",\"name\":\"My Vision - B\u00e4rbel H\u00f6hn\",\"isPartOf\":{\"@id\":\"https:\/\/baerbel-hoehn.de\/en\/#website\"},\"primaryImageOfPage\":{\"@id\":\"https:\/\/baerbel-hoehn.de\/en\/about-me\/my-vision\/#primaryimage\"},\"image\":{\"@id\":\"https:\/\/baerbel-hoehn.de\/en\/about-me\/my-vision\/#primaryimage\"},\"thumbnailUrl\":\"https:\/\/baerbel-hoehn.de\/wp-content\/uploads\/2017\/10\/solar-panel-241903.jpg\",\"datePublished\":\"2017-10-25T09:18:57+00:00\",\"dateModified\":\"2022-02-16T15:04:22+00:00\",\"breadcrumb\":{\"@id\":\"https:\/\/baerbel-hoehn.de\/en\/about-me\/my-vision\/#breadcrumb\"},\"inLanguage\":\"en-US\",\"potentialAction\":[{\"@type\":\"ReadAction\",\"target\":[\"https:\/\/baerbel-hoehn.de\/en\/about-me\/my-vision\/\"]}]},{\"@type\":\"ImageObject\",\"inLanguage\":\"en-US\",\"@id\":\"https:\/\/baerbel-hoehn.de\/en\/about-me\/my-vision\/#primaryimage\",\"url\":\"https:\/\/baerbel-hoehn.de\/wp-content\/uploads\/2017\/10\/solar-panel-241903.jpg\",\"contentUrl\":\"https:\/\/baerbel-hoehn.de\/wp-content\/uploads\/2017\/10\/solar-panel-241903.jpg\",\"width\":2592,\"height\":1944},{\"@type\":\"BreadcrumbList\",\"@id\":\"https:\/\/baerbel-hoehn.de\/en\/about-me\/my-vision\/#breadcrumb\",\"itemListElement\":[{\"@type\":\"ListItem\",\"position\":1,\"name\":\"Startseite\",\"item\":\"https:\/\/baerbel-hoehn.de\/en\/\"},{\"@type\":\"ListItem\",\"position\":2,\"name\":\"About me\",\"item\":\"https:\/\/baerbel-hoehn.de\/en\/about-me\/\"},{\"@type\":\"ListItem\",\"position\":3,\"name\":\"My Vision\"}]},{\"@type\":\"WebSite\",\"@id\":\"https:\/\/baerbel-hoehn.de\/en\/#website\",\"url\":\"https:\/\/baerbel-hoehn.de\/en\/\",\"name\":\"B\u00e4rbel H\u00f6hn\",\"description\":\"100 Percent Renewable Energies - For All!\",\"potentialAction\":[{\"@type\":\"SearchAction\",\"target\":{\"@type\":\"EntryPoint\",\"urlTemplate\":\"https:\/\/baerbel-hoehn.de\/en\/?s={search_term_string}\"},\"query-input\":{\"@type\":\"PropertyValueSpecification\",\"valueRequired\":true,\"valueName\":\"search_term_string\"}}],\"inLanguage\":\"en-US\"}]}<\/script>\n<!-- \/ Yoast SEO plugin. -->","yoast_head_json":{"title":"My Vision - B\u00e4rbel H\u00f6hn","robots":{"index":"index","follow":"follow","max-snippet":"max-snippet:-1","max-image-preview":"max-image-preview:large","max-video-preview":"max-video-preview:-1"},"canonical":"https:\/\/baerbel-hoehn.de\/en\/about-me\/my-vision\/","og_locale":"en_US","og_type":"article","og_title":"My Vision - B\u00e4rbel H\u00f6hn","og_description":"Nuclear Phase-Out and &#8216;Energiewende&#8217; Nuclear Power is an incalculable high risk technology and must be stopped. Instead, we have to use renewable energies which are safe, cheap and more reliable. Germany&#8217;s renewable-energy-law (EEG) has lead not only to an increase in clean power in Germany, but also to a global decline in costs for PV &hellip; Continue reading \"My Vision\"","og_url":"https:\/\/baerbel-hoehn.de\/en\/about-me\/my-vision\/","og_site_name":"B\u00e4rbel H\u00f6hn","article_modified_time":"2022-02-16T15:04:22+00:00","og_image":[{"width":2592,"height":1944,"url":"https:\/\/baerbel-hoehn.de\/wp-content\/uploads\/2017\/10\/solar-panel-241903.jpg","type":"image\/jpeg"}],"twitter_card":"summary_large_image","twitter_misc":{"Est. reading time":"2 minutes"},"schema":{"@context":"https:\/\/schema.org","@graph":[{"@type":"WebPage","@id":"https:\/\/baerbel-hoehn.de\/en\/about-me\/my-vision\/","url":"https:\/\/baerbel-hoehn.de\/en\/about-me\/my-vision\/","name":"My Vision - B\u00e4rbel H\u00f6hn","isPartOf":{"@id":"https:\/\/baerbel-hoehn.de\/en\/#website"},"primaryImageOfPage":{"@id":"https:\/\/baerbel-hoehn.de\/en\/about-me\/my-vision\/#primaryimage"},"image":{"@id":"https:\/\/baerbel-hoehn.de\/en\/about-me\/my-vision\/#primaryimage"},"thumbnailUrl":"https:\/\/baerbel-hoehn.de\/wp-content\/uploads\/2017\/10\/solar-panel-241903.jpg","datePublished":"2017-10-25T09:18:57+00:00","dateModified":"2022-02-16T15:04:22+00:00","breadcrumb":{"@id":"https:\/\/baerbel-hoehn.de\/en\/about-me\/my-vision\/#breadcrumb"},"inLanguage":"en-US","potentialAction":[{"@type":"ReadAction","target":["https:\/\/baerbel-hoehn.de\/en\/about-me\/my-vision\/"]}]},{"@type":"ImageObject","inLanguage":"en-US","@id":"https:\/\/baerbel-hoehn.de\/en\/about-me\/my-vision\/#primaryimage","url":"https:\/\/baerbel-hoehn.de\/wp-content\/uploads\/2017\/10\/solar-panel-241903.jpg","contentUrl":"https:\/\/baerbel-hoehn.de\/wp-content\/uploads\/2017\/10\/solar-panel-241903.jpg","width":2592,"height":1944},{"@type":"BreadcrumbList","@id":"https:\/\/baerbel-hoehn.de\/en\/about-me\/my-vision\/#breadcrumb","itemListElement":[{"@type":"ListItem","position":1,"name":"Startseite","item":"https:\/\/baerbel-hoehn.de\/en\/"},{"@type":"ListItem","position":2,"name":"About me","item":"https:\/\/baerbel-hoehn.de\/en\/about-me\/"},{"@type":"ListItem","position":3,"name":"My Vision"}]},{"@type":"WebSite","@id":"https:\/\/baerbel-hoehn.de\/en\/#website","url":"https:\/\/baerbel-hoehn.de\/en\/","name":"B\u00e4rbel H\u00f6hn","description":"100 Percent Renewable Energies - For All!","potentialAction":[{"@type":"SearchAction","target":{"@type":"EntryPoint","urlTemplate":"https:\/\/baerbel-hoehn.de\/en\/?s={search_term_string}"},"query-input":{"@type":"PropertyValueSpecification","valueRequired":true,"valueName":"search_term_string"}}],"inLanguage":"en-US"}]}},"_links":{"self":[{"href":"https:\/\/baerbel-hoehn.de\/en\/wp-json\/wp\/v2\/pages\/159","targetHints":{"allow":["GET"]}}],"collection":[{"href":"https:\/\/baerbel-hoehn.de\/en\/wp-json\/wp\/v2\/pages"}],"about":[{"href":"https:\/\/baerbel-hoehn.de\/en\/wp-json\/wp\/v2\/types\/page"}],"author":[{"embeddable":true,"href":"https:\/\/baerbel-hoehn.de\/en\/wp-json\/wp\/v2\/users\/2"}],"replies":[{"embeddable":true,"href":"https:\/\/baerbel-hoehn.de\/en\/wp-json\/wp\/v2\/comments?post=159"}],"version-history":[{"count":15,"href":"https:\/\/baerbel-hoehn.de\/en\/wp-json\/wp\/v2\/pages\/159\/revisions"}],"predecessor-version":[{"id":665,"href":"https:\/\/baerbel-hoehn.de\/en\/wp-json\/wp\/v2\/pages\/159\/revisions\/665"}],"up":[{"embeddable":true,"href":"https:\/\/baerbel-hoehn.de\/en\/wp-json\/wp\/v2\/pages\/128"}],"wp:featuredmedia":[{"embeddable":true,"href":"https:\/\/baerbel-hoehn.de\/en\/wp-json\/wp\/v2\/media\/489"}],"wp:attachment":[{"href":"https:\/\/baerbel-hoehn.de\/en\/wp-json\/wp\/v2\/media?parent=159"}],"curies":[{"name":"wp","href":"https:\/\/api.w.org\/{rel}","templated":true}]}}