{"id":149,"date":"2017-10-25T15:18:18","date_gmt":"2017-10-25T14:18:18","guid":{"rendered":"https:\/\/baerbel-hoehn.de\/?page_id=149"},"modified":"2020-04-14T11:50:05","modified_gmt":"2020-04-14T10:50:05","slug":"impressumimprint","status":"publish","type":"page","link":"https:\/\/baerbel-hoehn.de\/en\/impressumimprint\/","title":{"rendered":"Impressum\/Imprint"},"content":{"rendered":"<div class=\"csc-header csc-header-n1\">\n<h1 class=\"csc-firstHeader\">Impressum\/Imprint<\/h1>\n<\/div>\n<div class=\"csc-textpic-text\">\n<p class=\"bodytext\"><b>ViSdP<\/b><\/p>\n<p class=\"bodytext\">B\u00e4rbel H\u00f6hn, MdB\u00a0<b><br \/>\n<\/b>Platz der Republik<br \/>\n111011 Berlin<\/p>\n<p>Telefon 030 227 74 519<br \/>\n<a href=\"https:\/\/baerbel-hoehn.de\/kontakt\/\">eMail\u00a0<\/a><\/p>\n<p class=\"bodytext\">\n<p class=\"bodytext\"><b>Bildrechte<\/b><\/p>\n<p class=\"bodytext\">Foto Titelbild: Ingo Kuzia, fotowork-kuzia.de<\/p>\n<p class=\"bodytext\">weitere Bilder:\u00a0<a class=\"external-link-new-window\" title=\"Opens external link in new window\" href=\"https:\/\/pixabay.com\/\" target=\"_blank\" rel=\"noopener noreferrer\">pixabay<\/a>, <a href=\"https:\/\/pixabay.com\/de\/erwachsene-gesch%C3%A4ft-computer-2178566\/\" target=\"_blank\" rel=\"noopener noreferrer\">Pexels<\/a>, <a href=\"https:\/\/pixabay.com\/de\/solar-panel-dach-stroh-h%C3%BCtte-solar-241903\/\" target=\"_blank\" rel=\"noopener noreferrer\">cotrim<\/a>.<\/p>\n<p>&nbsp;<\/p>\n<p class=\"bodytext\"><b>Haftung f\u00fcr Links<\/b><\/p>\n<p class=\"bodytext\">Durch das Urteil vom 12. Mai 1998 &#8220;Haftung f\u00fcr Links&#8221;\u00a0 hat das Landgericht Hamburg eindeutig entschieden, dass man durch die Anbringung eines Links die Inhalte der gelinkten Seite mit zu verantworten hat, also haftbar gemacht werden kann; dies kann nur dadurch verhindert werden, indem man sich ausdr\u00fccklich von diesen Inhalten distanziert.<\/p>\n<p class=\"bodytext\">B\u00e4rbel H\u00f6hn distanziert sich hiermit ausdr\u00fccklich von allen Inhalten s\u00e4mtlicher gelinkter Seiten und verweist darauf, dass sie weder Einfluss auf die Gestaltung und Inhalte der gelinkten Seiten hat, noch sich diese Inhalte zu eigen macht.<\/p>\n<\/div>\n","protected":false},"excerpt":{"rendered":"<p>Impressum\/Imprint ViSdP B\u00e4rbel H\u00f6hn, MdB\u00a0 Platz der Republik 111011 Berlin Telefon 030 227 74 519 eMail\u00a0 Bildrechte Foto Titelbild: Ingo Kuzia, fotowork-kuzia.de weitere Bilder:\u00a0pixabay, Pexels, cotrim. &nbsp; Haftung f\u00fcr Links Durch das Urteil vom 12. Mai 1998 &#8220;Haftung f\u00fcr Links&#8221;\u00a0 hat das Landgericht Hamburg eindeutig entschieden, dass man durch die Anbringung eines Links die Inhalte &hellip; <\/p>\n<p class=\"link-more\"><a href=\"https:\/\/baerbel-hoehn.de\/en\/impressumimprint\/\" class=\"more-link\">Continue reading<span class=\"screen-reader-text\"> &#8220;Impressum\/Imprint&#8221;<\/span><\/a><\/p>\n","protected":false},"author":2,"featured_media":0,"parent":0,"menu_order":0,"comment_status":"open","ping_status":"closed","template":"","meta":{"footnotes":""},"class_list":["post-149","page","type-page","status-publish","hentry"],"yoast_head":"<!-- This site is optimized with the Yoast SEO plugin v26.8 - https:\/\/yoast.com\/product\/yoast-seo-wordpress\/ -->\n<title>Impressum\/Imprint - B\u00e4rbel H\u00f6hn<\/title>\n<meta name=\"robots\" content=\"index, follow, max-snippet:-1, max-image-preview:large, max-video-preview:-1\" \/>\n<link rel=\"canonical\" href=\"https:\/\/baerbel-hoehn.de\/en\/impressumimprint\/\" \/>\n<meta property=\"og:locale\" content=\"en_US\" \/>\n<meta property=\"og:type\" content=\"article\" \/>\n<meta property=\"og:title\" content=\"Impressum\/Imprint - B\u00e4rbel H\u00f6hn\" \/>\n<meta property=\"og:description\" content=\"Impressum\/Imprint ViSdP B\u00e4rbel H\u00f6hn, MdB\u00a0 Platz der Republik 111011 Berlin Telefon 030 227 74 519 eMail\u00a0 Bildrechte Foto Titelbild: Ingo Kuzia, fotowork-kuzia.de weitere Bilder:\u00a0pixabay, Pexels, cotrim. &nbsp; Haftung f\u00fcr Links Durch das Urteil vom 12. Mai 1998 &#8220;Haftung f\u00fcr Links&#8221;\u00a0 hat das Landgericht Hamburg eindeutig entschieden, dass man durch die Anbringung eines Links die Inhalte &hellip; Continue reading &quot;Impressum\/Imprint&quot;\" \/>\n<meta property=\"og:url\" content=\"https:\/\/baerbel-hoehn.de\/en\/impressumimprint\/\" \/>\n<meta property=\"og:site_name\" content=\"B\u00e4rbel H\u00f6hn\" \/>\n<meta property=\"article:modified_time\" content=\"2020-04-14T10:50:05+00:00\" \/>\n<meta name=\"twitter:card\" content=\"summary_large_image\" \/>\n<meta name=\"twitter:label1\" content=\"Est. reading time\" \/>\n\t<meta name=\"twitter:data1\" content=\"1 minute\" \/>\n<script type=\"application\/ld+json\" class=\"yoast-schema-graph\">{\"@context\":\"https:\/\/schema.org\",\"@graph\":[{\"@type\":\"WebPage\",\"@id\":\"https:\/\/baerbel-hoehn.de\/en\/impressumimprint\/\",\"url\":\"https:\/\/baerbel-hoehn.de\/en\/impressumimprint\/\",\"name\":\"Impressum\/Imprint - B\u00e4rbel H\u00f6hn\",\"isPartOf\":{\"@id\":\"https:\/\/baerbel-hoehn.de\/en\/#website\"},\"datePublished\":\"2017-10-25T14:18:18+00:00\",\"dateModified\":\"2020-04-14T10:50:05+00:00\",\"breadcrumb\":{\"@id\":\"https:\/\/baerbel-hoehn.de\/en\/impressumimprint\/#breadcrumb\"},\"inLanguage\":\"en-US\",\"potentialAction\":[{\"@type\":\"ReadAction\",\"target\":[\"https:\/\/baerbel-hoehn.de\/en\/impressumimprint\/\"]}]},{\"@type\":\"BreadcrumbList\",\"@id\":\"https:\/\/baerbel-hoehn.de\/en\/impressumimprint\/#breadcrumb\",\"itemListElement\":[{\"@type\":\"ListItem\",\"position\":1,\"name\":\"Startseite\",\"item\":\"https:\/\/baerbel-hoehn.de\/en\/\"},{\"@type\":\"ListItem\",\"position\":2,\"name\":\"Impressum\/Imprint\"}]},{\"@type\":\"WebSite\",\"@id\":\"https:\/\/baerbel-hoehn.de\/en\/#website\",\"url\":\"https:\/\/baerbel-hoehn.de\/en\/\",\"name\":\"B\u00e4rbel H\u00f6hn\",\"description\":\"100 Percent Renewable Energies - For All!\",\"potentialAction\":[{\"@type\":\"SearchAction\",\"target\":{\"@type\":\"EntryPoint\",\"urlTemplate\":\"https:\/\/baerbel-hoehn.de\/en\/?s={search_term_string}\"},\"query-input\":{\"@type\":\"PropertyValueSpecification\",\"valueRequired\":true,\"valueName\":\"search_term_string\"}}],\"inLanguage\":\"en-US\"}]}<\/script>\n<!-- \/ Yoast SEO plugin. -->","yoast_head_json":{"title":"Impressum\/Imprint - B\u00e4rbel H\u00f6hn","robots":{"index":"index","follow":"follow","max-snippet":"max-snippet:-1","max-image-preview":"max-image-preview:large","max-video-preview":"max-video-preview:-1"},"canonical":"https:\/\/baerbel-hoehn.de\/en\/impressumimprint\/","og_locale":"en_US","og_type":"article","og_title":"Impressum\/Imprint - B\u00e4rbel H\u00f6hn","og_description":"Impressum\/Imprint ViSdP B\u00e4rbel H\u00f6hn, MdB\u00a0 Platz der Republik 111011 Berlin Telefon 030 227 74 519 eMail\u00a0 Bildrechte Foto Titelbild: Ingo Kuzia, fotowork-kuzia.de weitere Bilder:\u00a0pixabay, Pexels, cotrim. &nbsp; Haftung f\u00fcr Links Durch das Urteil vom 12. Mai 1998 &#8220;Haftung f\u00fcr Links&#8221;\u00a0 hat das Landgericht Hamburg eindeutig entschieden, dass man durch die Anbringung eines Links die Inhalte &hellip; Continue reading \"Impressum\/Imprint\"","og_url":"https:\/\/baerbel-hoehn.de\/en\/impressumimprint\/","og_site_name":"B\u00e4rbel H\u00f6hn","article_modified_time":"2020-04-14T10:50:05+00:00","twitter_card":"summary_large_image","twitter_misc":{"Est. reading time":"1 minute"},"schema":{"@context":"https:\/\/schema.org","@graph":[{"@type":"WebPage","@id":"https:\/\/baerbel-hoehn.de\/en\/impressumimprint\/","url":"https:\/\/baerbel-hoehn.de\/en\/impressumimprint\/","name":"Impressum\/Imprint - B\u00e4rbel H\u00f6hn","isPartOf":{"@id":"https:\/\/baerbel-hoehn.de\/en\/#website"},"datePublished":"2017-10-25T14:18:18+00:00","dateModified":"2020-04-14T10:50:05+00:00","breadcrumb":{"@id":"https:\/\/baerbel-hoehn.de\/en\/impressumimprint\/#breadcrumb"},"inLanguage":"en-US","potentialAction":[{"@type":"ReadAction","target":["https:\/\/baerbel-hoehn.de\/en\/impressumimprint\/"]}]},{"@type":"BreadcrumbList","@id":"https:\/\/baerbel-hoehn.de\/en\/impressumimprint\/#breadcrumb","itemListElement":[{"@type":"ListItem","position":1,"name":"Startseite","item":"https:\/\/baerbel-hoehn.de\/en\/"},{"@type":"ListItem","position":2,"name":"Impressum\/Imprint"}]},{"@type":"WebSite","@id":"https:\/\/baerbel-hoehn.de\/en\/#website","url":"https:\/\/baerbel-hoehn.de\/en\/","name":"B\u00e4rbel H\u00f6hn","description":"100 Percent Renewable Energies - For All!","potentialAction":[{"@type":"SearchAction","target":{"@type":"EntryPoint","urlTemplate":"https:\/\/baerbel-hoehn.de\/en\/?s={search_term_string}"},"query-input":{"@type":"PropertyValueSpecification","valueRequired":true,"valueName":"search_term_string"}}],"inLanguage":"en-US"}]}},"_links":{"self":[{"href":"https:\/\/baerbel-hoehn.de\/en\/wp-json\/wp\/v2\/pages\/149","targetHints":{"allow":["GET"]}}],"collection":[{"href":"https:\/\/baerbel-hoehn.de\/en\/wp-json\/wp\/v2\/pages"}],"about":[{"href":"https:\/\/baerbel-hoehn.de\/en\/wp-json\/wp\/v2\/types\/page"}],"author":[{"embeddable":true,"href":"https:\/\/baerbel-hoehn.de\/en\/wp-json\/wp\/v2\/users\/2"}],"replies":[{"embeddable":true,"href":"https:\/\/baerbel-hoehn.de\/en\/wp-json\/wp\/v2\/comments?post=149"}],"version-history":[{"count":2,"href":"https:\/\/baerbel-hoehn.de\/en\/wp-json\/wp\/v2\/pages\/149\/revisions"}],"predecessor-version":[{"id":534,"href":"https:\/\/baerbel-hoehn.de\/en\/wp-json\/wp\/v2\/pages\/149\/revisions\/534"}],"wp:attachment":[{"href":"https:\/\/baerbel-hoehn.de\/en\/wp-json\/wp\/v2\/media?parent=149"}],"curies":[{"name":"wp","href":"https:\/\/api.w.org\/{rel}","templated":true}]}}