{"id":128,"date":"2017-10-25T14:57:02","date_gmt":"2017-10-25T13:57:02","guid":{"rendered":"https:\/\/baerbel-hoehn.de\/?page_id=128"},"modified":"2022-02-01T12:06:06","modified_gmt":"2022-02-01T11:06:06","slug":"about-me","status":"publish","type":"page","link":"https:\/\/baerbel-hoehn.de\/en\/about-me\/","title":{"rendered":"About me"},"content":{"rendered":"<p>My name ist B\u00e4rbel H\u00f6hn, born in 1952, and I live in Oberhausen in the German state of North-Rhine-Westphalia. I am\u00a0Energy Commissioner for Africa of the Federal Ministry for Economic Cooperation and Development (BMZ) together with my colleague Josef G\u00f6ppel of the CSU since November 1, 2017.<\/p>\n<p>Before my current position, I was a state minister and member of the federal Parliament for over 20 years. Fighting climate change and protecting the environment were the prime reasons for me to get into politics in the 1980s.<\/p>\n<p><img loading=\"lazy\" decoding=\"async\" class=\"aligncenter wp-image-15 size-full\" src=\"https:\/\/baerbel-hoehn.de\/wp-content\/uploads\/2017\/10\/Hoehn695_3.jpg\" alt=\"B\u00e4rbel H\u00f6hn im PLH 2014\" width=\"695\" height=\"391\" srcset=\"https:\/\/baerbel-hoehn.de\/wp-content\/uploads\/2017\/10\/Hoehn695_3.jpg 695w, https:\/\/baerbel-hoehn.de\/wp-content\/uploads\/2017\/10\/Hoehn695_3-300x169.jpg 300w\" sizes=\"auto, (max-width: 695px) 100vw, 695px\" \/><\/p>\n<div class=\"csc-header csc-header-n2\">\n<hr \/>\n<\/div>\n","protected":false},"excerpt":{"rendered":"<p>My name ist B\u00e4rbel H\u00f6hn, born in 1952, and I live in Oberhausen in the German state of North-Rhine-Westphalia. I am\u00a0Energy Commissioner for Africa of the Federal Ministry for Economic Cooperation and Development (BMZ) together with my colleague Josef G\u00f6ppel of the CSU since November 1, 2017. Before my current position, I was a state &hellip; <\/p>\n<p class=\"link-more\"><a href=\"https:\/\/baerbel-hoehn.de\/en\/about-me\/\" class=\"more-link\">Continue reading<span class=\"screen-reader-text\"> &#8220;About me&#8221;<\/span><\/a><\/p>\n","protected":false},"author":2,"featured_media":0,"parent":0,"menu_order":1,"comment_status":"closed","ping_status":"closed","template":"","meta":{"footnotes":""},"class_list":["post-128","page","type-page","status-publish","hentry"],"yoast_head":"<!-- This site is optimized with the Yoast SEO plugin v26.8 - https:\/\/yoast.com\/product\/yoast-seo-wordpress\/ -->\n<title>About me - B\u00e4rbel H\u00f6hn<\/title>\n<meta name=\"robots\" content=\"index, follow, max-snippet:-1, max-image-preview:large, max-video-preview:-1\" \/>\n<link rel=\"canonical\" href=\"https:\/\/baerbel-hoehn.de\/en\/about-me\/\" \/>\n<meta property=\"og:locale\" content=\"en_US\" \/>\n<meta property=\"og:type\" content=\"article\" \/>\n<meta property=\"og:title\" content=\"About me - B\u00e4rbel H\u00f6hn\" \/>\n<meta property=\"og:description\" content=\"My name ist B\u00e4rbel H\u00f6hn, born in 1952, and I live in Oberhausen in the German state of North-Rhine-Westphalia. I am\u00a0Energy Commissioner for Africa of the Federal Ministry for Economic Cooperation and Development (BMZ) together with my colleague Josef G\u00f6ppel of the CSU since November 1, 2017. Before my current position, I was a state &hellip; Continue reading &quot;About me&quot;\" \/>\n<meta property=\"og:url\" content=\"https:\/\/baerbel-hoehn.de\/en\/about-me\/\" \/>\n<meta property=\"og:site_name\" content=\"B\u00e4rbel H\u00f6hn\" \/>\n<meta property=\"article:modified_time\" content=\"2022-02-01T11:06:06+00:00\" \/>\n<meta property=\"og:image\" content=\"https:\/\/baerbel-hoehn.de\/wp-content\/uploads\/2017\/10\/Hoehn695_3.jpg\" \/>\n<meta name=\"twitter:card\" content=\"summary_large_image\" \/>\n<meta name=\"twitter:label1\" content=\"Est. reading time\" \/>\n\t<meta name=\"twitter:data1\" content=\"1 minute\" \/>\n<script type=\"application\/ld+json\" class=\"yoast-schema-graph\">{\"@context\":\"https:\/\/schema.org\",\"@graph\":[{\"@type\":\"WebPage\",\"@id\":\"https:\/\/baerbel-hoehn.de\/en\/about-me\/\",\"url\":\"https:\/\/baerbel-hoehn.de\/en\/about-me\/\",\"name\":\"About me - B\u00e4rbel H\u00f6hn\",\"isPartOf\":{\"@id\":\"https:\/\/baerbel-hoehn.de\/en\/#website\"},\"primaryImageOfPage\":{\"@id\":\"https:\/\/baerbel-hoehn.de\/en\/about-me\/#primaryimage\"},\"image\":{\"@id\":\"https:\/\/baerbel-hoehn.de\/en\/about-me\/#primaryimage\"},\"thumbnailUrl\":\"https:\/\/baerbel-hoehn.de\/wp-content\/uploads\/2017\/10\/Hoehn695_3.jpg\",\"datePublished\":\"2017-10-25T13:57:02+00:00\",\"dateModified\":\"2022-02-01T11:06:06+00:00\",\"breadcrumb\":{\"@id\":\"https:\/\/baerbel-hoehn.de\/en\/about-me\/#breadcrumb\"},\"inLanguage\":\"en-US\",\"potentialAction\":[{\"@type\":\"ReadAction\",\"target\":[\"https:\/\/baerbel-hoehn.de\/en\/about-me\/\"]}]},{\"@type\":\"ImageObject\",\"inLanguage\":\"en-US\",\"@id\":\"https:\/\/baerbel-hoehn.de\/en\/about-me\/#primaryimage\",\"url\":\"https:\/\/baerbel-hoehn.de\/wp-content\/uploads\/2017\/10\/Hoehn695_3.jpg\",\"contentUrl\":\"https:\/\/baerbel-hoehn.de\/wp-content\/uploads\/2017\/10\/Hoehn695_3.jpg\"},{\"@type\":\"BreadcrumbList\",\"@id\":\"https:\/\/baerbel-hoehn.de\/en\/about-me\/#breadcrumb\",\"itemListElement\":[{\"@type\":\"ListItem\",\"position\":1,\"name\":\"Startseite\",\"item\":\"https:\/\/baerbel-hoehn.de\/en\/\"},{\"@type\":\"ListItem\",\"position\":2,\"name\":\"About me\"}]},{\"@type\":\"WebSite\",\"@id\":\"https:\/\/baerbel-hoehn.de\/en\/#website\",\"url\":\"https:\/\/baerbel-hoehn.de\/en\/\",\"name\":\"B\u00e4rbel H\u00f6hn\",\"description\":\"100 Percent Renewable Energies - For All!\",\"potentialAction\":[{\"@type\":\"SearchAction\",\"target\":{\"@type\":\"EntryPoint\",\"urlTemplate\":\"https:\/\/baerbel-hoehn.de\/en\/?s={search_term_string}\"},\"query-input\":{\"@type\":\"PropertyValueSpecification\",\"valueRequired\":true,\"valueName\":\"search_term_string\"}}],\"inLanguage\":\"en-US\"}]}<\/script>\n<!-- \/ Yoast SEO plugin. -->","yoast_head_json":{"title":"About me - B\u00e4rbel H\u00f6hn","robots":{"index":"index","follow":"follow","max-snippet":"max-snippet:-1","max-image-preview":"max-image-preview:large","max-video-preview":"max-video-preview:-1"},"canonical":"https:\/\/baerbel-hoehn.de\/en\/about-me\/","og_locale":"en_US","og_type":"article","og_title":"About me - B\u00e4rbel H\u00f6hn","og_description":"My name ist B\u00e4rbel H\u00f6hn, born in 1952, and I live in Oberhausen in the German state of North-Rhine-Westphalia. I am\u00a0Energy Commissioner for Africa of the Federal Ministry for Economic Cooperation and Development (BMZ) together with my colleague Josef G\u00f6ppel of the CSU since November 1, 2017. Before my current position, I was a state &hellip; Continue reading \"About me\"","og_url":"https:\/\/baerbel-hoehn.de\/en\/about-me\/","og_site_name":"B\u00e4rbel H\u00f6hn","article_modified_time":"2022-02-01T11:06:06+00:00","og_image":[{"url":"https:\/\/baerbel-hoehn.de\/wp-content\/uploads\/2017\/10\/Hoehn695_3.jpg","type":"","width":"","height":""}],"twitter_card":"summary_large_image","twitter_misc":{"Est. reading time":"1 minute"},"schema":{"@context":"https:\/\/schema.org","@graph":[{"@type":"WebPage","@id":"https:\/\/baerbel-hoehn.de\/en\/about-me\/","url":"https:\/\/baerbel-hoehn.de\/en\/about-me\/","name":"About me - B\u00e4rbel H\u00f6hn","isPartOf":{"@id":"https:\/\/baerbel-hoehn.de\/en\/#website"},"primaryImageOfPage":{"@id":"https:\/\/baerbel-hoehn.de\/en\/about-me\/#primaryimage"},"image":{"@id":"https:\/\/baerbel-hoehn.de\/en\/about-me\/#primaryimage"},"thumbnailUrl":"https:\/\/baerbel-hoehn.de\/wp-content\/uploads\/2017\/10\/Hoehn695_3.jpg","datePublished":"2017-10-25T13:57:02+00:00","dateModified":"2022-02-01T11:06:06+00:00","breadcrumb":{"@id":"https:\/\/baerbel-hoehn.de\/en\/about-me\/#breadcrumb"},"inLanguage":"en-US","potentialAction":[{"@type":"ReadAction","target":["https:\/\/baerbel-hoehn.de\/en\/about-me\/"]}]},{"@type":"ImageObject","inLanguage":"en-US","@id":"https:\/\/baerbel-hoehn.de\/en\/about-me\/#primaryimage","url":"https:\/\/baerbel-hoehn.de\/wp-content\/uploads\/2017\/10\/Hoehn695_3.jpg","contentUrl":"https:\/\/baerbel-hoehn.de\/wp-content\/uploads\/2017\/10\/Hoehn695_3.jpg"},{"@type":"BreadcrumbList","@id":"https:\/\/baerbel-hoehn.de\/en\/about-me\/#breadcrumb","itemListElement":[{"@type":"ListItem","position":1,"name":"Startseite","item":"https:\/\/baerbel-hoehn.de\/en\/"},{"@type":"ListItem","position":2,"name":"About me"}]},{"@type":"WebSite","@id":"https:\/\/baerbel-hoehn.de\/en\/#website","url":"https:\/\/baerbel-hoehn.de\/en\/","name":"B\u00e4rbel H\u00f6hn","description":"100 Percent Renewable Energies - For All!","potentialAction":[{"@type":"SearchAction","target":{"@type":"EntryPoint","urlTemplate":"https:\/\/baerbel-hoehn.de\/en\/?s={search_term_string}"},"query-input":{"@type":"PropertyValueSpecification","valueRequired":true,"valueName":"search_term_string"}}],"inLanguage":"en-US"}]}},"_links":{"self":[{"href":"https:\/\/baerbel-hoehn.de\/en\/wp-json\/wp\/v2\/pages\/128","targetHints":{"allow":["GET"]}}],"collection":[{"href":"https:\/\/baerbel-hoehn.de\/en\/wp-json\/wp\/v2\/pages"}],"about":[{"href":"https:\/\/baerbel-hoehn.de\/en\/wp-json\/wp\/v2\/types\/page"}],"author":[{"embeddable":true,"href":"https:\/\/baerbel-hoehn.de\/en\/wp-json\/wp\/v2\/users\/2"}],"replies":[{"embeddable":true,"href":"https:\/\/baerbel-hoehn.de\/en\/wp-json\/wp\/v2\/comments?post=128"}],"version-history":[{"count":11,"href":"https:\/\/baerbel-hoehn.de\/en\/wp-json\/wp\/v2\/pages\/128\/revisions"}],"predecessor-version":[{"id":664,"href":"https:\/\/baerbel-hoehn.de\/en\/wp-json\/wp\/v2\/pages\/128\/revisions\/664"}],"wp:attachment":[{"href":"https:\/\/baerbel-hoehn.de\/en\/wp-json\/wp\/v2\/media?parent=128"}],"curies":[{"name":"wp","href":"https:\/\/api.w.org\/{rel}","templated":true}]}}