{"id":609,"date":"2022-01-31T15:18:28","date_gmt":"2022-01-31T14:18:28","guid":{"rendered":"https:\/\/baerbel-hoehn.de\/?page_id=609"},"modified":"2022-02-01T12:27:48","modified_gmt":"2022-02-01T11:27:48","slug":"global-renewables-congress","status":"publish","type":"page","link":"https:\/\/baerbel-hoehn.de\/de\/global-renewables-congress\/","title":{"rendered":"Global Renewables Congress"},"content":{"rendered":"<p>Die Idee f\u00fcr ein weltweites Netzwerk von Parlamentarier*innen, die sich f\u00fcr 100% Erneuerbare Energien einsetzen, habe ich 2018 gemeinsam mit einem Team des World Future Council aus Hamburg entwickelt und umgesetzt. Seither bin ich die Vorsitzende. Auch das mache ich ehrenamtlich.<\/p>\n<h4><strong>Erneuerbare Energie sind besser als Kohle und \u00d6l<\/strong><\/h4>\n<p>Wir wissen, das Erneuerbare Energien billiger sind als \u00d6l oder Kohle, dass die Sonne und der Wind keine Rechnung schreiben, ein Land mit Erneuerbaren Energien sich also unabh\u00e4ngiger von teuren fossilen Importen macht, Erneuerbare Energien sehr schnell installiert sind, sehr viele Arbeitspl\u00e4tze und Einkommen f\u00fcr die lokale Bev\u00f6lkerung damit geschaffen werden k\u00f6nnen und sie auch noch klimafreundlich sind. Au\u00dferdem profitieren gerade Frauen von dezentralen L\u00f6sungen.<\/p>\n<figure id=\"attachment_581\" aria-describedby=\"caption-attachment-581\" style=\"width: 525px\" class=\"wp-caption alignnone\"><img loading=\"lazy\" decoding=\"async\" class=\"wp-image-581 size-large\" src=\"https:\/\/baerbel-hoehn.de\/wp-content\/uploads\/2022\/01\/IMG_3327-1024x768.jpeg\" alt=\"Photovoltaikanlage mit lokalem Netz f\u00fcr ein Dorf in Mali, finanziell unterst\u00fctzt von der KfW\" width=\"525\" height=\"394\" srcset=\"https:\/\/baerbel-hoehn.de\/wp-content\/uploads\/2022\/01\/IMG_3327-1024x768.jpeg 1024w, https:\/\/baerbel-hoehn.de\/wp-content\/uploads\/2022\/01\/IMG_3327-300x225.jpeg 300w, https:\/\/baerbel-hoehn.de\/wp-content\/uploads\/2022\/01\/IMG_3327-768x576.jpeg 768w, https:\/\/baerbel-hoehn.de\/wp-content\/uploads\/2022\/01\/IMG_3327-1536x1152.jpeg 1536w, https:\/\/baerbel-hoehn.de\/wp-content\/uploads\/2022\/01\/IMG_3327.jpeg 1920w\" sizes=\"auto, (max-width: 525px) 100vw, 525px\" \/><figcaption id=\"caption-attachment-581\" class=\"wp-caption-text\">Photovoltaikanlage mit lokalem Netz f\u00fcr ein Dorf in Mali, finanziell unterst\u00fctzt von der KfW (Bild: privat)<\/figcaption><\/figure>\n<p>Trotz der vielen Vorteile setzen sich Erneuerbare Energien noch nicht schnell genug durch gegen fossile L\u00f6sungen, weil die Lobby viel Einflu\u00df hat und Werbung f\u00fcr die gro\u00dfen Projekte bei den politischen Entscheidungstr\u00e4gern immer noch verf\u00e4ngt.<\/p>\n<h4><strong>Parlamenatrier*innen sind die Br\u00fccke<\/strong><\/h4>\n<p>Parlamentarier*innen spielen bei dem Aufbau von dezentralen Systemen deshalb eine gro\u00dfe Rolle. Sie sind die Br\u00fccke zwischen der lokalen Ebene, die von Erneuerbaren Energien profitiert und der nationalen Ebene. Sie k\u00f6nnen bestehende Blockaden, Restriktionen oder andere Nachteile f\u00fcr Erneuerbare Energien durch die entsprechend Gesetzgebung aufheben. Entscheidend ist der politische Wille, auf Erneuerbare Energien zu setzen anstatt auf Kohle oder \u00d6l.<\/p>\n<p>Wir bieten mit unserem partei\u00fcbergreifenden Netzwerk den Austausch von guten Ideen an, machen Studien f\u00fcr die einzelnen L\u00e4nder, veranstalten Kongresse oder Seminare, um praktische L\u00f6sungen zu erarbeiten.<\/p>\n<h4><strong>Drei Beispiele<\/strong><\/h4>\n<p>In\u00a0<strong>Minnesota<\/strong>\u00a0arbeiten wir zusammen mit der Universit\u00e4t und insbesondere mit dem Senator, der den Vorsitz des Energieausschusses inne hat. So hat er eine Konferenz organisiert mit Vertreter*innen aus 11 Staaten aus den USA und Kanada, mit denen wir die Vorz\u00fcge der Energiewende f\u00fcr den l\u00e4ndlichen Raum diskutiert haben. Da wir partei\u00fcbergreifende Arbeit sehr wichtig finden, war es ein gro\u00dfer Erfolg, dass der republikanische Senator die Initiative ergriffen hat, mit seinem demokratischen Energieausschussvorsitzenden aus dem Repr\u00e4sentantenhaus gemeinsam ein Energiekonzept f\u00fcr Minnesota zu erarbeiten. Diese Initiative haben beide im Januar 2020 in der dortigen Zeitung ver\u00f6ffentlich, dem Monat der Macht\u00fcbernahme von Biden auf nationaler Ebene.<\/p>\n<figure id=\"attachment_577\" aria-describedby=\"caption-attachment-577\" style=\"width: 525px\" class=\"wp-caption alignnone\"><img loading=\"lazy\" decoding=\"async\" class=\"size-large wp-image-577\" src=\"https:\/\/baerbel-hoehn.de\/wp-content\/uploads\/2022\/01\/IMG_2730-1024x768.jpg\" alt=\"Begr\u00fc\u00dfung w\u00e4hrend einer Videokonferenz mit unserem Senator aus Minnesota.\" width=\"525\" height=\"394\" srcset=\"https:\/\/baerbel-hoehn.de\/wp-content\/uploads\/2022\/01\/IMG_2730-1024x768.jpg 1024w, https:\/\/baerbel-hoehn.de\/wp-content\/uploads\/2022\/01\/IMG_2730-300x225.jpg 300w, https:\/\/baerbel-hoehn.de\/wp-content\/uploads\/2022\/01\/IMG_2730-768x576.jpg 768w, https:\/\/baerbel-hoehn.de\/wp-content\/uploads\/2022\/01\/IMG_2730-1536x1152.jpg 1536w, https:\/\/baerbel-hoehn.de\/wp-content\/uploads\/2022\/01\/IMG_2730.jpg 1920w\" sizes=\"auto, (max-width: 525px) 100vw, 525px\" \/><figcaption id=\"caption-attachment-577\" class=\"wp-caption-text\">Begr\u00fc\u00dfung w\u00e4hrend einer Videokonferenz mit unserem Senator aus Minnesota (Bild: privat)<\/figcaption><\/figure>\n<p>In\u00a0<strong>Sierra Leone\u00a0<\/strong>haben wir durch das gro\u00dfartige Engagement eines Abgeordneten eine bedeutende Konferenz abgehalten, bei der der Pr\u00e4sident die Er\u00f6ffnungsrede gehalten hat. Vertreter*innen der Regierungen, der Parlamente, der Wirtschaft von Sierra Leone,\u00a0<strong>Liberia<\/strong>, der<strong>\u00a0Elfenbeink\u00fcste<\/strong>\u00a0und\u00a0<strong>Guinea<\/strong>\u00a0haben gemeinsam zwei Tage diskutiert, wie Erneuerbare Energien besser in den L\u00e4ndern verankert werden k\u00f6nnen.<\/p>\n<figure id=\"attachment_583\" aria-describedby=\"caption-attachment-583\" style=\"width: 525px\" class=\"wp-caption alignnone\"><img loading=\"lazy\" decoding=\"async\" class=\"size-large wp-image-583\" src=\"https:\/\/baerbel-hoehn.de\/wp-content\/uploads\/2022\/01\/IMG_4208-1024x768.jpeg\" alt=\"Parlamentarier*innen aus den vier L\u00e4ndern, die an der Konferenz in Sierra Leone teilgenommen haben mit den GRC Vertreter*innen\" width=\"525\" height=\"394\" srcset=\"https:\/\/baerbel-hoehn.de\/wp-content\/uploads\/2022\/01\/IMG_4208-1024x768.jpeg 1024w, https:\/\/baerbel-hoehn.de\/wp-content\/uploads\/2022\/01\/IMG_4208-300x225.jpeg 300w, https:\/\/baerbel-hoehn.de\/wp-content\/uploads\/2022\/01\/IMG_4208-768x576.jpeg 768w, https:\/\/baerbel-hoehn.de\/wp-content\/uploads\/2022\/01\/IMG_4208-1536x1152.jpeg 1536w, https:\/\/baerbel-hoehn.de\/wp-content\/uploads\/2022\/01\/IMG_4208.jpeg 1920w\" sizes=\"auto, (max-width: 525px) 100vw, 525px\" \/><figcaption id=\"caption-attachment-583\" class=\"wp-caption-text\">Parlamentarier*innen aus den vier L\u00e4ndern, die an der Konferenz in Sierra Leone teilgenommen haben mit den GRC Vertreter*innen (Bild: privat)<\/figcaption><\/figure>\n<p>In den n\u00e4chsten Jahren werden wir einen besonderen Schwerpunkt auf Asien legen. Wir arbeiten eng mit dem\u00a0<strong>Climate Vulnerable Forum\u00a0<\/strong>(CVF) zusammen, dem Zusammenschluss von 48 Staaten, die besonders von der Klimakrise betroffen sind. Dort wollen wir insbesondere mit Parlamentarier*innen aus\u00a0<strong>Bangladesh,<\/strong>\u00a0den\u00a0<strong>Philippinen<\/strong>,\u00a0<strong>Indonesien<\/strong>\u00a0und\u00a0<strong>Nepal<\/strong>\u00a0zusammenarbeiten und Erneuerbare Energien als L\u00f6sung f\u00fcr die Klimakrise in verschiedenen Aussch\u00fcssen aufgreifen, also auch sektor\u00fcbergreifend angehen.<\/p>\n<figure id=\"attachment_587\" aria-describedby=\"caption-attachment-587\" style=\"width: 525px\" class=\"wp-caption alignright\"><img loading=\"lazy\" decoding=\"async\" class=\"size-large wp-image-587\" src=\"https:\/\/baerbel-hoehn.de\/wp-content\/uploads\/2022\/01\/IMG_5151-1024x768.jpeg\" alt=\"Diskussion auf dem Parlamentarier*innentreffen w\u00e4hrend der IRENA Konferenz.\" width=\"525\" height=\"394\" srcset=\"https:\/\/baerbel-hoehn.de\/wp-content\/uploads\/2022\/01\/IMG_5151-1024x768.jpeg 1024w, https:\/\/baerbel-hoehn.de\/wp-content\/uploads\/2022\/01\/IMG_5151-300x225.jpeg 300w, https:\/\/baerbel-hoehn.de\/wp-content\/uploads\/2022\/01\/IMG_5151-768x576.jpeg 768w, https:\/\/baerbel-hoehn.de\/wp-content\/uploads\/2022\/01\/IMG_5151-1536x1152.jpeg 1536w, https:\/\/baerbel-hoehn.de\/wp-content\/uploads\/2022\/01\/IMG_5151.jpeg 1920w\" sizes=\"auto, (max-width: 525px) 100vw, 525px\" \/><figcaption id=\"caption-attachment-587\" class=\"wp-caption-text\">Diskussion auf dem Parlamentarier*innentreffen w\u00e4hrend der IRENA Konferenz (Bild: privat)<\/figcaption><\/figure>\n","protected":false},"excerpt":{"rendered":"<p>Die Idee f\u00fcr ein weltweites Netzwerk von Parlamentarier*innen, die sich f\u00fcr 100% Erneuerbare Energien einsetzen, habe ich 2018 gemeinsam mit einem Team des World Future Council aus Hamburg entwickelt und umgesetzt. Seither bin ich die Vorsitzende. Auch das mache ich ehrenamtlich. Erneuerbare Energie sind besser als Kohle und \u00d6l Wir wissen, das Erneuerbare Energien billiger &hellip; <\/p>\n<p class=\"link-more\"><a href=\"https:\/\/baerbel-hoehn.de\/de\/global-renewables-congress\/\" class=\"more-link\"><span class=\"screen-reader-text\">\u201eGlobal Renewables Congress\u201c<\/span> weiterlesen<\/a><\/p>\n","protected":false},"author":4,"featured_media":0,"parent":0,"menu_order":3,"comment_status":"closed","ping_status":"closed","template":"","meta":{"footnotes":""},"class_list":["post-609","page","type-page","status-publish","hentry"],"yoast_head":"<!-- This site is optimized with the Yoast SEO plugin v26.8 - https:\/\/yoast.com\/product\/yoast-seo-wordpress\/ -->\n<title>Global Renewables Congress - B\u00e4rbel H\u00f6hn<\/title>\n<meta name=\"description\" content=\"Die Idee f\u00fcr ein weltweites Netzwerk von Parlamentarier*innen, die sich f\u00fcr 100% Erneuerbare Energien einsetzen, habe ich 2018 initiiert.\" \/>\n<meta name=\"robots\" content=\"index, follow, max-snippet:-1, max-image-preview:large, max-video-preview:-1\" \/>\n<link rel=\"canonical\" href=\"https:\/\/baerbel-hoehn.de\/de\/global-renewables-congress\/\" \/>\n<meta property=\"og:locale\" content=\"de_DE\" \/>\n<meta property=\"og:type\" content=\"article\" \/>\n<meta property=\"og:title\" content=\"Global Renewables Congress - B\u00e4rbel H\u00f6hn\" \/>\n<meta property=\"og:description\" content=\"Die Idee f\u00fcr ein weltweites Netzwerk von Parlamentarier*innen, die sich f\u00fcr 100% Erneuerbare Energien einsetzen, habe ich 2018 initiiert.\" \/>\n<meta property=\"og:url\" content=\"https:\/\/baerbel-hoehn.de\/de\/global-renewables-congress\/\" \/>\n<meta property=\"og:site_name\" content=\"B\u00e4rbel H\u00f6hn\" \/>\n<meta property=\"article:modified_time\" content=\"2022-02-01T11:27:48+00:00\" \/>\n<meta property=\"og:image\" content=\"https:\/\/baerbel-hoehn.de\/wp-content\/uploads\/2022\/01\/IMG_3327-1024x768.jpeg\" \/>\n<meta name=\"twitter:card\" content=\"summary_large_image\" \/>\n<meta name=\"twitter:label1\" content=\"Gesch\u00e4tzte Lesezeit\" \/>\n\t<meta name=\"twitter:data1\" content=\"4\u00a0Minuten\" \/>\n<script type=\"application\/ld+json\" class=\"yoast-schema-graph\">{\"@context\":\"https:\/\/schema.org\",\"@graph\":[{\"@type\":\"WebPage\",\"@id\":\"https:\/\/baerbel-hoehn.de\/de\/global-renewables-congress\/\",\"url\":\"https:\/\/baerbel-hoehn.de\/de\/global-renewables-congress\/\",\"name\":\"Global Renewables Congress - B\u00e4rbel H\u00f6hn\",\"isPartOf\":{\"@id\":\"https:\/\/baerbel-hoehn.de\/de\/#website\"},\"primaryImageOfPage\":{\"@id\":\"https:\/\/baerbel-hoehn.de\/de\/global-renewables-congress\/#primaryimage\"},\"image\":{\"@id\":\"https:\/\/baerbel-hoehn.de\/de\/global-renewables-congress\/#primaryimage\"},\"thumbnailUrl\":\"https:\/\/baerbel-hoehn.de\/wp-content\/uploads\/2022\/01\/IMG_3327-1024x768.jpeg\",\"datePublished\":\"2022-01-31T14:18:28+00:00\",\"dateModified\":\"2022-02-01T11:27:48+00:00\",\"description\":\"Die Idee f\u00fcr ein weltweites Netzwerk von Parlamentarier*innen, die sich f\u00fcr 100% Erneuerbare Energien einsetzen, habe ich 2018 initiiert.\",\"breadcrumb\":{\"@id\":\"https:\/\/baerbel-hoehn.de\/de\/global-renewables-congress\/#breadcrumb\"},\"inLanguage\":\"de\",\"potentialAction\":[{\"@type\":\"ReadAction\",\"target\":[\"https:\/\/baerbel-hoehn.de\/de\/global-renewables-congress\/\"]}]},{\"@type\":\"ImageObject\",\"inLanguage\":\"de\",\"@id\":\"https:\/\/baerbel-hoehn.de\/de\/global-renewables-congress\/#primaryimage\",\"url\":\"https:\/\/baerbel-hoehn.de\/wp-content\/uploads\/2022\/01\/IMG_3327-1024x768.jpeg\",\"contentUrl\":\"https:\/\/baerbel-hoehn.de\/wp-content\/uploads\/2022\/01\/IMG_3327-1024x768.jpeg\"},{\"@type\":\"BreadcrumbList\",\"@id\":\"https:\/\/baerbel-hoehn.de\/de\/global-renewables-congress\/#breadcrumb\",\"itemListElement\":[{\"@type\":\"ListItem\",\"position\":1,\"name\":\"Startseite\",\"item\":\"https:\/\/baerbel-hoehn.de\/de\/\"},{\"@type\":\"ListItem\",\"position\":2,\"name\":\"Global Renewables Congress\"}]},{\"@type\":\"WebSite\",\"@id\":\"https:\/\/baerbel-hoehn.de\/de\/#website\",\"url\":\"https:\/\/baerbel-hoehn.de\/de\/\",\"name\":\"B\u00e4rbel H\u00f6hn\",\"description\":\"100 Percent Renewable Energies - For All!\",\"potentialAction\":[{\"@type\":\"SearchAction\",\"target\":{\"@type\":\"EntryPoint\",\"urlTemplate\":\"https:\/\/baerbel-hoehn.de\/de\/?s={search_term_string}\"},\"query-input\":{\"@type\":\"PropertyValueSpecification\",\"valueRequired\":true,\"valueName\":\"search_term_string\"}}],\"inLanguage\":\"de\"}]}<\/script>\n<!-- \/ Yoast SEO plugin. -->","yoast_head_json":{"title":"Global Renewables Congress - B\u00e4rbel H\u00f6hn","description":"Die Idee f\u00fcr ein weltweites Netzwerk von Parlamentarier*innen, die sich f\u00fcr 100% Erneuerbare Energien einsetzen, habe ich 2018 initiiert.","robots":{"index":"index","follow":"follow","max-snippet":"max-snippet:-1","max-image-preview":"max-image-preview:large","max-video-preview":"max-video-preview:-1"},"canonical":"https:\/\/baerbel-hoehn.de\/de\/global-renewables-congress\/","og_locale":"de_DE","og_type":"article","og_title":"Global Renewables Congress - B\u00e4rbel H\u00f6hn","og_description":"Die Idee f\u00fcr ein weltweites Netzwerk von Parlamentarier*innen, die sich f\u00fcr 100% Erneuerbare Energien einsetzen, habe ich 2018 initiiert.","og_url":"https:\/\/baerbel-hoehn.de\/de\/global-renewables-congress\/","og_site_name":"B\u00e4rbel H\u00f6hn","article_modified_time":"2022-02-01T11:27:48+00:00","og_image":[{"url":"https:\/\/baerbel-hoehn.de\/wp-content\/uploads\/2022\/01\/IMG_3327-1024x768.jpeg","type":"","width":"","height":""}],"twitter_card":"summary_large_image","twitter_misc":{"Gesch\u00e4tzte Lesezeit":"4\u00a0Minuten"},"schema":{"@context":"https:\/\/schema.org","@graph":[{"@type":"WebPage","@id":"https:\/\/baerbel-hoehn.de\/de\/global-renewables-congress\/","url":"https:\/\/baerbel-hoehn.de\/de\/global-renewables-congress\/","name":"Global Renewables Congress - B\u00e4rbel H\u00f6hn","isPartOf":{"@id":"https:\/\/baerbel-hoehn.de\/de\/#website"},"primaryImageOfPage":{"@id":"https:\/\/baerbel-hoehn.de\/de\/global-renewables-congress\/#primaryimage"},"image":{"@id":"https:\/\/baerbel-hoehn.de\/de\/global-renewables-congress\/#primaryimage"},"thumbnailUrl":"https:\/\/baerbel-hoehn.de\/wp-content\/uploads\/2022\/01\/IMG_3327-1024x768.jpeg","datePublished":"2022-01-31T14:18:28+00:00","dateModified":"2022-02-01T11:27:48+00:00","description":"Die Idee f\u00fcr ein weltweites Netzwerk von Parlamentarier*innen, die sich f\u00fcr 100% Erneuerbare Energien einsetzen, habe ich 2018 initiiert.","breadcrumb":{"@id":"https:\/\/baerbel-hoehn.de\/de\/global-renewables-congress\/#breadcrumb"},"inLanguage":"de","potentialAction":[{"@type":"ReadAction","target":["https:\/\/baerbel-hoehn.de\/de\/global-renewables-congress\/"]}]},{"@type":"ImageObject","inLanguage":"de","@id":"https:\/\/baerbel-hoehn.de\/de\/global-renewables-congress\/#primaryimage","url":"https:\/\/baerbel-hoehn.de\/wp-content\/uploads\/2022\/01\/IMG_3327-1024x768.jpeg","contentUrl":"https:\/\/baerbel-hoehn.de\/wp-content\/uploads\/2022\/01\/IMG_3327-1024x768.jpeg"},{"@type":"BreadcrumbList","@id":"https:\/\/baerbel-hoehn.de\/de\/global-renewables-congress\/#breadcrumb","itemListElement":[{"@type":"ListItem","position":1,"name":"Startseite","item":"https:\/\/baerbel-hoehn.de\/de\/"},{"@type":"ListItem","position":2,"name":"Global Renewables Congress"}]},{"@type":"WebSite","@id":"https:\/\/baerbel-hoehn.de\/de\/#website","url":"https:\/\/baerbel-hoehn.de\/de\/","name":"B\u00e4rbel H\u00f6hn","description":"100 Percent Renewable Energies - For All!","potentialAction":[{"@type":"SearchAction","target":{"@type":"EntryPoint","urlTemplate":"https:\/\/baerbel-hoehn.de\/de\/?s={search_term_string}"},"query-input":{"@type":"PropertyValueSpecification","valueRequired":true,"valueName":"search_term_string"}}],"inLanguage":"de"}]}},"_links":{"self":[{"href":"https:\/\/baerbel-hoehn.de\/de\/wp-json\/wp\/v2\/pages\/609","targetHints":{"allow":["GET"]}}],"collection":[{"href":"https:\/\/baerbel-hoehn.de\/de\/wp-json\/wp\/v2\/pages"}],"about":[{"href":"https:\/\/baerbel-hoehn.de\/de\/wp-json\/wp\/v2\/types\/page"}],"author":[{"embeddable":true,"href":"https:\/\/baerbel-hoehn.de\/de\/wp-json\/wp\/v2\/users\/4"}],"replies":[{"embeddable":true,"href":"https:\/\/baerbel-hoehn.de\/de\/wp-json\/wp\/v2\/comments?post=609"}],"version-history":[{"count":3,"href":"https:\/\/baerbel-hoehn.de\/de\/wp-json\/wp\/v2\/pages\/609\/revisions"}],"predecessor-version":[{"id":612,"href":"https:\/\/baerbel-hoehn.de\/de\/wp-json\/wp\/v2\/pages\/609\/revisions\/612"}],"wp:attachment":[{"href":"https:\/\/baerbel-hoehn.de\/de\/wp-json\/wp\/v2\/media?parent=609"}],"curies":[{"name":"wp","href":"https:\/\/api.w.org\/{rel}","templated":true}]}}