{"id":23,"date":"2017-10-25T10:18:57","date_gmt":"2017-10-25T09:18:57","guid":{"rendered":"https:\/\/baerbel-hoehn.de\/?page_id=23"},"modified":"2022-02-02T18:21:43","modified_gmt":"2022-02-02T17:21:43","slug":"meine-themen","status":"publish","type":"page","link":"https:\/\/baerbel-hoehn.de\/de\/ueber-mich\/meine-themen\/","title":{"rendered":"Meine Themen"},"content":{"rendered":"<h4>Atomausstieg und Energiewende<\/h4>\n<p>Atomkraft ist eine unberechenbare Risikotechnologie. Deshalb k\u00e4mpfe ich daf\u00fcr, aus der Atomkraft auszusteigen &#8211; und f\u00fcr eine erneuerbare Energieversorgung. Deutschland hat dank des Erneuerbare-Energien-Gesetzes (EEG) der Rot-Gr\u00fcnen Bundesregierung nicht nur den eigenen Anteil erneuerbaren Stroms drastisch gesteigert, sondern auch die Kosten f\u00fcr PV und Windkraft global um ein vielfaches reduziert. Doch die Erfolgsgeschichte geht weiter, wenn wir nur richtigen investieren. Die Zukunft ist sauber, dezentral und erneuerbar!<\/p>\n<h4>Radikaler Klimaschutz<\/h4>\n<p>Der Klimawandel macht sich l\u00e4ngst bemerkbar, deshalb d\u00fcrfen wir uns nicht auf dem bisher Erreichtem ausruhen. Mit vielen anderen streite ich daf\u00fcr, dass das Weltklima nicht v\u00f6llig aus den Fugen ger\u00e4t. Daf\u00fcr m\u00fcssen wir CO2-belastete Investments beenden (Divestment), Erneuerbare und Energieeffizienz st\u00e4rker vorantreiben und uns endlich trauen, die gr\u00f6\u00dften Klimas\u00fcnder im Boden zu lassen: Kohle, \u00d6l und Gas.<\/p>\n<h4>Umweltpolitik, Verbraucherschutz, eine nachhaltige Landwirtschaft und Fairer Handel<\/h4>\n<div class=\"\"><span class=\"\">Eine intakte Umwelt ist die Lebensgrundlage f\u00fcr uns und unsere Kinder. Weltweit hat der r\u00fccksichtslose Umgang mit der Umwelt schlimme Folgen. <\/span><span class=\"\">Ich will<\/span><span class=\"\"> die Wahlfreiheit der Verbraucherinnen und Verbraucher st\u00e4rken und den nachhaltigen Konsum ausbauen. Ich setze mich f\u00fcr eine <\/span><span class=\"\">b\u00e4uerliche, <\/span><span class=\"\">nachhaltige Landwirtschaft ein, gegen Gentechnik und Massentierhaltung. <\/span><span class=\"\">F\u00fcr mich sind faire Handelsbedingungen und eine solidarische Weltwirtschaft wichtig.\u00a0<\/span><\/div>\n<div>.<\/div>\n<div><\/div>\n<div id='gallery-1' class='gallery galleryid-23 gallery-columns-3 gallery-size-thumbnail'><figure class='gallery-item'>\n\t\t\t<div class='gallery-icon landscape'>\n\t\t\t\t<a href='https:\/\/baerbel-hoehn.de\/wp-content\/uploads\/2017\/11\/IMG_4831-e1510411382880.jpeg'><img loading=\"lazy\" decoding=\"async\" width=\"143\" height=\"150\" src=\"https:\/\/baerbel-hoehn.de\/wp-content\/uploads\/2017\/11\/IMG_4831-e1510412643989-143x150.jpeg\" class=\"attachment-thumbnail size-thumbnail\" alt=\"\" sizes=\"auto, 100vw\" \/><\/a>\n\t\t\t<\/div><\/figure><figure class='gallery-item'>\n\t\t\t<div class='gallery-icon landscape'>\n\t\t\t\t<a href='https:\/\/baerbel-hoehn.de\/wp-content\/uploads\/2017\/11\/Uganda-Sambia-09-280.jpeg'><img loading=\"lazy\" decoding=\"async\" width=\"150\" height=\"150\" src=\"https:\/\/baerbel-hoehn.de\/wp-content\/uploads\/2017\/11\/Uganda-Sambia-09-280-150x150.jpeg\" class=\"attachment-thumbnail size-thumbnail\" alt=\"Baerbel in Uganda1\" srcset=\"https:\/\/baerbel-hoehn.de\/wp-content\/uploads\/2017\/11\/Uganda-Sambia-09-280-150x150.jpeg 150w, https:\/\/baerbel-hoehn.de\/wp-content\/uploads\/2017\/11\/Uganda-Sambia-09-280-100x100.jpeg 100w\" sizes=\"auto, 100vw\" \/><\/a>\n\t\t\t<\/div><\/figure><figure class='gallery-item'>\n\t\t\t<div class='gallery-icon portrait'>\n\t\t\t\t<a href='https:\/\/baerbel-hoehn.de\/wp-content\/uploads\/2022\/01\/IMG_3122.jpeg'><img loading=\"lazy\" decoding=\"async\" width=\"150\" height=\"150\" src=\"https:\/\/baerbel-hoehn.de\/wp-content\/uploads\/2022\/01\/IMG_3122-150x150.jpeg\" class=\"attachment-thumbnail size-thumbnail\" alt=\"Fraueninitiative in Kenia, die Obst und Gem\u00fcse trocknen und verarbeiten\" srcset=\"https:\/\/baerbel-hoehn.de\/wp-content\/uploads\/2022\/01\/IMG_3122-150x150.jpeg 150w, https:\/\/baerbel-hoehn.de\/wp-content\/uploads\/2022\/01\/IMG_3122-100x100.jpeg 100w\" sizes=\"auto, 100vw\" \/><\/a>\n\t\t\t<\/div><\/figure><figure class='gallery-item'>\n\t\t\t<div class='gallery-icon landscape'>\n\t\t\t\t<a href='https:\/\/baerbel-hoehn.de\/wp-content\/uploads\/2017\/11\/cropped-14355653_1274881312535488_2848023990614788589_n.jpg'><img loading=\"lazy\" decoding=\"async\" width=\"150\" height=\"148\" src=\"https:\/\/baerbel-hoehn.de\/wp-content\/uploads\/2017\/11\/cropped-14355653_1274881312535488_2848023990614788589_n-e1510413190384-150x148.jpg\" class=\"attachment-thumbnail size-thumbnail\" alt=\"\" sizes=\"auto, 100vw\" \/><\/a>\n\t\t\t<\/div><\/figure><figure class='gallery-item'>\n\t\t\t<div class='gallery-icon landscape'>\n\t\t\t\t<a href='https:\/\/baerbel-hoehn.de\/wp-content\/uploads\/2017\/11\/IMG_1369.jpeg'><img loading=\"lazy\" decoding=\"async\" width=\"150\" height=\"150\" src=\"https:\/\/baerbel-hoehn.de\/wp-content\/uploads\/2017\/11\/IMG_1369-150x150.jpeg\" class=\"attachment-thumbnail size-thumbnail\" alt=\"Baerbel at the UN HQ\" srcset=\"https:\/\/baerbel-hoehn.de\/wp-content\/uploads\/2017\/11\/IMG_1369-150x150.jpeg 150w, https:\/\/baerbel-hoehn.de\/wp-content\/uploads\/2017\/11\/IMG_1369-100x100.jpeg 100w\" sizes=\"auto, 100vw\" \/><\/a>\n\t\t\t<\/div><\/figure><figure class='gallery-item'>\n\t\t\t<div class='gallery-icon landscape'>\n\t\t\t\t<a href='https:\/\/baerbel-hoehn.de\/wp-content\/uploads\/2022\/01\/IMG_2011.jpeg'><img loading=\"lazy\" decoding=\"async\" width=\"150\" height=\"150\" src=\"https:\/\/baerbel-hoehn.de\/wp-content\/uploads\/2022\/01\/IMG_2011-150x150.jpeg\" class=\"attachment-thumbnail size-thumbnail\" alt=\"Fischerfrauen an der K\u00fcste von Senegal trocknen Fisch in der Sonne\" srcset=\"https:\/\/baerbel-hoehn.de\/wp-content\/uploads\/2022\/01\/IMG_2011-150x150.jpeg 150w, https:\/\/baerbel-hoehn.de\/wp-content\/uploads\/2022\/01\/IMG_2011-100x100.jpeg 100w\" sizes=\"auto, 100vw\" \/><\/a>\n\t\t\t<\/div><\/figure><figure class='gallery-item'>\n\t\t\t<div class='gallery-icon portrait'>\n\t\t\t\t<a href='https:\/\/baerbel-hoehn.de\/wp-content\/uploads\/2022\/01\/IMG_0150.jpeg'><img loading=\"lazy\" decoding=\"async\" width=\"150\" height=\"150\" src=\"https:\/\/baerbel-hoehn.de\/wp-content\/uploads\/2022\/01\/IMG_0150-150x150.jpeg\" class=\"attachment-thumbnail size-thumbnail\" alt=\"Erdnussbuttermaschine in Mosambik, angetrieben von Erneuerbaren Energien\" srcset=\"https:\/\/baerbel-hoehn.de\/wp-content\/uploads\/2022\/01\/IMG_0150-150x150.jpeg 150w, https:\/\/baerbel-hoehn.de\/wp-content\/uploads\/2022\/01\/IMG_0150-100x100.jpeg 100w\" sizes=\"auto, 100vw\" \/><\/a>\n\t\t\t<\/div><\/figure><figure class='gallery-item'>\n\t\t\t<div class='gallery-icon landscape'>\n\t\t\t\t<a href='https:\/\/baerbel-hoehn.de\/wp-content\/uploads\/2017\/11\/IMG_2940-e1510411927156.jpeg'><img loading=\"lazy\" decoding=\"async\" width=\"147\" height=\"150\" src=\"https:\/\/baerbel-hoehn.de\/wp-content\/uploads\/2017\/11\/IMG_2940-e1510413122260-147x150.jpeg\" class=\"attachment-thumbnail size-thumbnail\" alt=\"Baerbel democracy demonstration\" sizes=\"auto, 100vw\" \/><\/a>\n\t\t\t<\/div><\/figure><figure class='gallery-item'>\n\t\t\t<div class='gallery-icon landscape'>\n\t\t\t\t<a href='https:\/\/baerbel-hoehn.de\/wp-content\/uploads\/2022\/01\/IMG_5723.jpeg'><img loading=\"lazy\" decoding=\"async\" width=\"150\" height=\"150\" src=\"https:\/\/baerbel-hoehn.de\/wp-content\/uploads\/2022\/01\/IMG_5723-150x150.jpeg\" class=\"attachment-thumbnail size-thumbnail\" alt=\"\" srcset=\"https:\/\/baerbel-hoehn.de\/wp-content\/uploads\/2022\/01\/IMG_5723-150x150.jpeg 150w, https:\/\/baerbel-hoehn.de\/wp-content\/uploads\/2022\/01\/IMG_5723-100x100.jpeg 100w\" sizes=\"auto, 100vw\" \/><\/a>\n\t\t\t<\/div><\/figure><figure class='gallery-item'>\n\t\t\t<div class='gallery-icon landscape'>\n\t\t\t\t<a href='https:\/\/baerbel-hoehn.de\/wp-content\/uploads\/2022\/01\/IMG_1447.jpeg'><img loading=\"lazy\" decoding=\"async\" width=\"150\" height=\"150\" src=\"https:\/\/baerbel-hoehn.de\/wp-content\/uploads\/2022\/01\/IMG_1447-150x150.jpeg\" class=\"attachment-thumbnail size-thumbnail\" alt=\"\" srcset=\"https:\/\/baerbel-hoehn.de\/wp-content\/uploads\/2022\/01\/IMG_1447-150x150.jpeg 150w, https:\/\/baerbel-hoehn.de\/wp-content\/uploads\/2022\/01\/IMG_1447-100x100.jpeg 100w\" sizes=\"auto, 100vw\" \/><\/a>\n\t\t\t<\/div><\/figure><figure class='gallery-item'>\n\t\t\t<div class='gallery-icon landscape'>\n\t\t\t\t<a href='https:\/\/baerbel-hoehn.de\/wp-content\/uploads\/2017\/11\/IMG_3575.jpeg'><img loading=\"lazy\" decoding=\"async\" width=\"150\" height=\"150\" src=\"https:\/\/baerbel-hoehn.de\/wp-content\/uploads\/2017\/11\/IMG_3575-150x150.jpeg\" class=\"attachment-thumbnail size-thumbnail\" alt=\"Baerbel and the 17 SDGs\" srcset=\"https:\/\/baerbel-hoehn.de\/wp-content\/uploads\/2017\/11\/IMG_3575-150x150.jpeg 150w, https:\/\/baerbel-hoehn.de\/wp-content\/uploads\/2017\/11\/IMG_3575-100x100.jpeg 100w\" sizes=\"auto, 100vw\" \/><\/a>\n\t\t\t<\/div><\/figure><figure class='gallery-item'>\n\t\t\t<div class='gallery-icon landscape'>\n\t\t\t\t<a href='https:\/\/baerbel-hoehn.de\/wp-content\/uploads\/2017\/10\/Letzte-Rede.jpg'><img loading=\"lazy\" decoding=\"async\" width=\"150\" height=\"150\" src=\"https:\/\/baerbel-hoehn.de\/wp-content\/uploads\/2017\/10\/Letzte-Rede-150x150.jpg\" class=\"attachment-thumbnail size-thumbnail\" alt=\"\" srcset=\"https:\/\/baerbel-hoehn.de\/wp-content\/uploads\/2017\/10\/Letzte-Rede-150x150.jpg 150w, https:\/\/baerbel-hoehn.de\/wp-content\/uploads\/2017\/10\/Letzte-Rede-100x100.jpg 100w\" sizes=\"auto, 100vw\" \/><\/a>\n\t\t\t<\/div><\/figure>\n\t\t<\/div>\n\n","protected":false},"excerpt":{"rendered":"<p>Atomausstieg und Energiewende Atomkraft ist eine unberechenbare Risikotechnologie. Deshalb k\u00e4mpfe ich daf\u00fcr, aus der Atomkraft auszusteigen &#8211; und f\u00fcr eine erneuerbare Energieversorgung. Deutschland hat dank des Erneuerbare-Energien-Gesetzes (EEG) der Rot-Gr\u00fcnen Bundesregierung nicht nur den eigenen Anteil erneuerbaren Stroms drastisch gesteigert, sondern auch die Kosten f\u00fcr PV und Windkraft global um ein vielfaches reduziert. Doch die &hellip; <\/p>\n<p class=\"link-more\"><a href=\"https:\/\/baerbel-hoehn.de\/de\/ueber-mich\/meine-themen\/\" class=\"more-link\"><span class=\"screen-reader-text\">\u201eMeine Themen\u201c<\/span> weiterlesen<\/a><\/p>\n","protected":false},"author":2,"featured_media":157,"parent":125,"menu_order":0,"comment_status":"closed","ping_status":"closed","template":"","meta":{"footnotes":""},"class_list":["post-23","page","type-page","status-publish","has-post-thumbnail","hentry"],"yoast_head":"<!-- This site is optimized with the Yoast SEO plugin v26.8 - https:\/\/yoast.com\/product\/yoast-seo-wordpress\/ -->\n<title>Meine Themen - B\u00e4rbel H\u00f6hn<\/title>\n<meta name=\"robots\" content=\"index, follow, max-snippet:-1, max-image-preview:large, max-video-preview:-1\" \/>\n<link rel=\"canonical\" href=\"https:\/\/baerbel-hoehn.de\/de\/ueber-mich\/meine-themen\/\" \/>\n<meta property=\"og:locale\" content=\"de_DE\" \/>\n<meta property=\"og:type\" content=\"article\" \/>\n<meta property=\"og:title\" content=\"Meine Themen - B\u00e4rbel H\u00f6hn\" \/>\n<meta property=\"og:description\" content=\"Atomausstieg und Energiewende Atomkraft ist eine unberechenbare Risikotechnologie. Deshalb k\u00e4mpfe ich daf\u00fcr, aus der Atomkraft auszusteigen &#8211; und f\u00fcr eine erneuerbare Energieversorgung. Deutschland hat dank des Erneuerbare-Energien-Gesetzes (EEG) der Rot-Gr\u00fcnen Bundesregierung nicht nur den eigenen Anteil erneuerbaren Stroms drastisch gesteigert, sondern auch die Kosten f\u00fcr PV und Windkraft global um ein vielfaches reduziert. Doch die &hellip; \u201eMeine Themen\u201c weiterlesen\" \/>\n<meta property=\"og:url\" content=\"https:\/\/baerbel-hoehn.de\/de\/ueber-mich\/meine-themen\/\" \/>\n<meta property=\"og:site_name\" content=\"B\u00e4rbel H\u00f6hn\" \/>\n<meta property=\"article:modified_time\" content=\"2022-02-02T17:21:43+00:00\" \/>\n<meta property=\"og:image\" content=\"https:\/\/baerbel-hoehn.de\/wp-content\/uploads\/2017\/10\/solar-panel-241903.jpg\" \/>\n\t<meta property=\"og:image:width\" content=\"2592\" \/>\n\t<meta property=\"og:image:height\" content=\"1944\" \/>\n\t<meta property=\"og:image:type\" content=\"image\/jpeg\" \/>\n<meta name=\"twitter:card\" content=\"summary_large_image\" \/>\n<meta name=\"twitter:label1\" content=\"Gesch\u00e4tzte Lesezeit\" \/>\n\t<meta name=\"twitter:data1\" content=\"2\u00a0Minuten\" \/>\n<script type=\"application\/ld+json\" class=\"yoast-schema-graph\">{\"@context\":\"https:\/\/schema.org\",\"@graph\":[{\"@type\":\"WebPage\",\"@id\":\"https:\/\/baerbel-hoehn.de\/de\/ueber-mich\/meine-themen\/\",\"url\":\"https:\/\/baerbel-hoehn.de\/de\/ueber-mich\/meine-themen\/\",\"name\":\"Meine Themen - B\u00e4rbel H\u00f6hn\",\"isPartOf\":{\"@id\":\"https:\/\/baerbel-hoehn.de\/de\/#website\"},\"primaryImageOfPage\":{\"@id\":\"https:\/\/baerbel-hoehn.de\/de\/ueber-mich\/meine-themen\/#primaryimage\"},\"image\":{\"@id\":\"https:\/\/baerbel-hoehn.de\/de\/ueber-mich\/meine-themen\/#primaryimage\"},\"thumbnailUrl\":\"https:\/\/baerbel-hoehn.de\/wp-content\/uploads\/2017\/10\/solar-panel-241903.jpg\",\"datePublished\":\"2017-10-25T09:18:57+00:00\",\"dateModified\":\"2022-02-02T17:21:43+00:00\",\"breadcrumb\":{\"@id\":\"https:\/\/baerbel-hoehn.de\/de\/ueber-mich\/meine-themen\/#breadcrumb\"},\"inLanguage\":\"de\",\"potentialAction\":[{\"@type\":\"ReadAction\",\"target\":[\"https:\/\/baerbel-hoehn.de\/de\/ueber-mich\/meine-themen\/\"]}]},{\"@type\":\"ImageObject\",\"inLanguage\":\"de\",\"@id\":\"https:\/\/baerbel-hoehn.de\/de\/ueber-mich\/meine-themen\/#primaryimage\",\"url\":\"https:\/\/baerbel-hoehn.de\/wp-content\/uploads\/2017\/10\/solar-panel-241903.jpg\",\"contentUrl\":\"https:\/\/baerbel-hoehn.de\/wp-content\/uploads\/2017\/10\/solar-panel-241903.jpg\",\"width\":2592,\"height\":1944},{\"@type\":\"BreadcrumbList\",\"@id\":\"https:\/\/baerbel-hoehn.de\/de\/ueber-mich\/meine-themen\/#breadcrumb\",\"itemListElement\":[{\"@type\":\"ListItem\",\"position\":1,\"name\":\"Startseite\",\"item\":\"https:\/\/baerbel-hoehn.de\/de\/\"},{\"@type\":\"ListItem\",\"position\":2,\"name\":\"\u00dcber mich\",\"item\":\"https:\/\/baerbel-hoehn.de\/de\/ueber-mich\/\"},{\"@type\":\"ListItem\",\"position\":3,\"name\":\"Meine Themen\"}]},{\"@type\":\"WebSite\",\"@id\":\"https:\/\/baerbel-hoehn.de\/de\/#website\",\"url\":\"https:\/\/baerbel-hoehn.de\/de\/\",\"name\":\"B\u00e4rbel H\u00f6hn\",\"description\":\"100 Percent Renewable Energies - For All!\",\"potentialAction\":[{\"@type\":\"SearchAction\",\"target\":{\"@type\":\"EntryPoint\",\"urlTemplate\":\"https:\/\/baerbel-hoehn.de\/de\/?s={search_term_string}\"},\"query-input\":{\"@type\":\"PropertyValueSpecification\",\"valueRequired\":true,\"valueName\":\"search_term_string\"}}],\"inLanguage\":\"de\"}]}<\/script>\n<!-- \/ Yoast SEO plugin. -->","yoast_head_json":{"title":"Meine Themen - B\u00e4rbel H\u00f6hn","robots":{"index":"index","follow":"follow","max-snippet":"max-snippet:-1","max-image-preview":"max-image-preview:large","max-video-preview":"max-video-preview:-1"},"canonical":"https:\/\/baerbel-hoehn.de\/de\/ueber-mich\/meine-themen\/","og_locale":"de_DE","og_type":"article","og_title":"Meine Themen - B\u00e4rbel H\u00f6hn","og_description":"Atomausstieg und Energiewende Atomkraft ist eine unberechenbare Risikotechnologie. Deshalb k\u00e4mpfe ich daf\u00fcr, aus der Atomkraft auszusteigen &#8211; und f\u00fcr eine erneuerbare Energieversorgung. Deutschland hat dank des Erneuerbare-Energien-Gesetzes (EEG) der Rot-Gr\u00fcnen Bundesregierung nicht nur den eigenen Anteil erneuerbaren Stroms drastisch gesteigert, sondern auch die Kosten f\u00fcr PV und Windkraft global um ein vielfaches reduziert. Doch die &hellip; \u201eMeine Themen\u201c weiterlesen","og_url":"https:\/\/baerbel-hoehn.de\/de\/ueber-mich\/meine-themen\/","og_site_name":"B\u00e4rbel H\u00f6hn","article_modified_time":"2022-02-02T17:21:43+00:00","og_image":[{"width":2592,"height":1944,"url":"https:\/\/baerbel-hoehn.de\/wp-content\/uploads\/2017\/10\/solar-panel-241903.jpg","type":"image\/jpeg"}],"twitter_card":"summary_large_image","twitter_misc":{"Gesch\u00e4tzte Lesezeit":"2\u00a0Minuten"},"schema":{"@context":"https:\/\/schema.org","@graph":[{"@type":"WebPage","@id":"https:\/\/baerbel-hoehn.de\/de\/ueber-mich\/meine-themen\/","url":"https:\/\/baerbel-hoehn.de\/de\/ueber-mich\/meine-themen\/","name":"Meine Themen - B\u00e4rbel H\u00f6hn","isPartOf":{"@id":"https:\/\/baerbel-hoehn.de\/de\/#website"},"primaryImageOfPage":{"@id":"https:\/\/baerbel-hoehn.de\/de\/ueber-mich\/meine-themen\/#primaryimage"},"image":{"@id":"https:\/\/baerbel-hoehn.de\/de\/ueber-mich\/meine-themen\/#primaryimage"},"thumbnailUrl":"https:\/\/baerbel-hoehn.de\/wp-content\/uploads\/2017\/10\/solar-panel-241903.jpg","datePublished":"2017-10-25T09:18:57+00:00","dateModified":"2022-02-02T17:21:43+00:00","breadcrumb":{"@id":"https:\/\/baerbel-hoehn.de\/de\/ueber-mich\/meine-themen\/#breadcrumb"},"inLanguage":"de","potentialAction":[{"@type":"ReadAction","target":["https:\/\/baerbel-hoehn.de\/de\/ueber-mich\/meine-themen\/"]}]},{"@type":"ImageObject","inLanguage":"de","@id":"https:\/\/baerbel-hoehn.de\/de\/ueber-mich\/meine-themen\/#primaryimage","url":"https:\/\/baerbel-hoehn.de\/wp-content\/uploads\/2017\/10\/solar-panel-241903.jpg","contentUrl":"https:\/\/baerbel-hoehn.de\/wp-content\/uploads\/2017\/10\/solar-panel-241903.jpg","width":2592,"height":1944},{"@type":"BreadcrumbList","@id":"https:\/\/baerbel-hoehn.de\/de\/ueber-mich\/meine-themen\/#breadcrumb","itemListElement":[{"@type":"ListItem","position":1,"name":"Startseite","item":"https:\/\/baerbel-hoehn.de\/de\/"},{"@type":"ListItem","position":2,"name":"\u00dcber mich","item":"https:\/\/baerbel-hoehn.de\/de\/ueber-mich\/"},{"@type":"ListItem","position":3,"name":"Meine Themen"}]},{"@type":"WebSite","@id":"https:\/\/baerbel-hoehn.de\/de\/#website","url":"https:\/\/baerbel-hoehn.de\/de\/","name":"B\u00e4rbel H\u00f6hn","description":"100 Percent Renewable Energies - For All!","potentialAction":[{"@type":"SearchAction","target":{"@type":"EntryPoint","urlTemplate":"https:\/\/baerbel-hoehn.de\/de\/?s={search_term_string}"},"query-input":{"@type":"PropertyValueSpecification","valueRequired":true,"valueName":"search_term_string"}}],"inLanguage":"de"}]}},"_links":{"self":[{"href":"https:\/\/baerbel-hoehn.de\/de\/wp-json\/wp\/v2\/pages\/23","targetHints":{"allow":["GET"]}}],"collection":[{"href":"https:\/\/baerbel-hoehn.de\/de\/wp-json\/wp\/v2\/pages"}],"about":[{"href":"https:\/\/baerbel-hoehn.de\/de\/wp-json\/wp\/v2\/types\/page"}],"author":[{"embeddable":true,"href":"https:\/\/baerbel-hoehn.de\/de\/wp-json\/wp\/v2\/users\/2"}],"replies":[{"embeddable":true,"href":"https:\/\/baerbel-hoehn.de\/de\/wp-json\/wp\/v2\/comments?post=23"}],"version-history":[{"count":13,"href":"https:\/\/baerbel-hoehn.de\/de\/wp-json\/wp\/v2\/pages\/23\/revisions"}],"predecessor-version":[{"id":656,"href":"https:\/\/baerbel-hoehn.de\/de\/wp-json\/wp\/v2\/pages\/23\/revisions\/656"}],"up":[{"embeddable":true,"href":"https:\/\/baerbel-hoehn.de\/de\/wp-json\/wp\/v2\/pages\/125"}],"wp:featuredmedia":[{"embeddable":true,"href":"https:\/\/baerbel-hoehn.de\/de\/wp-json\/wp\/v2\/media\/157"}],"wp:attachment":[{"href":"https:\/\/baerbel-hoehn.de\/de\/wp-json\/wp\/v2\/media?parent=23"}],"curies":[{"name":"wp","href":"https:\/\/api.w.org\/{rel}","templated":true}]}}