{"id":22,"date":"2017-10-25T10:18:57","date_gmt":"2017-10-25T09:18:57","guid":{"rendered":"https:\/\/baerbel-hoehn.de\/?page_id=22"},"modified":"2023-04-22T15:30:05","modified_gmt":"2023-04-22T14:30:05","slug":"kontakt","status":"publish","type":"page","link":"https:\/\/baerbel-hoehn.de\/de\/kontakt\/","title":{"rendered":"Kontakt"},"content":{"rendered":"<p>Sie k\u00f6nnen mit gerne neben Twitter und Facebook auch \u00fcber das folgende Kontaktformular erreichen. Ich freue mich auf den Austausch mit Ihnen.<\/p>\n\n<div class=\"wpcf7 no-js\" id=\"wpcf7-f4-o1\" lang=\"de-DE\" dir=\"ltr\" data-wpcf7-id=\"4\">\n<div class=\"screen-reader-response\"><p role=\"status\" aria-live=\"polite\" aria-atomic=\"true\"><\/p> <ul><\/ul><\/div>\n<form action=\"\/de\/wp-json\/wp\/v2\/pages\/22#wpcf7-f4-o1\" method=\"post\" class=\"wpcf7-form init\" aria-label=\"Kontaktformular\" novalidate=\"novalidate\" data-status=\"init\">\n<fieldset class=\"hidden-fields-container\"><input type=\"hidden\" name=\"_wpcf7\" value=\"4\" \/><input type=\"hidden\" name=\"_wpcf7_version\" value=\"6.1.5\" \/><input type=\"hidden\" name=\"_wpcf7_locale\" value=\"de_DE\" \/><input type=\"hidden\" name=\"_wpcf7_unit_tag\" value=\"wpcf7-f4-o1\" \/><input type=\"hidden\" name=\"_wpcf7_container_post\" value=\"0\" \/><input type=\"hidden\" name=\"_wpcf7_posted_data_hash\" value=\"\" \/><input type=\"hidden\" name=\"_wpcf7_recaptcha_response\" value=\"\" \/>\n<\/fieldset>\n<p><label> Ihr Name<br \/>\n<span class=\"wpcf7-form-control-wrap\" data-name=\"your-name\"><input size=\"40\" maxlength=\"400\" class=\"wpcf7-form-control wpcf7-text wpcf7-validates-as-required\" aria-required=\"true\" aria-invalid=\"false\" value=\"\" type=\"text\" name=\"your-name\" \/><\/span> <\/label>\n<\/p>\n<p><label> Ihre email (diese Daten werden nicht gespeichert)<br \/>\n<span class=\"wpcf7-form-control-wrap\" data-name=\"your-email\"><input size=\"40\" maxlength=\"400\" class=\"wpcf7-form-control wpcf7-email wpcf7-validates-as-required wpcf7-text wpcf7-validates-as-email\" aria-required=\"true\" aria-invalid=\"false\" value=\"\" type=\"email\" name=\"your-email\" \/><\/span> <\/label>\n<\/p>\n<p><label> Betreff<br \/>\n<span class=\"wpcf7-form-control-wrap\" data-name=\"your-subject\"><input size=\"40\" maxlength=\"400\" class=\"wpcf7-form-control wpcf7-text\" aria-invalid=\"false\" value=\"\" type=\"text\" name=\"your-subject\" \/><\/span> <\/label>\n<\/p>\n<p><label> Ihre Nachricht an mich<br \/>\n<span class=\"wpcf7-form-control-wrap\" data-name=\"your-message\"><textarea cols=\"40\" rows=\"10\" maxlength=\"2000\" class=\"wpcf7-form-control wpcf7-textarea\" aria-invalid=\"false\" name=\"your-message\"><\/textarea><\/span> <\/label>\n<\/p>\n\n<p><input class=\"wpcf7-form-control wpcf7-submit has-spinner\" type=\"submit\" value=\"Send\" \/>\n<\/p><div class=\"wpcf7-response-output\" aria-hidden=\"true\"><\/div>\n<\/form>\n<\/div>\n\n","protected":false},"excerpt":{"rendered":"<p>Sie k\u00f6nnen mit gerne neben Twitter und Facebook auch \u00fcber das folgende Kontaktformular erreichen. Ich freue mich auf den Austausch mit Ihnen.<\/p>\n","protected":false},"author":2,"featured_media":245,"parent":0,"menu_order":6,"comment_status":"closed","ping_status":"closed","template":"","meta":{"footnotes":""},"class_list":["post-22","page","type-page","status-publish","has-post-thumbnail","hentry"],"yoast_head":"<!-- This site is optimized with the Yoast SEO plugin v26.8 - https:\/\/yoast.com\/product\/yoast-seo-wordpress\/ -->\n<title>Kontakt - B\u00e4rbel H\u00f6hn<\/title>\n<meta name=\"description\" content=\"Kontaktierten Sie mich gerne hier oder auf social media.\" \/>\n<meta name=\"robots\" content=\"index, follow, max-snippet:-1, max-image-preview:large, max-video-preview:-1\" \/>\n<link rel=\"canonical\" href=\"https:\/\/baerbel-hoehn.de\/de\/kontakt\/\" \/>\n<meta property=\"og:locale\" content=\"de_DE\" \/>\n<meta property=\"og:type\" content=\"article\" \/>\n<meta property=\"og:title\" content=\"B\u00e4rbel H\u00f6hn B\u00e4rbel H\u00f6hn auf Facebook\" \/>\n<meta property=\"og:description\" content=\"Kontaktierten Sie mich gerne hier oder auf social media.\" \/>\n<meta property=\"og:url\" content=\"https:\/\/baerbel-hoehn.de\/de\/kontakt\/\" \/>\n<meta property=\"og:site_name\" content=\"B\u00e4rbel H\u00f6hn\" \/>\n<meta property=\"article:modified_time\" content=\"2023-04-22T14:30:05+00:00\" \/>\n<meta property=\"og:image\" content=\"https:\/\/baerbel-hoehn.de\/wp-content\/uploads\/2023\/04\/312288008_101957099397038_3701419598755410614_n.jpg\" \/>\n\t<meta property=\"og:image:width\" content=\"1440\" \/>\n\t<meta property=\"og:image:height\" content=\"1920\" \/>\n\t<meta property=\"og:image:type\" content=\"image\/jpeg\" \/>\n<meta name=\"twitter:card\" content=\"summary_large_image\" \/>\n<meta name=\"twitter:label1\" content=\"Gesch\u00e4tzte Lesezeit\" \/>\n\t<meta name=\"twitter:data1\" content=\"1\u00a0Minute\" \/>\n<script type=\"application\/ld+json\" class=\"yoast-schema-graph\">{\"@context\":\"https:\/\/schema.org\",\"@graph\":[{\"@type\":[\"WebPage\",\"ContactPage\"],\"@id\":\"https:\/\/baerbel-hoehn.de\/de\/kontakt\/\",\"url\":\"https:\/\/baerbel-hoehn.de\/de\/kontakt\/\",\"name\":\"Kontakt - B\u00e4rbel H\u00f6hn\",\"isPartOf\":{\"@id\":\"https:\/\/baerbel-hoehn.de\/de\/#website\"},\"primaryImageOfPage\":{\"@id\":\"https:\/\/baerbel-hoehn.de\/de\/kontakt\/#primaryimage\"},\"image\":{\"@id\":\"https:\/\/baerbel-hoehn.de\/de\/kontakt\/#primaryimage\"},\"thumbnailUrl\":\"https:\/\/baerbel-hoehn.de\/wp-content\/uploads\/2017\/11\/IMG_4831-e1510411382880.jpeg\",\"datePublished\":\"2017-10-25T09:18:57+00:00\",\"dateModified\":\"2023-04-22T14:30:05+00:00\",\"description\":\"Kontaktierten Sie mich gerne hier oder auf social media.\",\"breadcrumb\":{\"@id\":\"https:\/\/baerbel-hoehn.de\/de\/kontakt\/#breadcrumb\"},\"inLanguage\":\"de\",\"potentialAction\":[{\"@type\":\"ReadAction\",\"target\":[\"https:\/\/baerbel-hoehn.de\/de\/kontakt\/\"]}]},{\"@type\":\"ImageObject\",\"inLanguage\":\"de\",\"@id\":\"https:\/\/baerbel-hoehn.de\/de\/kontakt\/#primaryimage\",\"url\":\"https:\/\/baerbel-hoehn.de\/wp-content\/uploads\/2017\/11\/IMG_4831-e1510411382880.jpeg\",\"contentUrl\":\"https:\/\/baerbel-hoehn.de\/wp-content\/uploads\/2017\/11\/IMG_4831-e1510411382880.jpeg\",\"width\":3264,\"height\":1607,\"caption\":\"Baerbel in the solar desert\"},{\"@type\":\"BreadcrumbList\",\"@id\":\"https:\/\/baerbel-hoehn.de\/de\/kontakt\/#breadcrumb\",\"itemListElement\":[{\"@type\":\"ListItem\",\"position\":1,\"name\":\"Startseite\",\"item\":\"https:\/\/baerbel-hoehn.de\/de\/\"},{\"@type\":\"ListItem\",\"position\":2,\"name\":\"Kontakt\"}]},{\"@type\":\"WebSite\",\"@id\":\"https:\/\/baerbel-hoehn.de\/de\/#website\",\"url\":\"https:\/\/baerbel-hoehn.de\/de\/\",\"name\":\"B\u00e4rbel H\u00f6hn\",\"description\":\"100 Percent Renewable Energies - For All!\",\"potentialAction\":[{\"@type\":\"SearchAction\",\"target\":{\"@type\":\"EntryPoint\",\"urlTemplate\":\"https:\/\/baerbel-hoehn.de\/de\/?s={search_term_string}\"},\"query-input\":{\"@type\":\"PropertyValueSpecification\",\"valueRequired\":true,\"valueName\":\"search_term_string\"}}],\"inLanguage\":\"de\"}]}<\/script>\n<!-- \/ Yoast SEO plugin. -->","yoast_head_json":{"title":"Kontakt - B\u00e4rbel H\u00f6hn","description":"Kontaktierten Sie mich gerne hier oder auf social media.","robots":{"index":"index","follow":"follow","max-snippet":"max-snippet:-1","max-image-preview":"max-image-preview:large","max-video-preview":"max-video-preview:-1"},"canonical":"https:\/\/baerbel-hoehn.de\/de\/kontakt\/","og_locale":"de_DE","og_type":"article","og_title":"B\u00e4rbel H\u00f6hn B\u00e4rbel H\u00f6hn auf Facebook","og_description":"Kontaktierten Sie mich gerne hier oder auf social media.","og_url":"https:\/\/baerbel-hoehn.de\/de\/kontakt\/","og_site_name":"B\u00e4rbel H\u00f6hn","article_modified_time":"2023-04-22T14:30:05+00:00","og_image":[{"width":1440,"height":1920,"url":"https:\/\/baerbel-hoehn.de\/wp-content\/uploads\/2023\/04\/312288008_101957099397038_3701419598755410614_n.jpg","type":"image\/jpeg"}],"twitter_card":"summary_large_image","twitter_misc":{"Gesch\u00e4tzte Lesezeit":"1\u00a0Minute"},"schema":{"@context":"https:\/\/schema.org","@graph":[{"@type":["WebPage","ContactPage"],"@id":"https:\/\/baerbel-hoehn.de\/de\/kontakt\/","url":"https:\/\/baerbel-hoehn.de\/de\/kontakt\/","name":"Kontakt - B\u00e4rbel H\u00f6hn","isPartOf":{"@id":"https:\/\/baerbel-hoehn.de\/de\/#website"},"primaryImageOfPage":{"@id":"https:\/\/baerbel-hoehn.de\/de\/kontakt\/#primaryimage"},"image":{"@id":"https:\/\/baerbel-hoehn.de\/de\/kontakt\/#primaryimage"},"thumbnailUrl":"https:\/\/baerbel-hoehn.de\/wp-content\/uploads\/2017\/11\/IMG_4831-e1510411382880.jpeg","datePublished":"2017-10-25T09:18:57+00:00","dateModified":"2023-04-22T14:30:05+00:00","description":"Kontaktierten Sie mich gerne hier oder auf social media.","breadcrumb":{"@id":"https:\/\/baerbel-hoehn.de\/de\/kontakt\/#breadcrumb"},"inLanguage":"de","potentialAction":[{"@type":"ReadAction","target":["https:\/\/baerbel-hoehn.de\/de\/kontakt\/"]}]},{"@type":"ImageObject","inLanguage":"de","@id":"https:\/\/baerbel-hoehn.de\/de\/kontakt\/#primaryimage","url":"https:\/\/baerbel-hoehn.de\/wp-content\/uploads\/2017\/11\/IMG_4831-e1510411382880.jpeg","contentUrl":"https:\/\/baerbel-hoehn.de\/wp-content\/uploads\/2017\/11\/IMG_4831-e1510411382880.jpeg","width":3264,"height":1607,"caption":"Baerbel in the solar desert"},{"@type":"BreadcrumbList","@id":"https:\/\/baerbel-hoehn.de\/de\/kontakt\/#breadcrumb","itemListElement":[{"@type":"ListItem","position":1,"name":"Startseite","item":"https:\/\/baerbel-hoehn.de\/de\/"},{"@type":"ListItem","position":2,"name":"Kontakt"}]},{"@type":"WebSite","@id":"https:\/\/baerbel-hoehn.de\/de\/#website","url":"https:\/\/baerbel-hoehn.de\/de\/","name":"B\u00e4rbel H\u00f6hn","description":"100 Percent Renewable Energies - For All!","potentialAction":[{"@type":"SearchAction","target":{"@type":"EntryPoint","urlTemplate":"https:\/\/baerbel-hoehn.de\/de\/?s={search_term_string}"},"query-input":{"@type":"PropertyValueSpecification","valueRequired":true,"valueName":"search_term_string"}}],"inLanguage":"de"}]}},"_links":{"self":[{"href":"https:\/\/baerbel-hoehn.de\/de\/wp-json\/wp\/v2\/pages\/22","targetHints":{"allow":["GET"]}}],"collection":[{"href":"https:\/\/baerbel-hoehn.de\/de\/wp-json\/wp\/v2\/pages"}],"about":[{"href":"https:\/\/baerbel-hoehn.de\/de\/wp-json\/wp\/v2\/types\/page"}],"author":[{"embeddable":true,"href":"https:\/\/baerbel-hoehn.de\/de\/wp-json\/wp\/v2\/users\/2"}],"replies":[{"embeddable":true,"href":"https:\/\/baerbel-hoehn.de\/de\/wp-json\/wp\/v2\/comments?post=22"}],"version-history":[{"count":5,"href":"https:\/\/baerbel-hoehn.de\/de\/wp-json\/wp\/v2\/pages\/22\/revisions"}],"predecessor-version":[{"id":84,"href":"https:\/\/baerbel-hoehn.de\/de\/wp-json\/wp\/v2\/pages\/22\/revisions\/84"}],"wp:featuredmedia":[{"embeddable":true,"href":"https:\/\/baerbel-hoehn.de\/de\/wp-json\/wp\/v2\/media\/245"}],"wp:attachment":[{"href":"https:\/\/baerbel-hoehn.de\/de\/wp-json\/wp\/v2\/media?parent=22"}],"curies":[{"name":"wp","href":"https:\/\/api.w.org\/{rel}","templated":true}]}}