{"id":183,"date":"2017-10-31T13:22:55","date_gmt":"2017-10-31T12:22:55","guid":{"rendered":"https:\/\/baerbel-hoehn.de\/?page_id=183"},"modified":"2022-02-01T12:25:34","modified_gmt":"2022-02-01T11:25:34","slug":"energiebeauftragte-fuer-afrika","status":"publish","type":"page","link":"https:\/\/baerbel-hoehn.de\/de\/energiebeauftragte-fuer-afrika\/","title":{"rendered":"Gr\u00fcne B\u00fcrgerenergie"},"content":{"rendered":"<h4>Energiebeauftragte f\u00fcr Afrika<\/h4>\n<p>Seit dem 1.11.2017 arbeite ich ehrenamtlich als Energiebeauftragte des Bundesministerium f\u00fcr wirtschaftliche Zusammenarbeit und Entwicklung (BMZ) in Afrika. Projekte in neun L\u00e4ndern Afrikas entwickle ich zusammen mit dem BMZ, der GIZ (Gesellschaft f\u00fcr internationale Zusammenarbeit) und der KfW (Kreditanstalt f\u00fcr wirtschaftliche Entwicklung).<\/p>\n<figure id=\"attachment_575\" aria-describedby=\"caption-attachment-575\" style=\"width: 525px\" class=\"wp-caption alignnone\"><img loading=\"lazy\" decoding=\"async\" class=\"wp-image-575 size-large\" src=\"https:\/\/baerbel-hoehn.de\/wp-content\/uploads\/2022\/01\/IMG_2011-1024x768.jpeg\" alt=\"Fischerfrauen an der K\u00fcste von Senegal trocknen Fisch in der Sonne\" width=\"525\" height=\"394\" srcset=\"https:\/\/baerbel-hoehn.de\/wp-content\/uploads\/2022\/01\/IMG_2011-1024x768.jpeg 1024w, https:\/\/baerbel-hoehn.de\/wp-content\/uploads\/2022\/01\/IMG_2011-300x225.jpeg 300w, https:\/\/baerbel-hoehn.de\/wp-content\/uploads\/2022\/01\/IMG_2011-768x576.jpeg 768w, https:\/\/baerbel-hoehn.de\/wp-content\/uploads\/2022\/01\/IMG_2011-1536x1152.jpeg 1536w, https:\/\/baerbel-hoehn.de\/wp-content\/uploads\/2022\/01\/IMG_2011.jpeg 1920w\" sizes=\"auto, (max-width: 525px) 100vw, 525px\" \/><figcaption id=\"caption-attachment-575\" class=\"wp-caption-text\">Fischerfrauen an der K\u00fcste von Senegal trocknen Fisch in der Sonne (Bild: privat)<\/figcaption><\/figure>\n<h4>Warum machen wir das?<\/h4>\n<p>Die H\u00e4lfte der Bev\u00f6lkerung in Afrika hat keinen Zugang zu Strom. Von diesen Menschen leben 90% auf dem Land. Wie w\u00fcrden wir leben, wenn 50% der Menschen in Deutschland keinen Strom h\u00e4tten? Nicht auszudenken!<\/p>\n<p>Hinzu kommt, dass in vielen dieser Staaten 50% der Bev\u00f6lkerung 18 Jahre und j\u00fcnger sind, die Bev\u00f6lkerung w\u00e4chst stark, die vielen jungen Menschen brauchen eine Perspektive.<\/p>\n<figure id=\"attachment_579\" aria-describedby=\"caption-attachment-579\" style=\"width: 525px\" class=\"wp-caption alignnone\"><img loading=\"lazy\" decoding=\"async\" class=\"size-large wp-image-579\" src=\"https:\/\/baerbel-hoehn.de\/wp-content\/uploads\/2022\/01\/IMG_3122-768x1024.jpeg\" alt=\"Fraueninitiative in Kenia, die Obst und Gem\u00fcse trocknen und verarbeiten\" width=\"525\" height=\"700\" srcset=\"https:\/\/baerbel-hoehn.de\/wp-content\/uploads\/2022\/01\/IMG_3122-768x1024.jpeg 768w, https:\/\/baerbel-hoehn.de\/wp-content\/uploads\/2022\/01\/IMG_3122-225x300.jpeg 225w, https:\/\/baerbel-hoehn.de\/wp-content\/uploads\/2022\/01\/IMG_3122-1152x1536.jpeg 1152w, https:\/\/baerbel-hoehn.de\/wp-content\/uploads\/2022\/01\/IMG_3122.jpeg 1440w\" sizes=\"auto, (max-width: 525px) 100vw, 525px\" \/><figcaption id=\"caption-attachment-579\" class=\"wp-caption-text\">Fraueninitiative in Kenia, die Obst und Gem\u00fcse trocknen und verarbeiten (Bild: privat)<\/figcaption><\/figure>\n<h4><strong>Die SDGs und die Klimaziele von Paris erf\u00fcllen<\/strong><\/h4>\n<p>Die Gr\u00fcne B\u00fcrgerenergie &#8211; dezentrale, klimafreundliche erneuerbare Energie &#8211; setzt genau hier an: Mit Photovoltaik Armut und Hunger bek\u00e4mpfen: Gem\u00fcse und Obst trocknen, Fisch und Medikamente k\u00fchlen, Licht in die H\u00e4user bringen, Handwerk wie Schmiedearbeiten, Schwei\u00dfen, Metallverarbeitung und N\u00e4hen erm\u00f6glichen, Dienstleistungen wie Friseur, Restaurants und Handyaufladestationen anbieten. Damit werden Einkommen, Arbeitspl\u00e4tze und Mehrwert geschaffen, Gesundheitsstationen und\u00a0 Schulen besser ausgestattet. Gerade auch Frauen profitieren von dezentralen Energiestrukturen.<\/p>\n<figure id=\"attachment_567\" aria-describedby=\"caption-attachment-567\" style=\"width: 525px\" class=\"wp-caption alignnone\"><img loading=\"lazy\" decoding=\"async\" class=\"size-large wp-image-567\" src=\"https:\/\/baerbel-hoehn.de\/wp-content\/uploads\/2022\/01\/IMG_0150-768x1024.jpeg\" alt=\"Erdnussbuttermaschine in Mosambik, angetrieben von Erneuerbaren Energien\" width=\"525\" height=\"700\" srcset=\"https:\/\/baerbel-hoehn.de\/wp-content\/uploads\/2022\/01\/IMG_0150-768x1024.jpeg 768w, https:\/\/baerbel-hoehn.de\/wp-content\/uploads\/2022\/01\/IMG_0150-225x300.jpeg 225w, https:\/\/baerbel-hoehn.de\/wp-content\/uploads\/2022\/01\/IMG_0150-1152x1536.jpeg 1152w, https:\/\/baerbel-hoehn.de\/wp-content\/uploads\/2022\/01\/IMG_0150.jpeg 1440w\" sizes=\"auto, (max-width: 525px) 100vw, 525px\" \/><figcaption id=\"caption-attachment-567\" class=\"wp-caption-text\">Erdnussbuttermaschine in Mosambik, angetrieben von Erneuerbaren Energien (Bild: privat)<\/figcaption><\/figure>\n<p>Sehr viele der Nachhaltigkeitsziele k\u00f6nnen mit Erneuerbaren Energien besser erreicht werden und das sogar klimafreundlich. Wir k\u00f6nnen die Lebenssituation der Menschen verbessern.<\/p>\n<p>\u201eKeinen Menschen zur\u00fccklassen\u201c lautet das Motto der Agenda 2030. Wir m\u00fcssen die Nachhaltigkeitsziele erf\u00fcllen und gleichzeitig die Ziele der Pariser Klimakonferenz einhalten, denn gerade die Menschen in Afrika leiden besonders unter den Auswirkungen der Klimakrise, wie D\u00fcrren und \u00dcberflutungen.<\/p>\n<figure id=\"attachment_573\" aria-describedby=\"caption-attachment-573\" style=\"width: 525px\" class=\"wp-caption alignnone\"><img loading=\"lazy\" decoding=\"async\" class=\"size-large wp-image-573\" src=\"https:\/\/baerbel-hoehn.de\/wp-content\/uploads\/2022\/01\/IMG_1679-1024x724.jpg\" alt=\"Gespr\u00e4ch mit Sch\u00fcler*innen in \u00c4thiopien\" width=\"525\" height=\"371\" srcset=\"https:\/\/baerbel-hoehn.de\/wp-content\/uploads\/2022\/01\/IMG_1679-1024x724.jpg 1024w, https:\/\/baerbel-hoehn.de\/wp-content\/uploads\/2022\/01\/IMG_1679-300x212.jpg 300w, https:\/\/baerbel-hoehn.de\/wp-content\/uploads\/2022\/01\/IMG_1679-768x543.jpg 768w, https:\/\/baerbel-hoehn.de\/wp-content\/uploads\/2022\/01\/IMG_1679-1536x1086.jpg 1536w, https:\/\/baerbel-hoehn.de\/wp-content\/uploads\/2022\/01\/IMG_1679.jpg 1920w\" sizes=\"auto, (max-width: 525px) 100vw, 525px\" \/><figcaption id=\"caption-attachment-573\" class=\"wp-caption-text\">Gespr\u00e4ch mit Sch\u00fcler*innen in \u00c4thiopien (Bild: privat)<\/figcaption><\/figure>\n<h4><strong>Einkommen schaffen, Ausbildung anbieten, Finanzierung erm\u00f6glichen<\/strong><\/h4>\n<p>Dezentrale Energien k\u00f6nnen wir nur zusammen mit der Bev\u00f6lkerung vor Ort aufbauen. Entscheidend ist, dass wir ein gutes Betreibermodel haben, so dass die Anlagen auch langfristig gewartet werden und funktionieren. Dazu brauchen wir ausgebildete junge Leute. Deshalb f\u00f6rdern wir im Rahmen der Gr\u00fcnen B\u00fcrgerenergie auch die Berufsausbildung in diesen Bereichen. Wir bieten Netzwerke an, so dass Akteure gegenseitig ihre Erfahrungen austauschen k\u00f6nnen und sich gute Ideen verbreiten. Das alles ist Aufgabe der GIZ.<\/p>\n<p>Wir wollen aber nicht bei einzelnen Beispielen stehen bleiben; gute Projekte m\u00fcssen schnell vervielf\u00e4ltigt werden, um m\u00f6glichst viele Menschen zu erreichen.<\/p>\n<p>Dazu brauchen wir Geld, auch private Investitionen. F\u00fcr den Aufbau von dezentralen Solarnetzen unterst\u00fctzen wir mit der KfW deshalb crowdfunding M\u00f6glichkeiten oder beteiligen uns an Projekten der African Development Bank, weil wir nat\u00fcrlich insbesondere lokale Unternehmen st\u00e4rken wollen.<\/p>\n<figure id=\"attachment_599\" aria-describedby=\"caption-attachment-599\" style=\"width: 525px\" class=\"wp-caption alignnone\"><img loading=\"lazy\" decoding=\"async\" class=\"size-large wp-image-599\" src=\"https:\/\/baerbel-hoehn.de\/wp-content\/uploads\/2022\/01\/RENAC-1024x576.jpeg\" alt=\"RENAC, Seminar mit jungen afrikanischen Unternehmer*innen\" width=\"525\" height=\"295\" srcset=\"https:\/\/baerbel-hoehn.de\/wp-content\/uploads\/2022\/01\/RENAC-1024x576.jpeg 1024w, https:\/\/baerbel-hoehn.de\/wp-content\/uploads\/2022\/01\/RENAC-300x169.jpeg 300w, https:\/\/baerbel-hoehn.de\/wp-content\/uploads\/2022\/01\/RENAC-768x432.jpeg 768w, https:\/\/baerbel-hoehn.de\/wp-content\/uploads\/2022\/01\/RENAC-1536x864.jpeg 1536w, https:\/\/baerbel-hoehn.de\/wp-content\/uploads\/2022\/01\/RENAC.jpeg 1582w\" sizes=\"auto, (max-width: 525px) 100vw, 525px\" \/><figcaption id=\"caption-attachment-599\" class=\"wp-caption-text\">RENAC, Seminar mit jungen afrikanischen Unternehmer*innen (Bild: RENAC)<\/figcaption><\/figure>\n<h4><strong>Drei Beispiele:\u00a0<\/strong><\/h4>\n<p>In<strong>\u00a0Sambia<\/strong>\u00a0und im Senegal wird von Genossenschaften bei den einzelnen, weit verstreut lebenden Bauern die Milch abgeholt. Z.T. wird diese Milch dann weiter verarbeitet und damit Mehrwert geschaffen. Die Familien erzielen Einkommen, die Kinder k\u00f6nnen zur Schule gehen, gerade f\u00fcr die Frauen verbessert sich die Lebenssituation.<\/p>\n<figure id=\"attachment_597\" aria-describedby=\"caption-attachment-597\" style=\"width: 525px\" class=\"wp-caption alignnone\"><img loading=\"lazy\" decoding=\"async\" class=\"size-large wp-image-597\" src=\"https:\/\/baerbel-hoehn.de\/wp-content\/uploads\/2022\/01\/IMG_7521-1024x768.jpeg\" alt=\"Besuch der Milchkooperative im Senegal\" width=\"525\" height=\"394\" srcset=\"https:\/\/baerbel-hoehn.de\/wp-content\/uploads\/2022\/01\/IMG_7521-1024x768.jpeg 1024w, https:\/\/baerbel-hoehn.de\/wp-content\/uploads\/2022\/01\/IMG_7521-300x225.jpeg 300w, https:\/\/baerbel-hoehn.de\/wp-content\/uploads\/2022\/01\/IMG_7521-768x576.jpeg 768w, https:\/\/baerbel-hoehn.de\/wp-content\/uploads\/2022\/01\/IMG_7521-1536x1152.jpeg 1536w, https:\/\/baerbel-hoehn.de\/wp-content\/uploads\/2022\/01\/IMG_7521.jpeg 1920w\" sizes=\"auto, (max-width: 525px) 100vw, 525px\" \/><figcaption id=\"caption-attachment-597\" class=\"wp-caption-text\">Besuch der Milchkooperative im Senegal (Bild: privat)<\/figcaption><\/figure>\n<p>In\u00a0<strong>Benin<\/strong>\u00a0sind bei den Bauern Dieselwasserpumpen durch Solarpumpen ersetzt worden. Das ist nicht nur klimafreundlich, sondern die Investition ist nach wenigen Jahren wieder reingeholt, weil der Preis f\u00fcr Diesel und die Wartungskosten sehr hoch sind im Verh\u00e4ltnis zu Solarpumpen. Ein Modell, das sich sehr leicht vervielf\u00e4ltigen l\u00e4\u00dft.<\/p>\n<figure id=\"attachment_591\" aria-describedby=\"caption-attachment-591\" style=\"width: 525px\" class=\"wp-caption alignnone\"><img loading=\"lazy\" decoding=\"async\" class=\"size-large wp-image-591\" src=\"https:\/\/baerbel-hoehn.de\/wp-content\/uploads\/2022\/01\/IMG_6271-1024x768.jpeg\" alt=\"Besuch einer B\u00e4uerin in Benin, die ihren Dieselgenerator durch eine Photovoltaikanlage ersetzt hat\" width=\"525\" height=\"394\" srcset=\"https:\/\/baerbel-hoehn.de\/wp-content\/uploads\/2022\/01\/IMG_6271-1024x768.jpeg 1024w, https:\/\/baerbel-hoehn.de\/wp-content\/uploads\/2022\/01\/IMG_6271-300x225.jpeg 300w, https:\/\/baerbel-hoehn.de\/wp-content\/uploads\/2022\/01\/IMG_6271-768x576.jpeg 768w, https:\/\/baerbel-hoehn.de\/wp-content\/uploads\/2022\/01\/IMG_6271-1536x1152.jpeg 1536w, https:\/\/baerbel-hoehn.de\/wp-content\/uploads\/2022\/01\/IMG_6271.jpeg 1920w\" sizes=\"auto, (max-width: 525px) 100vw, 525px\" \/><figcaption id=\"caption-attachment-591\" class=\"wp-caption-text\">Besuch einer B\u00e4uerin in Benin, die ihren Dieselgenerator durch<br \/>eine Photovoltaikanlage ersetzt hat (Bild: privat)<\/figcaption><\/figure>\n<p>Die Ausbildung von Lehrern, die in anderen Teilen<strong>\u00a0Namibias<\/strong>\u00a0wieder junge Leute ausbilden. Ein junger Mann demonstrierte mir seine selbst gebaute Photovoltaikanlagen und sagt ganz begeistert: wir k\u00f6nnen auf jedes Dach Photovoltaik setzen, die Menschen haben Licht und brauchen keine Kerzen mehr, deren Rauch krank macht. Die Brandgefahr ist reduziert.<\/p>\n<figure id=\"attachment_585\" aria-describedby=\"caption-attachment-585\" style=\"width: 525px\" class=\"wp-caption alignnone\"><img loading=\"lazy\" decoding=\"async\" class=\"size-large wp-image-585\" src=\"https:\/\/baerbel-hoehn.de\/wp-content\/uploads\/2022\/01\/IMG_4260-1024x768.jpg\" alt=\"Ausbildung in Namibia\" width=\"525\" height=\"394\" srcset=\"https:\/\/baerbel-hoehn.de\/wp-content\/uploads\/2022\/01\/IMG_4260-1024x768.jpg 1024w, https:\/\/baerbel-hoehn.de\/wp-content\/uploads\/2022\/01\/IMG_4260-300x225.jpg 300w, https:\/\/baerbel-hoehn.de\/wp-content\/uploads\/2022\/01\/IMG_4260-768x576.jpg 768w, https:\/\/baerbel-hoehn.de\/wp-content\/uploads\/2022\/01\/IMG_4260-1536x1152.jpg 1536w, https:\/\/baerbel-hoehn.de\/wp-content\/uploads\/2022\/01\/IMG_4260.jpg 1920w\" sizes=\"auto, (max-width: 525px) 100vw, 525px\" \/><figcaption id=\"caption-attachment-585\" class=\"wp-caption-text\">Ausbildung in Namibia (Bild: privat)<\/figcaption><\/figure>\n","protected":false},"excerpt":{"rendered":"<p>Energiebeauftragte f\u00fcr Afrika Seit dem 1.11.2017 arbeite ich ehrenamtlich als Energiebeauftragte des Bundesministerium f\u00fcr wirtschaftliche Zusammenarbeit und Entwicklung (BMZ) in Afrika. Projekte in neun L\u00e4ndern Afrikas entwickle ich zusammen mit dem BMZ, der GIZ (Gesellschaft f\u00fcr internationale Zusammenarbeit) und der KfW (Kreditanstalt f\u00fcr wirtschaftliche Entwicklung). Warum machen wir das? Die H\u00e4lfte der Bev\u00f6lkerung in Afrika &hellip; <\/p>\n<p class=\"link-more\"><a href=\"https:\/\/baerbel-hoehn.de\/de\/energiebeauftragte-fuer-afrika\/\" class=\"more-link\"><span class=\"screen-reader-text\">\u201eGr\u00fcne B\u00fcrgerenergie\u201c<\/span> weiterlesen<\/a><\/p>\n","protected":false},"author":2,"featured_media":0,"parent":0,"menu_order":1,"comment_status":"closed","ping_status":"closed","template":"","meta":{"footnotes":""},"class_list":["post-183","page","type-page","status-publish","hentry"],"yoast_head":"<!-- This site is optimized with the Yoast SEO plugin v26.8 - https:\/\/yoast.com\/product\/yoast-seo-wordpress\/ -->\n<title>Gr\u00fcne B\u00fcrgerenergie - B\u00e4rbel H\u00f6hn<\/title>\n<meta name=\"robots\" content=\"index, follow, max-snippet:-1, max-image-preview:large, max-video-preview:-1\" \/>\n<link rel=\"canonical\" href=\"https:\/\/baerbel-hoehn.de\/de\/energiebeauftragte-fuer-afrika\/\" \/>\n<meta property=\"og:locale\" content=\"de_DE\" \/>\n<meta property=\"og:type\" content=\"article\" \/>\n<meta property=\"og:title\" content=\"Gr\u00fcne B\u00fcrgerenergie - B\u00e4rbel H\u00f6hn\" \/>\n<meta property=\"og:description\" content=\"Energiebeauftragte f\u00fcr Afrika Seit dem 1.11.2017 arbeite ich ehrenamtlich als Energiebeauftragte des Bundesministerium f\u00fcr wirtschaftliche Zusammenarbeit und Entwicklung (BMZ) in Afrika. Projekte in neun L\u00e4ndern Afrikas entwickle ich zusammen mit dem BMZ, der GIZ (Gesellschaft f\u00fcr internationale Zusammenarbeit) und der KfW (Kreditanstalt f\u00fcr wirtschaftliche Entwicklung). Warum machen wir das? Die H\u00e4lfte der Bev\u00f6lkerung in Afrika &hellip; \u201eGr\u00fcne B\u00fcrgerenergie\u201c weiterlesen\" \/>\n<meta property=\"og:url\" content=\"https:\/\/baerbel-hoehn.de\/de\/energiebeauftragte-fuer-afrika\/\" \/>\n<meta property=\"og:site_name\" content=\"B\u00e4rbel H\u00f6hn\" \/>\n<meta property=\"article:modified_time\" content=\"2022-02-01T11:25:34+00:00\" \/>\n<meta property=\"og:image\" content=\"https:\/\/baerbel-hoehn.de\/wp-content\/uploads\/2022\/01\/IMG_2011-1024x768.jpeg\" \/>\n<meta name=\"twitter:card\" content=\"summary_large_image\" \/>\n<meta name=\"twitter:label1\" content=\"Gesch\u00e4tzte Lesezeit\" \/>\n\t<meta name=\"twitter:data1\" content=\"6\u00a0Minuten\" \/>\n<script type=\"application\/ld+json\" class=\"yoast-schema-graph\">{\"@context\":\"https:\/\/schema.org\",\"@graph\":[{\"@type\":\"WebPage\",\"@id\":\"https:\/\/baerbel-hoehn.de\/de\/energiebeauftragte-fuer-afrika\/\",\"url\":\"https:\/\/baerbel-hoehn.de\/de\/energiebeauftragte-fuer-afrika\/\",\"name\":\"Gr\u00fcne B\u00fcrgerenergie - B\u00e4rbel H\u00f6hn\",\"isPartOf\":{\"@id\":\"https:\/\/baerbel-hoehn.de\/de\/#website\"},\"primaryImageOfPage\":{\"@id\":\"https:\/\/baerbel-hoehn.de\/de\/energiebeauftragte-fuer-afrika\/#primaryimage\"},\"image\":{\"@id\":\"https:\/\/baerbel-hoehn.de\/de\/energiebeauftragte-fuer-afrika\/#primaryimage\"},\"thumbnailUrl\":\"https:\/\/baerbel-hoehn.de\/wp-content\/uploads\/2022\/01\/IMG_2011-1024x768.jpeg\",\"datePublished\":\"2017-10-31T12:22:55+00:00\",\"dateModified\":\"2022-02-01T11:25:34+00:00\",\"breadcrumb\":{\"@id\":\"https:\/\/baerbel-hoehn.de\/de\/energiebeauftragte-fuer-afrika\/#breadcrumb\"},\"inLanguage\":\"de\",\"potentialAction\":[{\"@type\":\"ReadAction\",\"target\":[\"https:\/\/baerbel-hoehn.de\/de\/energiebeauftragte-fuer-afrika\/\"]}]},{\"@type\":\"ImageObject\",\"inLanguage\":\"de\",\"@id\":\"https:\/\/baerbel-hoehn.de\/de\/energiebeauftragte-fuer-afrika\/#primaryimage\",\"url\":\"https:\/\/baerbel-hoehn.de\/wp-content\/uploads\/2022\/01\/IMG_2011-1024x768.jpeg\",\"contentUrl\":\"https:\/\/baerbel-hoehn.de\/wp-content\/uploads\/2022\/01\/IMG_2011-1024x768.jpeg\"},{\"@type\":\"BreadcrumbList\",\"@id\":\"https:\/\/baerbel-hoehn.de\/de\/energiebeauftragte-fuer-afrika\/#breadcrumb\",\"itemListElement\":[{\"@type\":\"ListItem\",\"position\":1,\"name\":\"Startseite\",\"item\":\"https:\/\/baerbel-hoehn.de\/de\/\"},{\"@type\":\"ListItem\",\"position\":2,\"name\":\"Gr\u00fcne B\u00fcrgerenergie\"}]},{\"@type\":\"WebSite\",\"@id\":\"https:\/\/baerbel-hoehn.de\/de\/#website\",\"url\":\"https:\/\/baerbel-hoehn.de\/de\/\",\"name\":\"B\u00e4rbel H\u00f6hn\",\"description\":\"100 Percent Renewable Energies - For All!\",\"potentialAction\":[{\"@type\":\"SearchAction\",\"target\":{\"@type\":\"EntryPoint\",\"urlTemplate\":\"https:\/\/baerbel-hoehn.de\/de\/?s={search_term_string}\"},\"query-input\":{\"@type\":\"PropertyValueSpecification\",\"valueRequired\":true,\"valueName\":\"search_term_string\"}}],\"inLanguage\":\"de\"}]}<\/script>\n<!-- \/ Yoast SEO plugin. -->","yoast_head_json":{"title":"Gr\u00fcne B\u00fcrgerenergie - B\u00e4rbel H\u00f6hn","robots":{"index":"index","follow":"follow","max-snippet":"max-snippet:-1","max-image-preview":"max-image-preview:large","max-video-preview":"max-video-preview:-1"},"canonical":"https:\/\/baerbel-hoehn.de\/de\/energiebeauftragte-fuer-afrika\/","og_locale":"de_DE","og_type":"article","og_title":"Gr\u00fcne B\u00fcrgerenergie - B\u00e4rbel H\u00f6hn","og_description":"Energiebeauftragte f\u00fcr Afrika Seit dem 1.11.2017 arbeite ich ehrenamtlich als Energiebeauftragte des Bundesministerium f\u00fcr wirtschaftliche Zusammenarbeit und Entwicklung (BMZ) in Afrika. Projekte in neun L\u00e4ndern Afrikas entwickle ich zusammen mit dem BMZ, der GIZ (Gesellschaft f\u00fcr internationale Zusammenarbeit) und der KfW (Kreditanstalt f\u00fcr wirtschaftliche Entwicklung). Warum machen wir das? Die H\u00e4lfte der Bev\u00f6lkerung in Afrika &hellip; \u201eGr\u00fcne B\u00fcrgerenergie\u201c weiterlesen","og_url":"https:\/\/baerbel-hoehn.de\/de\/energiebeauftragte-fuer-afrika\/","og_site_name":"B\u00e4rbel H\u00f6hn","article_modified_time":"2022-02-01T11:25:34+00:00","og_image":[{"url":"https:\/\/baerbel-hoehn.de\/wp-content\/uploads\/2022\/01\/IMG_2011-1024x768.jpeg","type":"","width":"","height":""}],"twitter_card":"summary_large_image","twitter_misc":{"Gesch\u00e4tzte Lesezeit":"6\u00a0Minuten"},"schema":{"@context":"https:\/\/schema.org","@graph":[{"@type":"WebPage","@id":"https:\/\/baerbel-hoehn.de\/de\/energiebeauftragte-fuer-afrika\/","url":"https:\/\/baerbel-hoehn.de\/de\/energiebeauftragte-fuer-afrika\/","name":"Gr\u00fcne B\u00fcrgerenergie - B\u00e4rbel H\u00f6hn","isPartOf":{"@id":"https:\/\/baerbel-hoehn.de\/de\/#website"},"primaryImageOfPage":{"@id":"https:\/\/baerbel-hoehn.de\/de\/energiebeauftragte-fuer-afrika\/#primaryimage"},"image":{"@id":"https:\/\/baerbel-hoehn.de\/de\/energiebeauftragte-fuer-afrika\/#primaryimage"},"thumbnailUrl":"https:\/\/baerbel-hoehn.de\/wp-content\/uploads\/2022\/01\/IMG_2011-1024x768.jpeg","datePublished":"2017-10-31T12:22:55+00:00","dateModified":"2022-02-01T11:25:34+00:00","breadcrumb":{"@id":"https:\/\/baerbel-hoehn.de\/de\/energiebeauftragte-fuer-afrika\/#breadcrumb"},"inLanguage":"de","potentialAction":[{"@type":"ReadAction","target":["https:\/\/baerbel-hoehn.de\/de\/energiebeauftragte-fuer-afrika\/"]}]},{"@type":"ImageObject","inLanguage":"de","@id":"https:\/\/baerbel-hoehn.de\/de\/energiebeauftragte-fuer-afrika\/#primaryimage","url":"https:\/\/baerbel-hoehn.de\/wp-content\/uploads\/2022\/01\/IMG_2011-1024x768.jpeg","contentUrl":"https:\/\/baerbel-hoehn.de\/wp-content\/uploads\/2022\/01\/IMG_2011-1024x768.jpeg"},{"@type":"BreadcrumbList","@id":"https:\/\/baerbel-hoehn.de\/de\/energiebeauftragte-fuer-afrika\/#breadcrumb","itemListElement":[{"@type":"ListItem","position":1,"name":"Startseite","item":"https:\/\/baerbel-hoehn.de\/de\/"},{"@type":"ListItem","position":2,"name":"Gr\u00fcne B\u00fcrgerenergie"}]},{"@type":"WebSite","@id":"https:\/\/baerbel-hoehn.de\/de\/#website","url":"https:\/\/baerbel-hoehn.de\/de\/","name":"B\u00e4rbel H\u00f6hn","description":"100 Percent Renewable Energies - For All!","potentialAction":[{"@type":"SearchAction","target":{"@type":"EntryPoint","urlTemplate":"https:\/\/baerbel-hoehn.de\/de\/?s={search_term_string}"},"query-input":{"@type":"PropertyValueSpecification","valueRequired":true,"valueName":"search_term_string"}}],"inLanguage":"de"}]}},"_links":{"self":[{"href":"https:\/\/baerbel-hoehn.de\/de\/wp-json\/wp\/v2\/pages\/183","targetHints":{"allow":["GET"]}}],"collection":[{"href":"https:\/\/baerbel-hoehn.de\/de\/wp-json\/wp\/v2\/pages"}],"about":[{"href":"https:\/\/baerbel-hoehn.de\/de\/wp-json\/wp\/v2\/types\/page"}],"author":[{"embeddable":true,"href":"https:\/\/baerbel-hoehn.de\/de\/wp-json\/wp\/v2\/users\/2"}],"replies":[{"embeddable":true,"href":"https:\/\/baerbel-hoehn.de\/de\/wp-json\/wp\/v2\/comments?post=183"}],"version-history":[{"count":16,"href":"https:\/\/baerbel-hoehn.de\/de\/wp-json\/wp\/v2\/pages\/183\/revisions"}],"predecessor-version":[{"id":618,"href":"https:\/\/baerbel-hoehn.de\/de\/wp-json\/wp\/v2\/pages\/183\/revisions\/618"}],"wp:attachment":[{"href":"https:\/\/baerbel-hoehn.de\/de\/wp-json\/wp\/v2\/media?parent=183"}],"curies":[{"name":"wp","href":"https:\/\/api.w.org\/{rel}","templated":true}]}}