{"id":18,"date":"2017-10-25T10:18:57","date_gmt":"2017-10-25T09:18:57","guid":{"rendered":"https:\/\/baerbel-hoehn.de\/?page_id=18"},"modified":"2022-02-16T15:46:13","modified_gmt":"2022-02-16T14:46:13","slug":"willkommen","status":"publish","type":"page","link":"https:\/\/baerbel-hoehn.de\/de\/","title":{"rendered":"Herzlich Willkommen!"},"content":{"rendered":"<p><img loading=\"lazy\" decoding=\"async\" class=\"size-large wp-image-63 aligncenter\" src=\"https:\/\/baerbel-hoehn.de\/wp-content\/uploads\/2017\/10\/160425_Bienen14-e1508925558308-1024x534.jpg\" alt=\"\" width=\"525\" height=\"274\" srcset=\"https:\/\/baerbel-hoehn.de\/wp-content\/uploads\/2017\/10\/160425_Bienen14-e1508925558308-1024x534.jpg 1024w, https:\/\/baerbel-hoehn.de\/wp-content\/uploads\/2017\/10\/160425_Bienen14-e1508925558308-300x156.jpg 300w, https:\/\/baerbel-hoehn.de\/wp-content\/uploads\/2017\/10\/160425_Bienen14-e1508925558308-768x400.jpg 768w, https:\/\/baerbel-hoehn.de\/wp-content\/uploads\/2017\/10\/160425_Bienen14-e1508925558308.jpg 1270w\" sizes=\"auto, (max-width: 525px) 100vw, 525px\" \/><\/p>\n<div class=\"\"><span class=\"\">Ich freue mich, dass Sie auf meiner Website gelandet sind. <\/span><span class=\"\">Viele von Ihnen kennen mich als ehemalige Ministerin f\u00fcr Umwelt und Landwirtschaft in NRW oder als Bundestagsabgeordnete. Seit dem 1.11.2017 arbeitete ich ehrenamtlich f\u00fcr das Bundesministerium f\u00fcr wirtschaftliche Zusammenarbeit und Entwicklung als Energiebeauftragte f\u00fcr Afrika. Meine Aufgabe ist es, gr\u00fcne B\u00fcrgerenergie in Afrika zu f\u00f6rdern. Das ist auch notwendig, denn die Bev\u00f6lkerung dort w\u00e4chst, der Hunger nach Energie auch und es ist wichtig, dass die Energie von Erneuerbaren kommt und nicht von Kohle oder \u00d6l.<\/span><\/div>\n<div><\/div>\n<div class=\"\"><span class=\"\">Hier erfahren Sie mehr \u00fcber mich, mein Anliegen und Sie k\u00f6nnen mich auch gerne kontaktieren. Die Website aus meiner Zeit als Bundestagsabgeordnete finden Sie im Archiv. Auf Twitter und Facebook k\u00f6nnen Sie ebenfalls direkt mit mir in Kontakt treten und meine Aktivit\u00e4ten einsehen.<\/span><\/div>\n","protected":false},"excerpt":{"rendered":"<p>Ich freue mich, dass Sie auf meiner Website gelandet sind. Viele von Ihnen kennen mich als ehemalige Ministerin f\u00fcr Umwelt und Landwirtschaft in NRW oder als Bundestagsabgeordnete. Seit dem 1.11.2017 arbeitete ich ehrenamtlich f\u00fcr das Bundesministerium f\u00fcr wirtschaftliche Zusammenarbeit und Entwicklung als Energiebeauftragte f\u00fcr Afrika. Meine Aufgabe ist es, gr\u00fcne B\u00fcrgerenergie in Afrika zu f\u00f6rdern. &hellip; <\/p>\n<p class=\"link-more\"><a href=\"https:\/\/baerbel-hoehn.de\/de\/\" class=\"more-link\"><span class=\"screen-reader-text\">\u201eHerzlich Willkommen!\u201c<\/span> weiterlesen<\/a><\/p>\n","protected":false},"author":2,"featured_media":0,"parent":0,"menu_order":0,"comment_status":"closed","ping_status":"closed","template":"","meta":{"footnotes":""},"class_list":["post-18","page","type-page","status-publish","hentry"],"yoast_head":"<!-- This site is optimized with the Yoast SEO plugin v26.8 - https:\/\/yoast.com\/product\/yoast-seo-wordpress\/ -->\n<title>Herzlich Willkommen! - B\u00e4rbel H\u00f6hn<\/title>\n<meta name=\"description\" content=\"Viele von Ihnen kennen mich als ehemalige Ministerin in NRW oder als Bundestagsabgeordnete. Heute arbeitete ich ehrenamtlich f\u00fcr das BMZ als Energiebeauftragte f\u00fcr Afrika.\" \/>\n<meta name=\"robots\" content=\"index, follow, max-snippet:-1, max-image-preview:large, max-video-preview:-1\" \/>\n<link rel=\"canonical\" href=\"https:\/\/baerbel-hoehn.de\/de\/\" \/>\n<meta property=\"og:locale\" content=\"de_DE\" \/>\n<meta property=\"og:type\" content=\"article\" \/>\n<meta property=\"og:title\" content=\"Herzlich Willkommen! - B\u00e4rbel H\u00f6hn\" \/>\n<meta property=\"og:description\" content=\"Viele von Ihnen kennen mich als ehemalige Ministerin in NRW oder als Bundestagsabgeordnete. Heute arbeitete ich ehrenamtlich f\u00fcr das BMZ als Energiebeauftragte f\u00fcr Afrika.\" \/>\n<meta property=\"og:url\" content=\"https:\/\/baerbel-hoehn.de\/de\/\" \/>\n<meta property=\"og:site_name\" content=\"B\u00e4rbel H\u00f6hn\" \/>\n<meta property=\"article:modified_time\" content=\"2022-02-16T14:46:13+00:00\" \/>\n<meta property=\"og:image\" content=\"https:\/\/baerbel-hoehn.de\/wp-content\/uploads\/2017\/10\/160425_Bienen14-e1508925558308-1024x534.jpg\" \/>\n<meta name=\"twitter:card\" content=\"summary_large_image\" \/>\n<meta name=\"twitter:label1\" content=\"Gesch\u00e4tzte Lesezeit\" \/>\n\t<meta name=\"twitter:data1\" content=\"1\u00a0Minute\" \/>\n<script type=\"application\/ld+json\" class=\"yoast-schema-graph\">{\"@context\":\"https:\/\/schema.org\",\"@graph\":[{\"@type\":\"WebPage\",\"@id\":\"https:\/\/baerbel-hoehn.de\/de\/\",\"url\":\"https:\/\/baerbel-hoehn.de\/de\/\",\"name\":\"Herzlich Willkommen! - B\u00e4rbel H\u00f6hn\",\"isPartOf\":{\"@id\":\"https:\/\/baerbel-hoehn.de\/de\/#website\"},\"primaryImageOfPage\":{\"@id\":\"https:\/\/baerbel-hoehn.de\/de\/#primaryimage\"},\"image\":{\"@id\":\"https:\/\/baerbel-hoehn.de\/de\/#primaryimage\"},\"thumbnailUrl\":\"https:\/\/baerbel-hoehn.de\/wp-content\/uploads\/2017\/10\/160425_Bienen14-e1508925558308-1024x534.jpg\",\"datePublished\":\"2017-10-25T09:18:57+00:00\",\"dateModified\":\"2022-02-16T14:46:13+00:00\",\"description\":\"Viele von Ihnen kennen mich als ehemalige Ministerin in NRW oder als Bundestagsabgeordnete. Heute arbeitete ich ehrenamtlich f\u00fcr das BMZ als Energiebeauftragte f\u00fcr Afrika.\",\"breadcrumb\":{\"@id\":\"https:\/\/baerbel-hoehn.de\/de\/#breadcrumb\"},\"inLanguage\":\"de\",\"potentialAction\":[{\"@type\":\"ReadAction\",\"target\":[\"https:\/\/baerbel-hoehn.de\/de\/\"]}]},{\"@type\":\"ImageObject\",\"inLanguage\":\"de\",\"@id\":\"https:\/\/baerbel-hoehn.de\/de\/#primaryimage\",\"url\":\"https:\/\/baerbel-hoehn.de\/wp-content\/uploads\/2017\/10\/160425_Bienen14-e1508925558308-1024x534.jpg\",\"contentUrl\":\"https:\/\/baerbel-hoehn.de\/wp-content\/uploads\/2017\/10\/160425_Bienen14-e1508925558308-1024x534.jpg\"},{\"@type\":\"BreadcrumbList\",\"@id\":\"https:\/\/baerbel-hoehn.de\/de\/#breadcrumb\",\"itemListElement\":[{\"@type\":\"ListItem\",\"position\":1,\"name\":\"Startseite\",\"item\":\"https:\/\/baerbel-hoehn.de\/de\/\"},{\"@type\":\"ListItem\",\"position\":2,\"name\":\"Herzlich Willkommen!\"}]},{\"@type\":\"WebSite\",\"@id\":\"https:\/\/baerbel-hoehn.de\/de\/#website\",\"url\":\"https:\/\/baerbel-hoehn.de\/de\/\",\"name\":\"B\u00e4rbel H\u00f6hn\",\"description\":\"100 Percent Renewable Energies - For All!\",\"potentialAction\":[{\"@type\":\"SearchAction\",\"target\":{\"@type\":\"EntryPoint\",\"urlTemplate\":\"https:\/\/baerbel-hoehn.de\/de\/?s={search_term_string}\"},\"query-input\":{\"@type\":\"PropertyValueSpecification\",\"valueRequired\":true,\"valueName\":\"search_term_string\"}}],\"inLanguage\":\"de\"}]}<\/script>\n<!-- \/ Yoast SEO plugin. -->","yoast_head_json":{"title":"Herzlich Willkommen! - B\u00e4rbel H\u00f6hn","description":"Viele von Ihnen kennen mich als ehemalige Ministerin in NRW oder als Bundestagsabgeordnete. Heute arbeitete ich ehrenamtlich f\u00fcr das BMZ als Energiebeauftragte f\u00fcr Afrika.","robots":{"index":"index","follow":"follow","max-snippet":"max-snippet:-1","max-image-preview":"max-image-preview:large","max-video-preview":"max-video-preview:-1"},"canonical":"https:\/\/baerbel-hoehn.de\/de\/","og_locale":"de_DE","og_type":"article","og_title":"Herzlich Willkommen! - B\u00e4rbel H\u00f6hn","og_description":"Viele von Ihnen kennen mich als ehemalige Ministerin in NRW oder als Bundestagsabgeordnete. Heute arbeitete ich ehrenamtlich f\u00fcr das BMZ als Energiebeauftragte f\u00fcr Afrika.","og_url":"https:\/\/baerbel-hoehn.de\/de\/","og_site_name":"B\u00e4rbel H\u00f6hn","article_modified_time":"2022-02-16T14:46:13+00:00","og_image":[{"url":"https:\/\/baerbel-hoehn.de\/wp-content\/uploads\/2017\/10\/160425_Bienen14-e1508925558308-1024x534.jpg","type":"","width":"","height":""}],"twitter_card":"summary_large_image","twitter_misc":{"Gesch\u00e4tzte Lesezeit":"1\u00a0Minute"},"schema":{"@context":"https:\/\/schema.org","@graph":[{"@type":"WebPage","@id":"https:\/\/baerbel-hoehn.de\/de\/","url":"https:\/\/baerbel-hoehn.de\/de\/","name":"Herzlich Willkommen! - B\u00e4rbel H\u00f6hn","isPartOf":{"@id":"https:\/\/baerbel-hoehn.de\/de\/#website"},"primaryImageOfPage":{"@id":"https:\/\/baerbel-hoehn.de\/de\/#primaryimage"},"image":{"@id":"https:\/\/baerbel-hoehn.de\/de\/#primaryimage"},"thumbnailUrl":"https:\/\/baerbel-hoehn.de\/wp-content\/uploads\/2017\/10\/160425_Bienen14-e1508925558308-1024x534.jpg","datePublished":"2017-10-25T09:18:57+00:00","dateModified":"2022-02-16T14:46:13+00:00","description":"Viele von Ihnen kennen mich als ehemalige Ministerin in NRW oder als Bundestagsabgeordnete. Heute arbeitete ich ehrenamtlich f\u00fcr das BMZ als Energiebeauftragte f\u00fcr Afrika.","breadcrumb":{"@id":"https:\/\/baerbel-hoehn.de\/de\/#breadcrumb"},"inLanguage":"de","potentialAction":[{"@type":"ReadAction","target":["https:\/\/baerbel-hoehn.de\/de\/"]}]},{"@type":"ImageObject","inLanguage":"de","@id":"https:\/\/baerbel-hoehn.de\/de\/#primaryimage","url":"https:\/\/baerbel-hoehn.de\/wp-content\/uploads\/2017\/10\/160425_Bienen14-e1508925558308-1024x534.jpg","contentUrl":"https:\/\/baerbel-hoehn.de\/wp-content\/uploads\/2017\/10\/160425_Bienen14-e1508925558308-1024x534.jpg"},{"@type":"BreadcrumbList","@id":"https:\/\/baerbel-hoehn.de\/de\/#breadcrumb","itemListElement":[{"@type":"ListItem","position":1,"name":"Startseite","item":"https:\/\/baerbel-hoehn.de\/de\/"},{"@type":"ListItem","position":2,"name":"Herzlich Willkommen!"}]},{"@type":"WebSite","@id":"https:\/\/baerbel-hoehn.de\/de\/#website","url":"https:\/\/baerbel-hoehn.de\/de\/","name":"B\u00e4rbel H\u00f6hn","description":"100 Percent Renewable Energies - For All!","potentialAction":[{"@type":"SearchAction","target":{"@type":"EntryPoint","urlTemplate":"https:\/\/baerbel-hoehn.de\/de\/?s={search_term_string}"},"query-input":{"@type":"PropertyValueSpecification","valueRequired":true,"valueName":"search_term_string"}}],"inLanguage":"de"}]}},"_links":{"self":[{"href":"https:\/\/baerbel-hoehn.de\/de\/wp-json\/wp\/v2\/pages\/18","targetHints":{"allow":["GET"]}}],"collection":[{"href":"https:\/\/baerbel-hoehn.de\/de\/wp-json\/wp\/v2\/pages"}],"about":[{"href":"https:\/\/baerbel-hoehn.de\/de\/wp-json\/wp\/v2\/types\/page"}],"author":[{"embeddable":true,"href":"https:\/\/baerbel-hoehn.de\/de\/wp-json\/wp\/v2\/users\/2"}],"replies":[{"embeddable":true,"href":"https:\/\/baerbel-hoehn.de\/de\/wp-json\/wp\/v2\/comments?post=18"}],"version-history":[{"count":7,"href":"https:\/\/baerbel-hoehn.de\/de\/wp-json\/wp\/v2\/pages\/18\/revisions"}],"predecessor-version":[{"id":660,"href":"https:\/\/baerbel-hoehn.de\/de\/wp-json\/wp\/v2\/pages\/18\/revisions\/660"}],"wp:attachment":[{"href":"https:\/\/baerbel-hoehn.de\/de\/wp-json\/wp\/v2\/media?parent=18"}],"curies":[{"name":"wp","href":"https:\/\/api.w.org\/{rel}","templated":true}]}}