{"id":125,"date":"2017-10-25T14:20:16","date_gmt":"2017-10-25T13:20:16","guid":{"rendered":"https:\/\/baerbel-hoehn.de\/?page_id=125"},"modified":"2022-02-01T12:25:01","modified_gmt":"2022-02-01T11:25:01","slug":"ueber-mich","status":"publish","type":"page","link":"https:\/\/baerbel-hoehn.de\/de\/ueber-mich\/","title":{"rendered":"\u00dcber mich"},"content":{"rendered":"<p>&nbsp;<\/p>\n<p><span class=\"\">Ich bin B\u00e4rbel H\u00f6hn, Jahrgang 1952, und lebe seit <\/span><span class=\"\">1978 <\/span><span class=\"\">in Oberhausen (NRW). Seit <\/span><span class=\"\">dem 1.11.<\/span><span class=\"\">2017 bin ich im Auftrag des Bundesministeriums f\u00fcr Wirtschaftliche Entwicklung und Zusammenarbeit die Energiebeauftragte f\u00fcr Afrika. Diese Funktion \u00fcbernehme ich gemeinsam mit Josef G\u00f6ppel von der CSU, mit dem ich lange Jahre im Bundestag sa\u00df.<\/span><\/p>\n<p><span class=\"\">Von 2005 bis 2017 war ich<\/span><span class=\"\">\u00a0f\u00fcr meine Partei B\u00fcndnis\u201990\/Die Gr\u00fcnen im Deutschen Bundestag und <\/span><span class=\"\">von 1995 bis 2005<\/span><span class=\"\"> Ministerin <\/span><span class=\"\">f\u00fcr Umwelt und Landwirtschaft <\/span><span class=\"\">in NRW. Der Kampf f\u00fcr eine bessere Umwelt brachte mich in die Politik.<\/span><\/p>\n<p><img loading=\"lazy\" decoding=\"async\" class=\"aligncenter wp-image-15 size-full\" src=\"https:\/\/baerbel-hoehn.de\/wp-content\/uploads\/2017\/10\/Hoehn695_3.jpg\" alt=\"B\u00e4rbel H\u00f6hn im PLH 2014\" width=\"695\" height=\"391\" srcset=\"https:\/\/baerbel-hoehn.de\/wp-content\/uploads\/2017\/10\/Hoehn695_3.jpg 695w, https:\/\/baerbel-hoehn.de\/wp-content\/uploads\/2017\/10\/Hoehn695_3-300x169.jpg 300w\" sizes=\"auto, (max-width: 695px) 100vw, 695px\" \/><\/p>\n<div class=\"csc-header csc-header-n2\">\n<hr \/>\n<\/div>\n","protected":false},"excerpt":{"rendered":"<p>&nbsp; Ich bin B\u00e4rbel H\u00f6hn, Jahrgang 1952, und lebe seit 1978 in Oberhausen (NRW). Seit dem 1.11.2017 bin ich im Auftrag des Bundesministeriums f\u00fcr Wirtschaftliche Entwicklung und Zusammenarbeit die Energiebeauftragte f\u00fcr Afrika. Diese Funktion \u00fcbernehme ich gemeinsam mit Josef G\u00f6ppel von der CSU, mit dem ich lange Jahre im Bundestag sa\u00df. Von 2005 bis 2017 &hellip; <\/p>\n<p class=\"link-more\"><a href=\"https:\/\/baerbel-hoehn.de\/de\/ueber-mich\/\" class=\"more-link\"><span class=\"screen-reader-text\">\u201e\u00dcber mich\u201c<\/span> weiterlesen<\/a><\/p>\n","protected":false},"author":2,"featured_media":0,"parent":0,"menu_order":1,"comment_status":"closed","ping_status":"closed","template":"","meta":{"footnotes":""},"class_list":["post-125","page","type-page","status-publish","hentry"],"yoast_head":"<!-- This site is optimized with the Yoast SEO plugin v26.8 - https:\/\/yoast.com\/product\/yoast-seo-wordpress\/ -->\n<title>\u00dcber mich - B\u00e4rbel H\u00f6hn<\/title>\n<meta name=\"robots\" content=\"index, follow, max-snippet:-1, max-image-preview:large, max-video-preview:-1\" \/>\n<link rel=\"canonical\" href=\"https:\/\/baerbel-hoehn.de\/de\/ueber-mich\/\" \/>\n<meta property=\"og:locale\" content=\"de_DE\" \/>\n<meta property=\"og:type\" content=\"article\" \/>\n<meta property=\"og:title\" content=\"\u00dcber mich - B\u00e4rbel H\u00f6hn\" \/>\n<meta property=\"og:description\" content=\"&nbsp; Ich bin B\u00e4rbel H\u00f6hn, Jahrgang 1952, und lebe seit 1978 in Oberhausen (NRW). Seit dem 1.11.2017 bin ich im Auftrag des Bundesministeriums f\u00fcr Wirtschaftliche Entwicklung und Zusammenarbeit die Energiebeauftragte f\u00fcr Afrika. Diese Funktion \u00fcbernehme ich gemeinsam mit Josef G\u00f6ppel von der CSU, mit dem ich lange Jahre im Bundestag sa\u00df. Von 2005 bis 2017 &hellip; \u201e\u00dcber mich\u201c weiterlesen\" \/>\n<meta property=\"og:url\" content=\"https:\/\/baerbel-hoehn.de\/de\/ueber-mich\/\" \/>\n<meta property=\"og:site_name\" content=\"B\u00e4rbel H\u00f6hn\" \/>\n<meta property=\"article:modified_time\" content=\"2022-02-01T11:25:01+00:00\" \/>\n<meta property=\"og:image\" content=\"https:\/\/baerbel-hoehn.de\/wp-content\/uploads\/2017\/10\/Hoehn695_3.jpg\" \/>\n<meta name=\"twitter:card\" content=\"summary_large_image\" \/>\n<script type=\"application\/ld+json\" class=\"yoast-schema-graph\">{\"@context\":\"https:\/\/schema.org\",\"@graph\":[{\"@type\":\"WebPage\",\"@id\":\"https:\/\/baerbel-hoehn.de\/de\/ueber-mich\/\",\"url\":\"https:\/\/baerbel-hoehn.de\/de\/ueber-mich\/\",\"name\":\"\u00dcber mich - B\u00e4rbel H\u00f6hn\",\"isPartOf\":{\"@id\":\"https:\/\/baerbel-hoehn.de\/de\/#website\"},\"primaryImageOfPage\":{\"@id\":\"https:\/\/baerbel-hoehn.de\/de\/ueber-mich\/#primaryimage\"},\"image\":{\"@id\":\"https:\/\/baerbel-hoehn.de\/de\/ueber-mich\/#primaryimage\"},\"thumbnailUrl\":\"https:\/\/baerbel-hoehn.de\/wp-content\/uploads\/2017\/10\/Hoehn695_3.jpg\",\"datePublished\":\"2017-10-25T13:20:16+00:00\",\"dateModified\":\"2022-02-01T11:25:01+00:00\",\"breadcrumb\":{\"@id\":\"https:\/\/baerbel-hoehn.de\/de\/ueber-mich\/#breadcrumb\"},\"inLanguage\":\"de\",\"potentialAction\":[{\"@type\":\"ReadAction\",\"target\":[\"https:\/\/baerbel-hoehn.de\/de\/ueber-mich\/\"]}]},{\"@type\":\"ImageObject\",\"inLanguage\":\"de\",\"@id\":\"https:\/\/baerbel-hoehn.de\/de\/ueber-mich\/#primaryimage\",\"url\":\"https:\/\/baerbel-hoehn.de\/wp-content\/uploads\/2017\/10\/Hoehn695_3.jpg\",\"contentUrl\":\"https:\/\/baerbel-hoehn.de\/wp-content\/uploads\/2017\/10\/Hoehn695_3.jpg\"},{\"@type\":\"BreadcrumbList\",\"@id\":\"https:\/\/baerbel-hoehn.de\/de\/ueber-mich\/#breadcrumb\",\"itemListElement\":[{\"@type\":\"ListItem\",\"position\":1,\"name\":\"Startseite\",\"item\":\"https:\/\/baerbel-hoehn.de\/de\/\"},{\"@type\":\"ListItem\",\"position\":2,\"name\":\"\u00dcber mich\"}]},{\"@type\":\"WebSite\",\"@id\":\"https:\/\/baerbel-hoehn.de\/de\/#website\",\"url\":\"https:\/\/baerbel-hoehn.de\/de\/\",\"name\":\"B\u00e4rbel H\u00f6hn\",\"description\":\"100 Percent Renewable Energies - For All!\",\"potentialAction\":[{\"@type\":\"SearchAction\",\"target\":{\"@type\":\"EntryPoint\",\"urlTemplate\":\"https:\/\/baerbel-hoehn.de\/de\/?s={search_term_string}\"},\"query-input\":{\"@type\":\"PropertyValueSpecification\",\"valueRequired\":true,\"valueName\":\"search_term_string\"}}],\"inLanguage\":\"de\"}]}<\/script>\n<!-- \/ Yoast SEO plugin. -->","yoast_head_json":{"title":"\u00dcber mich - B\u00e4rbel H\u00f6hn","robots":{"index":"index","follow":"follow","max-snippet":"max-snippet:-1","max-image-preview":"max-image-preview:large","max-video-preview":"max-video-preview:-1"},"canonical":"https:\/\/baerbel-hoehn.de\/de\/ueber-mich\/","og_locale":"de_DE","og_type":"article","og_title":"\u00dcber mich - B\u00e4rbel H\u00f6hn","og_description":"&nbsp; Ich bin B\u00e4rbel H\u00f6hn, Jahrgang 1952, und lebe seit 1978 in Oberhausen (NRW). Seit dem 1.11.2017 bin ich im Auftrag des Bundesministeriums f\u00fcr Wirtschaftliche Entwicklung und Zusammenarbeit die Energiebeauftragte f\u00fcr Afrika. Diese Funktion \u00fcbernehme ich gemeinsam mit Josef G\u00f6ppel von der CSU, mit dem ich lange Jahre im Bundestag sa\u00df. Von 2005 bis 2017 &hellip; \u201e\u00dcber mich\u201c weiterlesen","og_url":"https:\/\/baerbel-hoehn.de\/de\/ueber-mich\/","og_site_name":"B\u00e4rbel H\u00f6hn","article_modified_time":"2022-02-01T11:25:01+00:00","og_image":[{"url":"https:\/\/baerbel-hoehn.de\/wp-content\/uploads\/2017\/10\/Hoehn695_3.jpg","type":"","width":"","height":""}],"twitter_card":"summary_large_image","schema":{"@context":"https:\/\/schema.org","@graph":[{"@type":"WebPage","@id":"https:\/\/baerbel-hoehn.de\/de\/ueber-mich\/","url":"https:\/\/baerbel-hoehn.de\/de\/ueber-mich\/","name":"\u00dcber mich - B\u00e4rbel H\u00f6hn","isPartOf":{"@id":"https:\/\/baerbel-hoehn.de\/de\/#website"},"primaryImageOfPage":{"@id":"https:\/\/baerbel-hoehn.de\/de\/ueber-mich\/#primaryimage"},"image":{"@id":"https:\/\/baerbel-hoehn.de\/de\/ueber-mich\/#primaryimage"},"thumbnailUrl":"https:\/\/baerbel-hoehn.de\/wp-content\/uploads\/2017\/10\/Hoehn695_3.jpg","datePublished":"2017-10-25T13:20:16+00:00","dateModified":"2022-02-01T11:25:01+00:00","breadcrumb":{"@id":"https:\/\/baerbel-hoehn.de\/de\/ueber-mich\/#breadcrumb"},"inLanguage":"de","potentialAction":[{"@type":"ReadAction","target":["https:\/\/baerbel-hoehn.de\/de\/ueber-mich\/"]}]},{"@type":"ImageObject","inLanguage":"de","@id":"https:\/\/baerbel-hoehn.de\/de\/ueber-mich\/#primaryimage","url":"https:\/\/baerbel-hoehn.de\/wp-content\/uploads\/2017\/10\/Hoehn695_3.jpg","contentUrl":"https:\/\/baerbel-hoehn.de\/wp-content\/uploads\/2017\/10\/Hoehn695_3.jpg"},{"@type":"BreadcrumbList","@id":"https:\/\/baerbel-hoehn.de\/de\/ueber-mich\/#breadcrumb","itemListElement":[{"@type":"ListItem","position":1,"name":"Startseite","item":"https:\/\/baerbel-hoehn.de\/de\/"},{"@type":"ListItem","position":2,"name":"\u00dcber mich"}]},{"@type":"WebSite","@id":"https:\/\/baerbel-hoehn.de\/de\/#website","url":"https:\/\/baerbel-hoehn.de\/de\/","name":"B\u00e4rbel H\u00f6hn","description":"100 Percent Renewable Energies - For All!","potentialAction":[{"@type":"SearchAction","target":{"@type":"EntryPoint","urlTemplate":"https:\/\/baerbel-hoehn.de\/de\/?s={search_term_string}"},"query-input":{"@type":"PropertyValueSpecification","valueRequired":true,"valueName":"search_term_string"}}],"inLanguage":"de"}]}},"_links":{"self":[{"href":"https:\/\/baerbel-hoehn.de\/de\/wp-json\/wp\/v2\/pages\/125","targetHints":{"allow":["GET"]}}],"collection":[{"href":"https:\/\/baerbel-hoehn.de\/de\/wp-json\/wp\/v2\/pages"}],"about":[{"href":"https:\/\/baerbel-hoehn.de\/de\/wp-json\/wp\/v2\/types\/page"}],"author":[{"embeddable":true,"href":"https:\/\/baerbel-hoehn.de\/de\/wp-json\/wp\/v2\/users\/2"}],"replies":[{"embeddable":true,"href":"https:\/\/baerbel-hoehn.de\/de\/wp-json\/wp\/v2\/comments?post=125"}],"version-history":[{"count":11,"href":"https:\/\/baerbel-hoehn.de\/de\/wp-json\/wp\/v2\/pages\/125\/revisions"}],"predecessor-version":[{"id":230,"href":"https:\/\/baerbel-hoehn.de\/de\/wp-json\/wp\/v2\/pages\/125\/revisions\/230"}],"wp:attachment":[{"href":"https:\/\/baerbel-hoehn.de\/de\/wp-json\/wp\/v2\/media?parent=125"}],"curies":[{"name":"wp","href":"https:\/\/api.w.org\/{rel}","templated":true}]}}